{"id":90,"date":"2023-05-10T12:21:37","date_gmt":"2023-05-10T12:21:37","guid":{"rendered":"http:\/\/pitoonwp.pixydrops.com\/?page_id=90"},"modified":"2025-10-04T13:25:01","modified_gmt":"2025-10-04T10:25:01","slug":"mobilna-aplikacija","status":"publish","type":"page","link":"https:\/\/www.seocunuz.com.tr\/bs\/mobilna-aplikacija\/","title":{"rendered":"Mobilna aplikacija"},"content":{"rendered":"<div data-elementor-type=\"wp-page\" data-elementor-id=\"90\" class=\"elementor elementor-90\">\n\t\t\t\t\t\t<section class=\"elementor-section elementor-top-section elementor-element elementor-element-65c737d services-details elementor-section-boxed elementor-section-height-default elementor-section-height-default\" data-id=\"65c737d\" data-element_type=\"section\">\n\t\t\t\t\t\t<div class=\"elementor-container elementor-column-gap-no\">\n\t\t\t\t\t<div class=\"elementor-column elementor-col-50 elementor-top-column elementor-element elementor-element-e09a66d\" data-id=\"e09a66d\" data-element_type=\"column\">\n\t\t\t<div class=\"elementor-widget-wrap elementor-element-populated\">\n\t\t\t\t\t\t<div class=\"elementor-element elementor-element-3df7b2a elementor-widget elementor-widget-sidebar-nav\" data-id=\"3df7b2a\" data-element_type=\"widget\" data-widget_type=\"sidebar-nav.default\">\n\t\t\t\t<div class=\"elementor-widget-container\">\n\t\t\t\t\t    <div class=\"services-details__services-list\">\r\n                    <div class=\"services-details__services-title\">\r\n                <h3 class=\"\">Na\u0161e usluge<\/h3>            <\/div>\r\n                            <ul id=\"menu-service-menu\" class=\"services-details__services list-unstyled ml-0\"><li id=\"menu-item-1189\" class=\"menu-item menu-item-type-post_type menu-item-object-page menu-item-1189\"><a href=\"https:\/\/www.seocunuz.com.tr\/bs\/mobilna-aplikacija\/\">Mobilna aplikacija<\/a><\/li>\n<li id=\"menu-item-1187\" class=\"menu-item menu-item-type-post_type menu-item-object-page menu-item-1187\"><a href=\"https:\/\/www.seocunuz.com.tr\/bs\/digitalni-marketing\/\">Digitalni marketing<\/a><\/li>\n<li id=\"menu-item-1188\" class=\"menu-item menu-item-type-post_type menu-item-object-page menu-item-1188\"><a href=\"https:\/\/www.seocunuz.com.tr\/bs\/graficki-dizajn\/\">Grafi\u010dki dizajn<\/a><\/li>\n<li id=\"menu-item-1192\" class=\"menu-item menu-item-type-post_type menu-item-object-page menu-item-1192\"><a href=\"https:\/\/www.seocunuz.com.tr\/bs\/razvoj-web-stranica\/\">Razvoj web stranica<\/a><\/li>\n<li id=\"menu-item-1191\" class=\"menu-item menu-item-type-post_type menu-item-object-page menu-item-1191\"><a href=\"https:\/\/www.seocunuz.com.tr\/bs\/rad-na-drustvenim-mrezama\/\">Studije dru\u0161tvenih medija<\/a><\/li>\n<li id=\"menu-item-1190\" class=\"menu-item menu-item-type-post_type menu-item-object-page menu-item-1190\"><a href=\"https:\/\/www.seocunuz.com.tr\/bs\/seo-radovi\/\">SEO usluge<\/a><\/li>\n<\/ul>            <\/div>\r\n\r\n\t\t\t\t<\/div>\n\t\t\t\t<\/div>\n\t\t\t\t<div class=\"elementor-element elementor-element-058c936 elementor-widget elementor-widget-pitoon-sidebar-banner\" data-id=\"058c936\" data-element_type=\"widget\" data-widget_type=\"pitoon-sidebar-banner.default\">\n\t\t\t\t<div class=\"elementor-widget-container\">\n\t\t\t\t\t    <div class=\"banner-one\">\r\n        <div class=\"banner-one__shape-1\">\r\n            <img decoding=\"async\" src=\"https:\/\/www.seocunuz.com.tr\/wp-content\/uploads\/2023\/05\/banner-one-shape-1.png\" alt=\"banner-jednog-oblika-1\" title=\"banner-jednog-oblika-1\" >        <\/div>\r\n        <div class=\"banner-one__img\">\r\n            <img decoding=\"async\" src=\"https:\/\/www.seocunuz.com.tr\/wp-content\/uploads\/2023\/05\/banner-one-img.png\" alt=\"banner-one-img\" title=\"banner-one-img\" >        <\/div>\r\n        <h3 class=\"banner-one__title\">Digitalni <br> Marketing <br> Rje\u0161enja <br> Tra\u017ei\u0161 li?<\/h3>                    <div class=\"banner-one__btn-box\">\r\n                <a class=\"banner-one__btn thm-btn\" href=\"\/bs\/iletisim\/\"  >KOMUNIKACIJA<\/a>            <\/div>\r\n            <\/div>\r\n\r\n\t\t\t\t<\/div>\n\t\t\t\t<\/div>\n\t\t\t\t<div class=\"elementor-element elementor-element-b8b6f2c elementor-widget elementor-widget-pitoon-document\" data-id=\"b8b6f2c\" data-element_type=\"widget\" data-widget_type=\"pitoon-document.default\">\n\t\t\t\t<div class=\"elementor-widget-container\">\n\t\t\t\t\t            <div class=\"services-details__documents\">\r\n            <div class=\"icon\">\r\n                <span aria-hidden=\"true\" class=\"icon-pdf-file\"><\/span>            <\/div>\r\n            <div class=\"content\">\r\n                <h3>\r\n                    <a class=\"\" href=\"http:\/\/www.seocunuz.com.tr\/wp-content\/uploads\/2025\/10\/Time-SEO-Ajansi-Sunum.pdf\"  >Na\u0161 profil<\/a>                <\/h3>\r\n                <p class=\"\">2,5 MB<\/p>            <\/div>\r\n        <\/div>\r\n    \r\n\t\t\t\t<\/div>\n\t\t\t\t<\/div>\n\t\t\t\t\t<\/div>\n\t\t<\/div>\n\t\t\t\t<div class=\"elementor-column elementor-col-50 elementor-top-column elementor-element elementor-element-60729c3\" data-id=\"60729c3\" data-element_type=\"column\">\n\t\t\t<div class=\"elementor-widget-wrap elementor-element-populated\">\n\t\t\t\t\t\t<div class=\"elementor-element elementor-element-5f030f2 services-details__img elementor-widget elementor-widget-image\" data-id=\"5f030f2\" data-element_type=\"widget\" data-widget_type=\"image.default\">\n\t\t\t\t\t\t\t\t\t\t\t\t\t\t\t<img fetchpriority=\"high\" decoding=\"async\" width=\"770\" height=\"381\" src=\"https:\/\/www.seocunuz.com.tr\/wp-content\/uploads\/2023\/05\/services-details-img-1.jpg\" class=\"attachment-full size-full wp-image-1206\" alt=\"\" srcset=\"https:\/\/www.seocunuz.com.tr\/wp-content\/uploads\/2023\/05\/services-details-img-1.jpg 770w, https:\/\/www.seocunuz.com.tr\/wp-content\/uploads\/2023\/05\/services-details-img-1-570x282.jpg 570w, https:\/\/www.seocunuz.com.tr\/wp-content\/uploads\/2023\/05\/services-details-img-1-300x148.jpg 300w, https:\/\/www.seocunuz.com.tr\/wp-content\/uploads\/2023\/05\/services-details-img-1-768x380.jpg 768w\" sizes=\"(max-width: 770px) 100vw, 770px\" \/>\t\t\t\t\t\t\t\t\t\t\t\t\t\t\t<\/div>\n\t\t\t\t<div class=\"elementor-element elementor-element-ac3041c elementor-widget elementor-widget-heading\" data-id=\"ac3041c\" data-element_type=\"widget\" data-widget_type=\"heading.default\">\n\t\t\t\t\t<h2 class=\"elementor-heading-title elementor-size-default\">Razvoj mobilnih aplikacija<\/h2>\t\t\t\t<\/div>\n\t\t\t\t<div class=\"elementor-element elementor-element-7331030 elementor-widget elementor-widget-text-editor\" data-id=\"7331030\" data-element_type=\"widget\" data-widget_type=\"text-editor.default\">\n\t\t\t\t\t\t\t\t\t<p data-start=\"286\" data-end=\"726\">S obzirom na to da pametni telefoni postaju sastavni dio na\u0161ih \u017eivota, prisutnost u mobilnom svijetu postala je glavna potreba za tvrtke. Veliki postotak korisnika pristupa uslugama i proizvodima putem mobilnih ure\u0111aja i donosi odluke putem mobilnih aplikacija. U ovom trenutku, profesionalac... <strong data-start=\"619\" data-end=\"656\">usluga razvoja mobilnih aplikacija<\/strong>, Ovo je jedan od najva\u017enijih koraka u procesu digitalne transformacije va\u0161eg brenda.<\/p><p data-start=\"728\" data-end=\"1036\">U Time SEO-u razvijamo moderne, korisni\u010dki prilago\u0111ene i na performanse orijentisane mobilne aplikacije za iOS i Android platforme. Na\u0161 cilj nije samo dizajn estetski ugodnih aplikacija, ve\u0107 i kreiranje rje\u0161enja koja dodaju vrijednost va\u0161em brendu, pove\u0107avaju konverzije i daju prioritet korisni\u010dkom iskustvu.<\/p>\t\t\t\t\t\t\t\t<\/div>\n\t\t\t\t<div class=\"elementor-element elementor-element-80ad1b3 elementor-widget elementor-widget-text-editor\" data-id=\"80ad1b3\" data-element_type=\"widget\" data-widget_type=\"text-editor.default\">\n\t\t\t\t\t\t\t\t\t<p>Na\u0161 proces razvoja mobilnih aplikacija<\/p>\t\t\t\t\t\t\t\t<\/div>\n\t\t\t\t<div class=\"elementor-element elementor-element-e59479d elementor-widget elementor-widget-text-editor\" data-id=\"e59479d\" data-element_type=\"widget\" data-widget_type=\"text-editor.default\">\n\t\t\t\t\t\t\t\t\t<p data-start=\"1085\" data-end=\"1120\"><strong>1. Analiza potreba i strategija<\/strong><\/p><ul data-start=\"1121\" data-end=\"1304\"><li data-start=\"1121\" data-end=\"1203\"><p data-start=\"1123\" data-end=\"1203\">Bit \u0107e pripremljen plan implementacije koji je pogodan za va\u0161u industriju, ciljnu publiku i poslovni model.<\/p><\/li><li data-start=\"1204\" data-end=\"1304\"><p data-start=\"1206\" data-end=\"1304\">Strategija projekta se odre\u0111uje uzimaju\u0107i u obzir analizu konkurencije i navike korisnika.<\/p><\/li><\/ul><p data-start=\"1306\" data-end=\"1331\"><strong>2. UX i UI dizajn<\/strong><\/p><ul data-start=\"1332\" data-end=\"1473\"><li data-start=\"1332\" data-end=\"1389\"><p data-start=\"1334\" data-end=\"1389\">Kreirani su moderni i korisni\u010dki prilago\u0111eni dizajni interfejsa.<\/p><\/li><li data-start=\"1390\" data-end=\"1473\"><p data-start=\"1392\" data-end=\"1473\">Interakcije specifi\u010dne za mobilne ure\u0111aje i jednostavnost kori\u0161tenja su prioritet.<\/p><\/li><\/ul><p data-start=\"1475\" data-end=\"1502\"><strong>3. Razvoj softvera<\/strong><\/p><ul data-start=\"1503\" data-end=\"1660\"><li data-start=\"1503\" data-end=\"1605\"><p data-start=\"1505\" data-end=\"1605\">Nativno ili vi\u0161eplatformsko rje\u0161enje (Flutter, React Native, itd.) razvija se za iOS i Android.<\/p><\/li><li data-start=\"1606\" data-end=\"1660\"><p data-start=\"1608\" data-end=\"1660\">Obezbije\u0111ena je sigurna, brza i skalabilna infrastruktura.<\/p><\/li><\/ul><p data-start=\"1662\" data-end=\"1685\"><strong>4. Integracije<\/strong><\/p><ul data-start=\"1686\" data-end=\"1794\"><li data-start=\"1686\" data-end=\"1794\"><p data-start=\"1688\" data-end=\"1794\">Va\u0161i poslovni procesi su integrirani u aplikaciju putem CRM-a, ERP-a, e-trgovine, sistema pla\u0107anja i API veza.<\/p><\/li><\/ul><p data-start=\"1796\" data-end=\"1824\"><strong>5. Testiranje i optimizacija<\/strong><\/p><ul data-start=\"1825\" data-end=\"1967\"><li data-start=\"1825\" data-end=\"1903\"><p data-start=\"1827\" data-end=\"1903\">Aplikacija prolazi kroz detaljno testiranje na razli\u010ditim ure\u0111ajima i veli\u010dinama ekrana.<\/p><\/li><li data-start=\"1904\" data-end=\"1967\"><p data-start=\"1906\" data-end=\"1967\">Optimizacija se vr\u0161i kako bi se pobolj\u0161alo korisni\u010dko iskustvo.<\/p><\/li><\/ul><p data-start=\"1969\" data-end=\"1996\"><strong>6. Izdava\u0161tvo i podr\u0161ka<\/strong><\/p><ul data-start=\"1997\" data-end=\"2133\"><li data-start=\"1997\" data-end=\"2059\"><p data-start=\"1999\" data-end=\"2059\">Aplikacija \u0107e biti objavljena na App Storeu i Google Play Storeu.<\/p><\/li><li data-start=\"2060\" data-end=\"2133\"><p data-start=\"2062\" data-end=\"2133\">Obezbje\u0111uju se usluge odr\u017eavanja nakon objavljivanja, a\u017euriranja i tehni\u010dke podr\u0161ke.<\/p><\/li><\/ul>\t\t\t\t\t\t\t\t<\/div>\n\t\t\t\t<div class=\"elementor-element elementor-element-303afb6 elementor-widget elementor-widget-heading\" data-id=\"303afb6\" data-element_type=\"widget\" data-widget_type=\"heading.default\">\n\t\t\t\t\t<h2 class=\"elementor-heading-title elementor-size-default\">Za\u0161to odabrati agenciju Time SEO?<\/h2>\t\t\t\t<\/div>\n\t\t\t\t<div class=\"elementor-element elementor-element-a0666ba elementor-widget elementor-widget-pitoon-business-box\" data-id=\"a0666ba\" data-element_type=\"widget\" data-widget_type=\"pitoon-business-box.default\">\n\t\t\t\t<div class=\"elementor-widget-container\">\n\t\t\t\t\t    <ul class=\"services-details__points list-unstyled ml-0\">\r\n                    <li>\r\n                <div class=\"icon\">\r\n                    <span aria-hidden=\"true\" class=\"icon-copy-writing\"><\/span>                <\/div>\r\n                <div class=\"text\">\r\n                    <p class=\"service-details__business-title\">Neprestano<br>Razvoj<\/p>                <\/div>\r\n            <\/li>\r\n                    <li>\r\n                <div class=\"icon\">\r\n                    <span aria-hidden=\"true\" class=\"icon-conversion-rate\"><\/span>                <\/div>\r\n                <div class=\"text\">\r\n                    <p class=\"service-details__business-title service-details__business-title\">Stru\u010dnjak<br> Osoblje<\/p>                <\/div>\r\n            <\/li>\r\n                    <li>\r\n                <div class=\"icon\">\r\n                    <span aria-hidden=\"true\" class=\"icon-world\"><\/span>                <\/div>\r\n                <div class=\"text\">\r\n                    <p class=\"service-details__business-title service-details__business-title service-details__business-title\">Specijalno <br> Predstavnik<\/p>                <\/div>\r\n            <\/li>\r\n            <\/ul>\r\n\t\t\t\t<\/div>\n\t\t\t\t<\/div>\n\t\t\t\t<div class=\"elementor-element elementor-element-67082a9 elementor-widget elementor-widget-pitoon-benefit-box\" data-id=\"67082a9\" data-element_type=\"widget\" data-widget_type=\"pitoon-benefit-box.default\">\n\t\t\t\t<div class=\"elementor-widget-container\">\n\t\t\t\t\t    <div class=\"services-details__benefit\">\r\n        <div class=\"row\">\r\n            <div class=\"col-xl-6\">\r\n                <div class=\"services-details__benefit-img\">\r\n                    <img decoding=\"async\" src=\"https:\/\/www.seocunuz.com.tr\/wp-content\/uploads\/2023\/05\/services-details-benefit-img.jpg\" alt=\"detalji-o-uslugama-pogodnosti-img\" title=\"detalji-o-uslugama-pogodnosti-img\" >                <\/div>\r\n            <\/div>\r\n            <div class=\"col-xl-6\">\r\n                <div class=\"services-details__benefit-content\">\r\n                    <h3 class=\"services-details__benefit-title\">Na\u0161e prednosti<\/h3><p class=\"services-details__benefit-text\">U ovom dobu sve ve\u0107e upotrebe mobilnih ure\u0111aja, ne dozvolite da va\u0161e poslovanje zaostane.<\/p>                    <ul class=\"services-details__benefit-points list-unstyled ml-0\">\r\n                                                    <li>\r\n                                <div class=\"icon\">\r\n                                    <span aria-hidden=\"true\" class=\"fa fa-check\"><\/span>                                <\/div>\r\n                                <div class=\"text\">\r\n                                    <p class=\"\">Podr\u0161ka za dvije platforme<\/p>                                <\/div>\r\n                            <\/li>\r\n                                                    <li>\r\n                                <div class=\"icon\">\r\n                                    <span aria-hidden=\"true\" class=\"fa fa-check\"><\/span>                                <\/div>\r\n                                <div class=\"text\">\r\n                                    <p class=\"\">Dizajn prilago\u0111en korisniku<\/p>                                <\/div>\r\n                            <\/li>\r\n                                                    <li>\r\n                                <div class=\"icon\">\r\n                                    <span aria-hidden=\"true\" class=\"fa fa-check\"><\/span>                                <\/div>\r\n                                <div class=\"text\">\r\n                                    <p class=\"\">Odr\u017eiva podr\u0161ka<\/p>                                <\/div>\r\n                            <\/li>\r\n                                                    <li>\r\n                                <div class=\"icon\">\r\n                                    <span aria-hidden=\"true\" class=\"fa fa-check\"><\/span>                                <\/div>\r\n                                <div class=\"text\">\r\n                                    <p class=\"\">Iskustvo u industriji<\/p>                                <\/div>\r\n                            <\/li>\r\n                                            <\/ul>\r\n                <\/div>\r\n            <\/div>\r\n        <\/div>\r\n    <\/div>\r\n\t\t\t\t<\/div>\n\t\t\t\t<\/div>\n\t\t\t\t<div class=\"elementor-element elementor-element-d363f50 elementor-widget elementor-widget-pitoon-importance\" data-id=\"d363f50\" data-element_type=\"widget\" data-widget_type=\"pitoon-importance.default\">\n\t\t\t\t<div class=\"elementor-widget-container\">\n\t\t\t\t\t    <div class=\"services-details__importance\">\r\n        <div class=\"services-details__importance-shape-1\">\r\n            <img decoding=\"async\" src=\"https:\/\/www.seocunuz.com.tr\/wp-content\/uploads\/2023\/05\/services-details-importance-shape-1.png\" alt=\"detalji-o-uslugama-va\u017enost-oblik-1\" title=\"detalji-o-uslugama-va\u017enost-oblik-1\" >        <\/div>\r\n        <div class=\"services-details__importance-img\">\r\n            <img decoding=\"async\" src=\"https:\/\/www.seocunuz.com.tr\/wp-content\/uploads\/2023\/05\/services-details-importance-img.png\" alt=\"detalji-o-uslugama-va\u017enost-img\" title=\"detalji-o-uslugama-va\u017enost-img\" >        <\/div>\r\n        <div class=\"services-details__importance-title-box\">\r\n            <h3 class=\"services-details__importance-title\">Za rje\u0161enja prilago\u0111ena va\u0161im potrebama <br> \u010cekamo vas.<\/h3>                            <div class=\"services-details__importance-btn-box\">\r\n                    <a class=\"services-details__importance-btn\" href=\"tel:+902626061238\"  >KONTAKTIRAJTE NAS<\/a>                <\/div>\r\n            \r\n        <\/div>\r\n    <\/div>\r\n\t\t\t\t<\/div>\n\t\t\t\t<\/div>\n\t\t\t\t\t<\/div>\n\t\t<\/div>\n\t\t\t\t\t<\/div>\n\t\t<\/section>\n\t\t\t\t<\/div>","protected":false},"excerpt":{"rendered":"<p>Hizmetlerimiz Mobil Uygulama Dijital Pazarlama Grafik Tasar\u0131m Website Geli\u015ftirme Sosyal Medya \u00c7al\u0131\u015fmalar\u0131 SEO \u00c7al\u0131\u015fmalar\u0131 Dijital Pazarlama \u00c7\u00f6z\u00fcmleri mi Ar\u0131yorsunuz? \u0130LET\u0130\u015e\u0130M Tan\u0131t\u0131m Dosya\u0131m\u0131z 2.5 MB Mobil Uygulama Geli\u015ftirme Ak\u0131ll\u0131 telefonlar\u0131n hayat\u0131m\u0131z\u0131n ayr\u0131lmaz bir par\u00e7as\u0131 haline gelmesiyle birlikte, i\u015fletmeler i\u00e7in mobil d\u00fcnyada yer almak b\u00fcy\u00fck bir zorunluluk haline gelmi\u015ftir. Kullan\u0131c\u0131lar\u0131n b\u00fcy\u00fck bir b\u00f6l\u00fcm\u00fc hizmet ve \u00fcr\u00fcnlere mobil [&hellip;]<\/p>","protected":false},"author":1,"featured_media":0,"parent":0,"menu_order":0,"comment_status":"closed","ping_status":"closed","template":"elementor_header_footer","meta":{"footnotes":""},"class_list":["post-90","page","type-page","status-publish","hentry"],"_links":{"self":[{"href":"https:\/\/www.seocunuz.com.tr\/bs\/wp-json\/wp\/v2\/pages\/90","targetHints":{"allow":["GET"]}}],"collection":[{"href":"https:\/\/www.seocunuz.com.tr\/bs\/wp-json\/wp\/v2\/pages"}],"about":[{"href":"https:\/\/www.seocunuz.com.tr\/bs\/wp-json\/wp\/v2\/types\/page"}],"author":[{"embeddable":true,"href":"https:\/\/www.seocunuz.com.tr\/bs\/wp-json\/wp\/v2\/users\/1"}],"replies":[{"embeddable":true,"href":"https:\/\/www.seocunuz.com.tr\/bs\/wp-json\/wp\/v2\/comments?post=90"}],"version-history":[{"count":6,"href":"https:\/\/www.seocunuz.com.tr\/bs\/wp-json\/wp\/v2\/pages\/90\/revisions"}],"predecessor-version":[{"id":3727,"href":"https:\/\/www.seocunuz.com.tr\/bs\/wp-json\/wp\/v2\/pages\/90\/revisions\/3727"}],"wp:attachment":[{"href":"https:\/\/www.seocunuz.com.tr\/bs\/wp-json\/wp\/v2\/media?parent=90"}],"curies":[{"name":"wp","href":"https:\/\/api.w.org\/{rel}","templated":true}]}}