{"id":92,"date":"2023-05-10T12:22:54","date_gmt":"2023-05-10T12:22:54","guid":{"rendered":"http:\/\/pitoonwp.pixydrops.com\/?page_id=92"},"modified":"2025-10-04T13:18:26","modified_gmt":"2025-10-04T10:18:26","slug":"digitalni-marketing","status":"publish","type":"page","link":"https:\/\/www.seocunuz.com.tr\/bs\/digitalni-marketing\/","title":{"rendered":"Digitalni marketing"},"content":{"rendered":"<div data-elementor-type=\"wp-page\" data-elementor-id=\"92\" class=\"elementor elementor-92\">\n\t\t\t\t\t\t<section class=\"elementor-section elementor-top-section elementor-element elementor-element-2dc9f5e9 services-details elementor-section-boxed elementor-section-height-default elementor-section-height-default\" data-id=\"2dc9f5e9\" data-element_type=\"section\">\n\t\t\t\t\t\t<div class=\"elementor-container elementor-column-gap-no\">\n\t\t\t\t\t<div class=\"elementor-column elementor-col-50 elementor-top-column elementor-element elementor-element-5ae708e0\" data-id=\"5ae708e0\" data-element_type=\"column\">\n\t\t\t<div class=\"elementor-widget-wrap elementor-element-populated\">\n\t\t\t\t\t\t<div class=\"elementor-element elementor-element-2d291de elementor-widget elementor-widget-sidebar-nav\" data-id=\"2d291de\" data-element_type=\"widget\" data-widget_type=\"sidebar-nav.default\">\n\t\t\t\t<div class=\"elementor-widget-container\">\n\t\t\t\t\t    <div class=\"services-details__services-list\">\r\n                    <div class=\"services-details__services-title\">\r\n                <h3 class=\"\">Na\u0161e usluge<\/h3>            <\/div>\r\n                            <ul id=\"menu-service-menu\" class=\"services-details__services list-unstyled ml-0\"><li id=\"menu-item-1189\" class=\"menu-item menu-item-type-post_type menu-item-object-page menu-item-1189\"><a href=\"https:\/\/www.seocunuz.com.tr\/bs\/mobilna-aplikacija\/\">Mobilna aplikacija<\/a><\/li>\n<li id=\"menu-item-1187\" class=\"menu-item menu-item-type-post_type menu-item-object-page menu-item-1187\"><a href=\"https:\/\/www.seocunuz.com.tr\/bs\/digitalni-marketing\/\">Digitalni marketing<\/a><\/li>\n<li id=\"menu-item-1188\" class=\"menu-item menu-item-type-post_type menu-item-object-page menu-item-1188\"><a href=\"https:\/\/www.seocunuz.com.tr\/bs\/graficki-dizajn\/\">Grafi\u010dki dizajn<\/a><\/li>\n<li id=\"menu-item-1192\" class=\"menu-item menu-item-type-post_type menu-item-object-page menu-item-1192\"><a href=\"https:\/\/www.seocunuz.com.tr\/bs\/razvoj-web-stranica\/\">Razvoj web stranica<\/a><\/li>\n<li id=\"menu-item-1191\" class=\"menu-item menu-item-type-post_type menu-item-object-page menu-item-1191\"><a href=\"https:\/\/www.seocunuz.com.tr\/bs\/rad-na-drustvenim-mrezama\/\">Studije dru\u0161tvenih medija<\/a><\/li>\n<li id=\"menu-item-1190\" class=\"menu-item menu-item-type-post_type menu-item-object-page menu-item-1190\"><a href=\"https:\/\/www.seocunuz.com.tr\/bs\/seo-radovi\/\">SEO usluge<\/a><\/li>\n<\/ul>            <\/div>\r\n\r\n\t\t\t\t<\/div>\n\t\t\t\t<\/div>\n\t\t\t\t<div class=\"elementor-element elementor-element-b7c77db elementor-widget elementor-widget-pitoon-sidebar-banner\" data-id=\"b7c77db\" data-element_type=\"widget\" data-widget_type=\"pitoon-sidebar-banner.default\">\n\t\t\t\t<div class=\"elementor-widget-container\">\n\t\t\t\t\t    <div class=\"banner-one\">\r\n        <div class=\"banner-one__shape-1\">\r\n            <img decoding=\"async\" src=\"https:\/\/www.seocunuz.com.tr\/wp-content\/uploads\/2023\/05\/banner-one-shape-1.png\" alt=\"banner-jednog-oblika-1\" title=\"banner-jednog-oblika-1\" >        <\/div>\r\n        <div class=\"banner-one__img\">\r\n            <img decoding=\"async\" src=\"https:\/\/www.seocunuz.com.tr\/wp-content\/uploads\/2023\/05\/banner-one-img.png\" alt=\"banner-one-img\" title=\"banner-one-img\" >        <\/div>\r\n        <h3 class=\"banner-one__title\">Digitalni <br> Marketing <br> Rje\u0161enja <br> Tra\u017ei\u0161 li?<\/h3>                    <div class=\"banner-one__btn-box\">\r\n                <a class=\"banner-one__btn thm-btn\" href=\"\/bs\/iletisim\/\"  >KOMUNIKACIJA<\/a>            <\/div>\r\n            <\/div>\r\n\r\n\t\t\t\t<\/div>\n\t\t\t\t<\/div>\n\t\t\t\t<div class=\"elementor-element elementor-element-13f83e7 elementor-widget elementor-widget-pitoon-document\" data-id=\"13f83e7\" data-element_type=\"widget\" data-widget_type=\"pitoon-document.default\">\n\t\t\t\t<div class=\"elementor-widget-container\">\n\t\t\t\t\t            <div class=\"services-details__documents\">\r\n            <div class=\"icon\">\r\n                <span aria-hidden=\"true\" class=\"icon-pdf-file\"><\/span>            <\/div>\r\n            <div class=\"content\">\r\n                <h3>\r\n                    <a class=\"\" href=\"http:\/\/www.seocunuz.com.tr\/wp-content\/uploads\/2025\/10\/Time-SEO-Ajansi-Sunum.pdf\"  >Na\u0161 profil<\/a>                <\/h3>\r\n                <p class=\"\">2,5 MB<\/p>            <\/div>\r\n        <\/div>\r\n    \r\n\t\t\t\t<\/div>\n\t\t\t\t<\/div>\n\t\t\t\t\t<\/div>\n\t\t<\/div>\n\t\t\t\t<div class=\"elementor-column elementor-col-50 elementor-top-column elementor-element elementor-element-1c3f1d4d\" data-id=\"1c3f1d4d\" data-element_type=\"column\">\n\t\t\t<div class=\"elementor-widget-wrap elementor-element-populated\">\n\t\t\t\t\t\t<div class=\"elementor-element elementor-element-7fa6ae87 services-details__img elementor-widget elementor-widget-image\" data-id=\"7fa6ae87\" data-element_type=\"widget\" data-widget_type=\"image.default\">\n\t\t\t\t\t\t\t\t\t\t\t\t\t\t\t<img fetchpriority=\"high\" decoding=\"async\" width=\"770\" height=\"381\" src=\"https:\/\/www.seocunuz.com.tr\/wp-content\/uploads\/2023\/05\/services-details-img-2.jpg\" class=\"attachment-full size-full wp-image-1427\" alt=\"\" srcset=\"https:\/\/www.seocunuz.com.tr\/wp-content\/uploads\/2023\/05\/services-details-img-2.jpg 770w, https:\/\/www.seocunuz.com.tr\/wp-content\/uploads\/2023\/05\/services-details-img-2-570x282.jpg 570w, https:\/\/www.seocunuz.com.tr\/wp-content\/uploads\/2023\/05\/services-details-img-2-300x148.jpg 300w, https:\/\/www.seocunuz.com.tr\/wp-content\/uploads\/2023\/05\/services-details-img-2-768x380.jpg 768w\" sizes=\"(max-width: 770px) 100vw, 770px\" \/>\t\t\t\t\t\t\t\t\t\t\t\t\t\t\t<\/div>\n\t\t\t\t<div class=\"elementor-element elementor-element-6803d468 elementor-widget elementor-widget-heading\" data-id=\"6803d468\" data-element_type=\"widget\" data-widget_type=\"heading.default\">\n\t\t\t\t\t<h2 class=\"elementor-heading-title elementor-size-default\">Digitalni marketing<\/h2>\t\t\t\t<\/div>\n\t\t\t\t<div class=\"elementor-element elementor-element-3bcdb01 elementor-widget elementor-widget-text-editor\" data-id=\"3bcdb01\" data-element_type=\"widget\" data-widget_type=\"text-editor.default\">\n\t\t\t\t\t\t\t\t\t<p data-pm-slice=\"0 0 []\">Digitalni marketing je najefikasniji na\u010din da brendovi dopru do svoje ciljne publike. Mo\u017eete informirati vi\u0161e ljudi o svom brendu i zaraditi vi\u0161e novca putem ogla\u0161avanja. Poma\u017eemo preduze\u0107ima u njihovom online marketingu kreiranjem i upravljanjem oglasima na Google-u i drugim platformama.<\/p><p>\u017delimo da vidite na\u0161e oglase i da vidite koliko mo\u017eete u\u0161tedjeti njihovim recikliranjem. To \u010dinimo tako \u0161to vam poma\u017eemo da mudro koristite svoj novac i osiguravamo vam dobre rezultate.<\/p>\t\t\t\t\t\t\t\t<\/div>\n\t\t\t\t<div class=\"elementor-element elementor-element-2cd95c18 elementor-widget elementor-widget-text-editor\" data-id=\"2cd95c18\" data-element_type=\"widget\" data-widget_type=\"text-editor.default\">\n\t\t\t\t\t\t\t\t\t<p>\u0160ta dobijate digitalnim marketingom?<\/p>\t\t\t\t\t\t\t\t<\/div>\n\t\t\t\t<div class=\"elementor-element elementor-element-2d473bd1 elementor-widget elementor-widget-text-editor\" data-id=\"2d473bd1\" data-element_type=\"widget\" data-widget_type=\"text-editor.default\">\n\t\t\t\t\t\t\t\t\t<ul><li data-start=\"888\" data-end=\"985\"><p data-start=\"890\" data-end=\"985\"><strong data-start=\"890\" data-end=\"921\">Brza konverzija s Google oglasima:<\/strong> Brza i efikasna konverzija s modelima ogla\u0161avanja prilago\u0111enim va\u0161oj ni\u0161i.<\/p><\/li><li data-start=\"986\" data-end=\"1102\"><p data-start=\"988\" data-end=\"1102\"><strong data-start=\"988\" data-end=\"1016\">Ogla\u0161avanje na dru\u0161tvenim mre\u017eama:<\/strong> Dose\u017eemo milione s va\u0161im brendom i pove\u0107avamo konverzije putem oglasa na Facebooku, Instagramu, TikToku i LinkedInu.<\/p><\/li><li data-start=\"1103\" data-end=\"1224\"><p data-start=\"1105\" data-end=\"1224\"><strong data-start=\"1105\" data-end=\"1134\">Remarketing kampanje:<\/strong> Pove\u0107ajte konverzije prodaje ponovnim ciljanjem korisnika koji posje\u0107uju va\u0161u web stranicu.<\/p><\/li><li data-start=\"1225\" data-end=\"1340\"><p data-start=\"1227\" data-end=\"1340\"><strong data-start=\"1227\" data-end=\"1256\">Video i slikovni oglasi:<\/strong> Ispri\u010dajte pri\u010du o svom brendu sna\u017enim vizualima putem YouTubea i prikaznih oglasa.<\/p><\/li><li data-start=\"1341\" data-end=\"1448\"><p data-start=\"1343\" data-end=\"1448\"><strong data-start=\"1343\" data-end=\"1371\">Strategija usmjerena na transformaciju:<\/strong> Planiramo kampanje koje generiraju ne samo posjetitelje, ve\u0107 i stvarne kupce.<\/p><\/li><\/ul>\t\t\t\t\t\t\t\t<\/div>\n\t\t\t\t<div class=\"elementor-element elementor-element-6877b05 elementor-widget elementor-widget-heading\" data-id=\"6877b05\" data-element_type=\"widget\" data-widget_type=\"heading.default\">\n\t\t\t\t\t<h2 class=\"elementor-heading-title elementor-size-default\">Za\u0161to optimizacija vremena za SEO?<\/h2>\t\t\t\t<\/div>\n\t\t\t\t<div class=\"elementor-element elementor-element-712dda2 elementor-widget elementor-widget-pitoon-benefit-box\" data-id=\"712dda2\" data-element_type=\"widget\" data-widget_type=\"pitoon-benefit-box.default\">\n\t\t\t\t<div class=\"elementor-widget-container\">\n\t\t\t\t\t    <div class=\"services-details__benefit\">\r\n        <div class=\"row\">\r\n            <div class=\"col-xl-6\">\r\n                <div class=\"services-details__benefit-img\">\r\n                    <img decoding=\"async\" src=\"https:\/\/www.seocunuz.com.tr\/wp-content\/uploads\/2023\/05\/services-details-benefit-img.jpg\" alt=\"detalji-o-uslugama-pogodnosti-img\" title=\"detalji-o-uslugama-pogodnosti-img\" >                <\/div>\r\n            <\/div>\r\n            <div class=\"col-xl-6\">\r\n                <div class=\"services-details__benefit-content\">\r\n                    <h3 class=\"services-details__benefit-title\">Prednosti digitalnih marketin\u0161kih napora<\/h3><p class=\"services-details__benefit-text\">Uspjeh nije daleko uz Time SEO.<\/p>                    <ul class=\"services-details__benefit-points list-unstyled ml-0\">\r\n                                                    <li>\r\n                                <div class=\"icon\">\r\n                                    <span aria-hidden=\"true\" class=\"fa fa-check\"><\/span>                                <\/div>\r\n                                <div class=\"text\">\r\n                                    <p class=\"\">Ni\u017ee stope CBM-a<\/p>                                <\/div>\r\n                            <\/li>\r\n                                                    <li>\r\n                                <div class=\"icon\">\r\n                                    <span aria-hidden=\"true\" class=\"fa fa-check\"><\/span>                                <\/div>\r\n                                <div class=\"text\">\r\n                                    <p class=\"\">Visok ROI (visoka stopa konverzije)<\/p>                                <\/div>\r\n                            <\/li>\r\n                                                    <li>\r\n                                <div class=\"icon\">\r\n                                    <span aria-hidden=\"true\" class=\"fa fa-check\"><\/span>                                <\/div>\r\n                                <div class=\"text\">\r\n                                    <p class=\"\">Trajni uspjeh i stabilnost<\/p>                                <\/div>\r\n                            <\/li>\r\n                                                    <li>\r\n                                <div class=\"icon\">\r\n                                    <span aria-hidden=\"true\" class=\"fa fa-check\"><\/span>                                <\/div>\r\n                                <div class=\"text\">\r\n                                    <p class=\"\">Ja\u010di imid\u017e brenda<\/p>                                <\/div>\r\n                            <\/li>\r\n                                            <\/ul>\r\n                <\/div>\r\n            <\/div>\r\n        <\/div>\r\n    <\/div>\r\n\t\t\t\t<\/div>\n\t\t\t\t<\/div>\n\t\t\t\t<div class=\"elementor-element elementor-element-cc57124 elementor-widget elementor-widget-pitoon-importance\" data-id=\"cc57124\" data-element_type=\"widget\" data-widget_type=\"pitoon-importance.default\">\n\t\t\t\t<div class=\"elementor-widget-container\">\n\t\t\t\t\t    <div class=\"services-details__importance\">\r\n        <div class=\"services-details__importance-shape-1\">\r\n            <img decoding=\"async\" src=\"https:\/\/www.seocunuz.com.tr\/wp-content\/uploads\/2023\/05\/services-details-importance-shape-1.png\" alt=\"detalji-o-uslugama-va\u017enost-oblik-1\" title=\"detalji-o-uslugama-va\u017enost-oblik-1\" >        <\/div>\r\n        <div class=\"services-details__importance-img\">\r\n            <img decoding=\"async\" src=\"https:\/\/www.seocunuz.com.tr\/wp-content\/uploads\/2023\/05\/services-details-importance-img.png\" alt=\"detalji-o-uslugama-va\u017enost-img\" title=\"detalji-o-uslugama-va\u017enost-img\" >        <\/div>\r\n        <div class=\"services-details__importance-title-box\">\r\n            <h3 class=\"services-details__importance-title\">Za rje\u0161enja prilago\u0111ena va\u0161im potrebama <br> \u010cekamo vas.<\/h3>                            <div class=\"services-details__importance-btn-box\">\r\n                    <a class=\"services-details__importance-btn\" href=\"tel:+902626061238\"  >KONTAKTIRAJTE NAS<\/a>                <\/div>\r\n            \r\n        <\/div>\r\n    <\/div>\r\n\t\t\t\t<\/div>\n\t\t\t\t<\/div>\n\t\t\t\t\t<\/div>\n\t\t<\/div>\n\t\t\t\t\t<\/div>\n\t\t<\/section>\n\t\t\t\t<\/div>","protected":false},"excerpt":{"rendered":"<p>Hizmetlerimiz Mobil Uygulama Dijital Pazarlama Grafik Tasar\u0131m Website Geli\u015ftirme Sosyal Medya \u00c7al\u0131\u015fmalar\u0131 SEO \u00c7al\u0131\u015fmalar\u0131 Dijital Pazarlama \u00c7\u00f6z\u00fcmleri mi Ar\u0131yorsunuz? \u0130LET\u0130\u015e\u0130M Tan\u0131t\u0131m Dosya\u0131m\u0131z 2.5 MB Dijital Pazarlama Dijital pazarlama, markalar\u0131n hedef kitlelerine ula\u015fmalar\u0131 i\u00e7in en etkili y\u00f6ntemdir. Daha fazla insan\u0131 markan\u0131z hakk\u0131nda bilgilendirebilir ve reklam yaparak daha fazla para kazanabilirsiniz. Google ve di\u011fer platformlarda reklam olu\u015fturarak [&hellip;]<\/p>","protected":false},"author":1,"featured_media":0,"parent":0,"menu_order":0,"comment_status":"closed","ping_status":"closed","template":"elementor_header_footer","meta":{"footnotes":""},"class_list":["post-92","page","type-page","status-publish","hentry"],"_links":{"self":[{"href":"https:\/\/www.seocunuz.com.tr\/bs\/wp-json\/wp\/v2\/pages\/92","targetHints":{"allow":["GET"]}}],"collection":[{"href":"https:\/\/www.seocunuz.com.tr\/bs\/wp-json\/wp\/v2\/pages"}],"about":[{"href":"https:\/\/www.seocunuz.com.tr\/bs\/wp-json\/wp\/v2\/types\/page"}],"author":[{"embeddable":true,"href":"https:\/\/www.seocunuz.com.tr\/bs\/wp-json\/wp\/v2\/users\/1"}],"replies":[{"embeddable":true,"href":"https:\/\/www.seocunuz.com.tr\/bs\/wp-json\/wp\/v2\/comments?post=92"}],"version-history":[{"count":9,"href":"https:\/\/www.seocunuz.com.tr\/bs\/wp-json\/wp\/v2\/pages\/92\/revisions"}],"predecessor-version":[{"id":3699,"href":"https:\/\/www.seocunuz.com.tr\/bs\/wp-json\/wp\/v2\/pages\/92\/revisions\/3699"}],"wp:attachment":[{"href":"https:\/\/www.seocunuz.com.tr\/bs\/wp-json\/wp\/v2\/media?parent=92"}],"curies":[{"name":"wp","href":"https:\/\/api.w.org\/{rel}","templated":true}]}}