{"id":94,"date":"2023-05-10T12:24:13","date_gmt":"2023-05-10T12:24:13","guid":{"rendered":"http:\/\/pitoonwp.pixydrops.com\/?page_id=94"},"modified":"2025-10-04T13:20:25","modified_gmt":"2025-10-04T10:20:25","slug":"graficki-dizajn","status":"publish","type":"page","link":"https:\/\/www.seocunuz.com.tr\/bs\/graficki-dizajn\/","title":{"rendered":"Grafi\u010dki dizajn"},"content":{"rendered":"<div data-elementor-type=\"wp-page\" data-elementor-id=\"94\" class=\"elementor elementor-94\">\n\t\t\t\t\t\t<section class=\"elementor-section elementor-top-section elementor-element elementor-element-60da76a9 services-details elementor-section-boxed elementor-section-height-default elementor-section-height-default\" data-id=\"60da76a9\" data-element_type=\"section\">\n\t\t\t\t\t\t<div class=\"elementor-container elementor-column-gap-no\">\n\t\t\t\t\t<div class=\"elementor-column elementor-col-50 elementor-top-column elementor-element elementor-element-70e9ff93\" data-id=\"70e9ff93\" data-element_type=\"column\">\n\t\t\t<div class=\"elementor-widget-wrap elementor-element-populated\">\n\t\t\t\t\t\t<div class=\"elementor-element elementor-element-116c351 elementor-widget elementor-widget-sidebar-nav\" data-id=\"116c351\" data-element_type=\"widget\" data-widget_type=\"sidebar-nav.default\">\n\t\t\t\t<div class=\"elementor-widget-container\">\n\t\t\t\t\t    <div class=\"services-details__services-list\">\r\n                    <div class=\"services-details__services-title\">\r\n                <h3 class=\"\">Na\u0161e usluge<\/h3>            <\/div>\r\n                            <ul id=\"menu-service-menu\" class=\"services-details__services list-unstyled ml-0\"><li id=\"menu-item-1189\" class=\"menu-item menu-item-type-post_type menu-item-object-page menu-item-1189\"><a href=\"https:\/\/www.seocunuz.com.tr\/bs\/mobilna-aplikacija\/\">Mobilna aplikacija<\/a><\/li>\n<li id=\"menu-item-1187\" class=\"menu-item menu-item-type-post_type menu-item-object-page menu-item-1187\"><a href=\"https:\/\/www.seocunuz.com.tr\/bs\/digitalni-marketing\/\">Digitalni marketing<\/a><\/li>\n<li id=\"menu-item-1188\" class=\"menu-item menu-item-type-post_type menu-item-object-page menu-item-1188\"><a href=\"https:\/\/www.seocunuz.com.tr\/bs\/graficki-dizajn\/\">Grafi\u010dki dizajn<\/a><\/li>\n<li id=\"menu-item-1192\" class=\"menu-item menu-item-type-post_type menu-item-object-page menu-item-1192\"><a href=\"https:\/\/www.seocunuz.com.tr\/bs\/razvoj-web-stranica\/\">Razvoj web stranica<\/a><\/li>\n<li id=\"menu-item-1191\" class=\"menu-item menu-item-type-post_type menu-item-object-page menu-item-1191\"><a href=\"https:\/\/www.seocunuz.com.tr\/bs\/rad-na-drustvenim-mrezama\/\">Studije dru\u0161tvenih medija<\/a><\/li>\n<li id=\"menu-item-1190\" class=\"menu-item menu-item-type-post_type menu-item-object-page menu-item-1190\"><a href=\"https:\/\/www.seocunuz.com.tr\/bs\/seo-radovi\/\">SEO usluge<\/a><\/li>\n<\/ul>            <\/div>\r\n\r\n\t\t\t\t<\/div>\n\t\t\t\t<\/div>\n\t\t\t\t<div class=\"elementor-element elementor-element-352c51b elementor-widget elementor-widget-pitoon-sidebar-banner\" data-id=\"352c51b\" data-element_type=\"widget\" data-widget_type=\"pitoon-sidebar-banner.default\">\n\t\t\t\t<div class=\"elementor-widget-container\">\n\t\t\t\t\t    <div class=\"banner-one\">\r\n        <div class=\"banner-one__shape-1\">\r\n            <img decoding=\"async\" src=\"https:\/\/www.seocunuz.com.tr\/wp-content\/uploads\/2023\/05\/banner-one-shape-1.png\" alt=\"banner-jednog-oblika-1\" title=\"banner-jednog-oblika-1\" >        <\/div>\r\n        <div class=\"banner-one__img\">\r\n            <img decoding=\"async\" src=\"https:\/\/www.seocunuz.com.tr\/wp-content\/uploads\/2023\/05\/banner-one-img.png\" alt=\"banner-one-img\" title=\"banner-one-img\" >        <\/div>\r\n        <h3 class=\"banner-one__title\">Digitalni <br> Marketing <br> Rje\u0161enja <br> Tra\u017ei\u0161 li?<\/h3>                    <div class=\"banner-one__btn-box\">\r\n                <a class=\"banner-one__btn thm-btn\" href=\"\/bs\/iletisim\/\"  >KOMUNIKACIJA<\/a>            <\/div>\r\n            <\/div>\r\n\r\n\t\t\t\t<\/div>\n\t\t\t\t<\/div>\n\t\t\t\t<div class=\"elementor-element elementor-element-4dc8eea elementor-widget elementor-widget-pitoon-document\" data-id=\"4dc8eea\" data-element_type=\"widget\" data-widget_type=\"pitoon-document.default\">\n\t\t\t\t<div class=\"elementor-widget-container\">\n\t\t\t\t\t            <div class=\"services-details__documents\">\r\n            <div class=\"icon\">\r\n                <span aria-hidden=\"true\" class=\"icon-pdf-file\"><\/span>            <\/div>\r\n            <div class=\"content\">\r\n                <h3>\r\n                    <a class=\"\" href=\"http:\/\/www.seocunuz.com.tr\/wp-content\/uploads\/2025\/10\/Time-SEO-Ajansi-Sunum.pdf\"  >Na\u0161 profil<\/a>                <\/h3>\r\n                <p class=\"\">2,5 MB<\/p>            <\/div>\r\n        <\/div>\r\n    \r\n\t\t\t\t<\/div>\n\t\t\t\t<\/div>\n\t\t\t\t\t<\/div>\n\t\t<\/div>\n\t\t\t\t<div class=\"elementor-column elementor-col-50 elementor-top-column elementor-element elementor-element-26fc91d7\" data-id=\"26fc91d7\" data-element_type=\"column\">\n\t\t\t<div class=\"elementor-widget-wrap elementor-element-populated\">\n\t\t\t\t\t\t<div class=\"elementor-element elementor-element-65f2b787 services-details__img elementor-widget elementor-widget-image\" data-id=\"65f2b787\" data-element_type=\"widget\" data-widget_type=\"image.default\">\n\t\t\t\t\t\t\t\t\t\t\t\t\t\t\t<img fetchpriority=\"high\" decoding=\"async\" width=\"770\" height=\"381\" src=\"https:\/\/www.seocunuz.com.tr\/wp-content\/uploads\/2023\/05\/services-details-img-3.jpg\" class=\"attachment-full size-full wp-image-1431\" alt=\"\" srcset=\"https:\/\/www.seocunuz.com.tr\/wp-content\/uploads\/2023\/05\/services-details-img-3.jpg 770w, https:\/\/www.seocunuz.com.tr\/wp-content\/uploads\/2023\/05\/services-details-img-3-570x282.jpg 570w, https:\/\/www.seocunuz.com.tr\/wp-content\/uploads\/2023\/05\/services-details-img-3-300x148.jpg 300w, https:\/\/www.seocunuz.com.tr\/wp-content\/uploads\/2023\/05\/services-details-img-3-768x380.jpg 768w\" sizes=\"(max-width: 770px) 100vw, 770px\" \/>\t\t\t\t\t\t\t\t\t\t\t\t\t\t\t<\/div>\n\t\t\t\t<div class=\"elementor-element elementor-element-17ed2d7f elementor-widget elementor-widget-heading\" data-id=\"17ed2d7f\" data-element_type=\"widget\" data-widget_type=\"heading.default\">\n\t\t\t\t\t<h2 class=\"elementor-heading-title elementor-size-default\">Usluga grafi\u010dkog dizajna<\/h2>\t\t\t\t<\/div>\n\t\t\t\t<div class=\"elementor-element elementor-element-6b2d657f elementor-widget elementor-widget-text-editor\" data-id=\"6b2d657f\" data-element_type=\"widget\" data-widget_type=\"text-editor.default\">\n\t\t\t\t\t\t\t\t\t<p data-pm-slice=\"0 0 []\">Online prisustvo va\u0161eg brenda po\u010dinje njegovim izgledom. Profesionalni grafi\u010dki dizajn, od va\u0161eg logotipa i slika za dru\u0161tvene mre\u017ee do kataloga i reklamnih postera, \u010dini va\u0161 brend ja\u010dim i uticajnijim.<\/p><p>Mi smo Time SEO, kompanija koja kreira grafi\u010dke dizajne za va\u0161 brend. Na\u0161 kreativni tim stvara nove, jedinstvene i upe\u010datljive dizajne. Osiguravamo da va\u0161i dizajni izgledaju sjajno, a istovremeno uzimamo u obzir i kako prenose poruku va\u0161eg brenda.<\/p>\t\t\t\t\t\t\t\t<\/div>\n\t\t\t\t<div class=\"elementor-element elementor-element-1ad55ed2 elementor-widget elementor-widget-text-editor\" data-id=\"1ad55ed2\" data-element_type=\"widget\" data-widget_type=\"text-editor.default\">\n\t\t\t\t\t\t\t\t\t<p>\u0160ta mo\u017eete dobiti od grafi\u010dkog dizajna?<\/p>\t\t\t\t\t\t\t\t<\/div>\n\t\t\t\t<div class=\"elementor-element elementor-element-4e4db42a elementor-widget elementor-widget-text-editor\" data-id=\"4e4db42a\" data-element_type=\"widget\" data-widget_type=\"text-editor.default\">\n\t\t\t\t\t\t\t\t\t<p data-pm-slice=\"0 0 []\">Kreiramo Va\u0161 profesionalni identitet rade\u0107i na korporativnom identitetu i korporativnom jeziku.<\/p><p>Kreiramo nove slike i oglase za Instagram, Facebook, LinkedIn i druge stranice.<\/p><p>Dizajn ogla\u0161avanja i kampanja: Izra\u0111ujemo upe\u010datljive banere, postere i video grafiku za Google oglase i oglase na dru\u0161tvenim mre\u017eama.<\/p>\t\t\t\t\t\t\t\t<\/div>\n\t\t\t\t<div class=\"elementor-element elementor-element-58c2bd81 elementor-widget elementor-widget-heading\" data-id=\"58c2bd81\" data-element_type=\"widget\" data-widget_type=\"heading.default\">\n\t\t\t\t\t<h2 class=\"elementor-heading-title elementor-size-default\">Za\u0161to odabrati agenciju Time SEO?<\/h2>\t\t\t\t<\/div>\n\t\t\t\t<div class=\"elementor-element elementor-element-7d413b76 elementor-widget elementor-widget-pitoon-business-box\" data-id=\"7d413b76\" data-element_type=\"widget\" data-widget_type=\"pitoon-business-box.default\">\n\t\t\t\t<div class=\"elementor-widget-container\">\n\t\t\t\t\t    <ul class=\"services-details__points list-unstyled ml-0\">\r\n                    <li>\r\n                <div class=\"icon\">\r\n                    <span aria-hidden=\"true\" class=\"icon-copy-writing\"><\/span>                <\/div>\r\n                <div class=\"text\">\r\n                    <p class=\"service-details__business-title\">Sadr\u017eaj <br> Razvoj<\/p>                <\/div>\r\n            <\/li>\r\n                    <li>\r\n                <div class=\"icon\">\r\n                    <span aria-hidden=\"true\" class=\"icon-conversion-rate\"><\/span>                <\/div>\r\n                <div class=\"text\">\r\n                    <p class=\"service-details__business-title service-details__business-title\">Original <br> Sadr\u017eaj<\/p>                <\/div>\r\n            <\/li>\r\n                    <li>\r\n                <div class=\"icon\">\r\n                    <span aria-hidden=\"true\" class=\"icon-world\"><\/span>                <\/div>\r\n                <div class=\"text\">\r\n                    <p class=\"service-details__business-title service-details__business-title service-details__business-title\">Institucionalni <br> Identitet<\/p>                <\/div>\r\n            <\/li>\r\n            <\/ul>\r\n\t\t\t\t<\/div>\n\t\t\t\t<\/div>\n\t\t\t\t<div class=\"elementor-element elementor-element-3982755 elementor-widget elementor-widget-pitoon-benefit-box\" data-id=\"3982755\" data-element_type=\"widget\" data-widget_type=\"pitoon-benefit-box.default\">\n\t\t\t\t<div class=\"elementor-widget-container\">\n\t\t\t\t\t    <div class=\"services-details__benefit\">\r\n        <div class=\"row\">\r\n            <div class=\"col-xl-6\">\r\n                <div class=\"services-details__benefit-img\">\r\n                    <img decoding=\"async\" src=\"https:\/\/www.seocunuz.com.tr\/wp-content\/uploads\/2023\/05\/services-details-benefit-img.jpg\" alt=\"detalji-o-uslugama-pogodnosti-img\" title=\"detalji-o-uslugama-pogodnosti-img\" >                <\/div>\r\n            <\/div>\r\n            <div class=\"col-xl-6\">\r\n                <div class=\"services-details__benefit-content\">\r\n                    <h3 class=\"services-details__benefit-title\">Prednosti rada u grafi\u010dkom dizajnu<\/h3><p class=\"services-details__benefit-text\">Uspjeh nije daleko uz Time SEO.<\/p>                    <ul class=\"services-details__benefit-points list-unstyled ml-0\">\r\n                                                    <li>\r\n                                <div class=\"icon\">\r\n                                    <span aria-hidden=\"true\" class=\"fa fa-check\"><\/span>                                <\/div>\r\n                                <div class=\"text\">\r\n                                    <p class=\"\">Kontinuirano pobolj\u0161anje<\/p>                                <\/div>\r\n                            <\/li>\r\n                                                    <li>\r\n                                <div class=\"icon\">\r\n                                    <span aria-hidden=\"true\" class=\"fa fa-check\"><\/span>                                <\/div>\r\n                                <div class=\"text\">\r\n                                    <p class=\"\">Originalni sadr\u017eaj<\/p>                                <\/div>\r\n                            <\/li>\r\n                                                    <li>\r\n                                <div class=\"icon\">\r\n                                    <span aria-hidden=\"true\" class=\"fa fa-check\"><\/span>                                <\/div>\r\n                                <div class=\"text\">\r\n                                    <p class=\"\">Trajni uspjeh i stabilnost<\/p>                                <\/div>\r\n                            <\/li>\r\n                                                    <li>\r\n                                <div class=\"icon\">\r\n                                    <span aria-hidden=\"true\" class=\"fa fa-check\"><\/span>                                <\/div>\r\n                                <div class=\"text\">\r\n                                    <p class=\"\">Ja\u010di imid\u017e brenda<\/p>                                <\/div>\r\n                            <\/li>\r\n                                            <\/ul>\r\n                <\/div>\r\n            <\/div>\r\n        <\/div>\r\n    <\/div>\r\n\t\t\t\t<\/div>\n\t\t\t\t<\/div>\n\t\t\t\t<div class=\"elementor-element elementor-element-b52e040 elementor-widget elementor-widget-pitoon-importance\" data-id=\"b52e040\" data-element_type=\"widget\" data-widget_type=\"pitoon-importance.default\">\n\t\t\t\t<div class=\"elementor-widget-container\">\n\t\t\t\t\t    <div class=\"services-details__importance\">\r\n        <div class=\"services-details__importance-shape-1\">\r\n            <img decoding=\"async\" src=\"https:\/\/www.seocunuz.com.tr\/wp-content\/uploads\/2023\/05\/services-details-importance-shape-1.png\" alt=\"detalji-o-uslugama-va\u017enost-oblik-1\" title=\"detalji-o-uslugama-va\u017enost-oblik-1\" >        <\/div>\r\n        <div class=\"services-details__importance-img\">\r\n            <img decoding=\"async\" src=\"https:\/\/www.seocunuz.com.tr\/wp-content\/uploads\/2023\/05\/services-details-importance-img.png\" alt=\"detalji-o-uslugama-va\u017enost-img\" title=\"detalji-o-uslugama-va\u017enost-img\" >        <\/div>\r\n        <div class=\"services-details__importance-title-box\">\r\n            <h3 class=\"services-details__importance-title\">Za rje\u0161enja prilago\u0111ena va\u0161im potrebama <br> \u010cekamo vas.<\/h3>                            <div class=\"services-details__importance-btn-box\">\r\n                    <a class=\"services-details__importance-btn\" href=\"tel:+902626061238\"  >KONTAKTIRAJTE NAS<\/a>                <\/div>\r\n            \r\n        <\/div>\r\n    <\/div>\r\n\t\t\t\t<\/div>\n\t\t\t\t<\/div>\n\t\t\t\t\t<\/div>\n\t\t<\/div>\n\t\t\t\t\t<\/div>\n\t\t<\/section>\n\t\t\t\t<\/div>","protected":false},"excerpt":{"rendered":"<p>Hizmetlerimiz Mobil Uygulama Dijital Pazarlama Grafik Tasar\u0131m Website Geli\u015ftirme Sosyal Medya \u00c7al\u0131\u015fmalar\u0131 SEO \u00c7al\u0131\u015fmalar\u0131 Dijital Pazarlama \u00c7\u00f6z\u00fcmleri mi Ar\u0131yorsunuz? \u0130LET\u0130\u015e\u0130M Tan\u0131t\u0131m Dosya\u0131m\u0131z 2.5 MB Grafik Tasar\u0131m Hizmeti Markan\u0131z\u0131n \u00e7evrimi\u00e7i d\u00fcnyadaki g\u00f6r\u00fcnt\u00fcs\u00fc nas\u0131l g\u00f6r\u00fcnd\u00fc\u011f\u00fc ile ba\u015flar. Profesyonel grafik tasar\u0131m \u00e7al\u0131\u015fmalar\u0131; Logonuzdan sosyal medya g\u00f6r\u00fcnt\u00fclerine, kataloglardan reklam afi\u015flerine kadar, markan\u0131z\u0131 daha g\u00fc\u00e7l\u00fc ve etkileyici hale getirir. Markan\u0131z [&hellip;]<\/p>","protected":false},"author":1,"featured_media":0,"parent":0,"menu_order":0,"comment_status":"closed","ping_status":"closed","template":"elementor_header_footer","meta":{"footnotes":""},"class_list":["post-94","page","type-page","status-publish","hentry"],"_links":{"self":[{"href":"https:\/\/www.seocunuz.com.tr\/bs\/wp-json\/wp\/v2\/pages\/94","targetHints":{"allow":["GET"]}}],"collection":[{"href":"https:\/\/www.seocunuz.com.tr\/bs\/wp-json\/wp\/v2\/pages"}],"about":[{"href":"https:\/\/www.seocunuz.com.tr\/bs\/wp-json\/wp\/v2\/types\/page"}],"author":[{"embeddable":true,"href":"https:\/\/www.seocunuz.com.tr\/bs\/wp-json\/wp\/v2\/users\/1"}],"replies":[{"embeddable":true,"href":"https:\/\/www.seocunuz.com.tr\/bs\/wp-json\/wp\/v2\/comments?post=94"}],"version-history":[{"count":9,"href":"https:\/\/www.seocunuz.com.tr\/bs\/wp-json\/wp\/v2\/pages\/94\/revisions"}],"predecessor-version":[{"id":3701,"href":"https:\/\/www.seocunuz.com.tr\/bs\/wp-json\/wp\/v2\/pages\/94\/revisions\/3701"}],"wp:attachment":[{"href":"https:\/\/www.seocunuz.com.tr\/bs\/wp-json\/wp\/v2\/media?parent=94"}],"curies":[{"name":"wp","href":"https:\/\/api.w.org\/{rel}","templated":true}]}}