{"id":96,"date":"2023-05-10T12:24:56","date_gmt":"2023-05-10T12:24:56","guid":{"rendered":"http:\/\/pitoonwp.pixydrops.com\/?page_id=96"},"modified":"2025-10-04T13:33:19","modified_gmt":"2025-10-04T10:33:19","slug":"webseitenentwicklung","status":"publish","type":"page","link":"https:\/\/www.seocunuz.com.tr\/de\/webseitenentwicklung\/","title":{"rendered":"Webseitenentwicklung"},"content":{"rendered":"<div data-elementor-type=\"wp-page\" data-elementor-id=\"96\" class=\"elementor elementor-96\">\n\t\t\t\t\t\t<section class=\"elementor-section elementor-top-section elementor-element elementor-element-31d3a19b services-details elementor-section-boxed elementor-section-height-default elementor-section-height-default\" data-id=\"31d3a19b\" data-element_type=\"section\">\n\t\t\t\t\t\t<div class=\"elementor-container elementor-column-gap-no\">\n\t\t\t\t\t<div class=\"elementor-column elementor-col-50 elementor-top-column elementor-element elementor-element-189ed839\" data-id=\"189ed839\" data-element_type=\"column\">\n\t\t\t<div class=\"elementor-widget-wrap elementor-element-populated\">\n\t\t\t\t\t\t<div class=\"elementor-element elementor-element-3e6fc74 elementor-widget elementor-widget-sidebar-nav\" data-id=\"3e6fc74\" data-element_type=\"widget\" data-widget_type=\"sidebar-nav.default\">\n\t\t\t\t<div class=\"elementor-widget-container\">\n\t\t\t\t\t    <div class=\"services-details__services-list\">\r\n                    <div class=\"services-details__services-title\">\r\n                <h3 class=\"\">Unsere Dienstleistungen<\/h3>            <\/div>\r\n                            <ul id=\"menu-service-menu\" class=\"services-details__services list-unstyled ml-0\"><li id=\"menu-item-1189\" class=\"menu-item menu-item-type-post_type menu-item-object-page menu-item-1189\"><a href=\"https:\/\/www.seocunuz.com.tr\/de\/mobile-anwendung\/\">Mobile Anwendung<\/a><\/li>\n<li id=\"menu-item-1187\" class=\"menu-item menu-item-type-post_type menu-item-object-page menu-item-1187\"><a href=\"https:\/\/www.seocunuz.com.tr\/de\/digitales-marketing\/\">Digitales Marketing<\/a><\/li>\n<li id=\"menu-item-1188\" class=\"menu-item menu-item-type-post_type menu-item-object-page menu-item-1188\"><a href=\"https:\/\/www.seocunuz.com.tr\/de\/grafikdesign\/\">Grafikdesign<\/a><\/li>\n<li id=\"menu-item-1192\" class=\"menu-item menu-item-type-post_type menu-item-object-page menu-item-1192\"><a href=\"https:\/\/www.seocunuz.com.tr\/de\/webseitenentwicklung\/\">Webseitenentwicklung<\/a><\/li>\n<li id=\"menu-item-1191\" class=\"menu-item menu-item-type-post_type menu-item-object-page menu-item-1191\"><a href=\"https:\/\/www.seocunuz.com.tr\/de\/social-media-arbeiten\/\">Social-Media-Studien<\/a><\/li>\n<li id=\"menu-item-1190\" class=\"menu-item menu-item-type-post_type menu-item-object-page menu-item-1190\"><a href=\"https:\/\/www.seocunuz.com.tr\/de\/seo-arbeiten\/\">SEO-Dienstleistungen<\/a><\/li>\n<\/ul>            <\/div>\r\n\r\n\t\t\t\t<\/div>\n\t\t\t\t<\/div>\n\t\t\t\t<div class=\"elementor-element elementor-element-d2e1224 elementor-widget elementor-widget-pitoon-sidebar-banner\" data-id=\"d2e1224\" data-element_type=\"widget\" data-widget_type=\"pitoon-sidebar-banner.default\">\n\t\t\t\t<div class=\"elementor-widget-container\">\n\t\t\t\t\t    <div class=\"banner-one\">\r\n        <div class=\"banner-one__shape-1\">\r\n            <img decoding=\"async\" src=\"https:\/\/www.seocunuz.com.tr\/wp-content\/uploads\/2023\/05\/banner-one-shape-1.png\" alt=\"Banner-Eins-Form-1\" title=\"Banner-Eins-Form-1\" >        <\/div>\r\n        <div class=\"banner-one__img\">\r\n            <img decoding=\"async\" src=\"https:\/\/www.seocunuz.com.tr\/wp-content\/uploads\/2023\/05\/banner-one-img.png\" alt=\"Banner-eins-Bild\" title=\"Banner-eins-Bild\" >        <\/div>\r\n        <h3 class=\"banner-one__title\">Digital <br> Marketing <br> L\u00f6sungen <br> Suchen Sie nach?<\/h3>                    <div class=\"banner-one__btn-box\">\r\n                <a class=\"banner-one__btn thm-btn\" href=\"\/de\/iletisim\/\"  >KOMMUNIKATION<\/a>            <\/div>\r\n            <\/div>\r\n\r\n\t\t\t\t<\/div>\n\t\t\t\t<\/div>\n\t\t\t\t<div class=\"elementor-element elementor-element-c0ce9cd elementor-widget elementor-widget-pitoon-document\" data-id=\"c0ce9cd\" data-element_type=\"widget\" data-widget_type=\"pitoon-document.default\">\n\t\t\t\t<div class=\"elementor-widget-container\">\n\t\t\t\t\t            <div class=\"services-details__documents\">\r\n            <div class=\"icon\">\r\n                <span aria-hidden=\"true\" class=\"icon-pdf-file\"><\/span>            <\/div>\r\n            <div class=\"content\">\r\n                <h3>\r\n                    <a class=\"\" href=\"http:\/\/www.seocunuz.com.tr\/wp-content\/uploads\/2025\/10\/Time-SEO-Ajansi-Sunum.pdf\"  >Unser Profil<\/a>                <\/h3>\r\n                <p class=\"\">2,5 MB<\/p>            <\/div>\r\n        <\/div>\r\n    \r\n\t\t\t\t<\/div>\n\t\t\t\t<\/div>\n\t\t\t\t\t<\/div>\n\t\t<\/div>\n\t\t\t\t<div class=\"elementor-column elementor-col-50 elementor-top-column elementor-element elementor-element-2d448f48\" data-id=\"2d448f48\" data-element_type=\"column\">\n\t\t\t<div class=\"elementor-widget-wrap elementor-element-populated\">\n\t\t\t\t\t\t<div class=\"elementor-element elementor-element-6af82a6 services-details__img elementor-widget elementor-widget-image\" data-id=\"6af82a6\" data-element_type=\"widget\" data-widget_type=\"image.default\">\n\t\t\t\t\t\t\t\t\t\t\t\t\t\t\t<img fetchpriority=\"high\" decoding=\"async\" width=\"770\" height=\"381\" src=\"https:\/\/www.seocunuz.com.tr\/wp-content\/uploads\/2023\/05\/services-details-img-4.jpg\" class=\"attachment-full size-full wp-image-1443\" alt=\"\" srcset=\"https:\/\/www.seocunuz.com.tr\/wp-content\/uploads\/2023\/05\/services-details-img-4.jpg 770w, https:\/\/www.seocunuz.com.tr\/wp-content\/uploads\/2023\/05\/services-details-img-4-570x282.jpg 570w, https:\/\/www.seocunuz.com.tr\/wp-content\/uploads\/2023\/05\/services-details-img-4-300x148.jpg 300w, https:\/\/www.seocunuz.com.tr\/wp-content\/uploads\/2023\/05\/services-details-img-4-768x380.jpg 768w\" sizes=\"(max-width: 770px) 100vw, 770px\" \/>\t\t\t\t\t\t\t\t\t\t\t\t\t\t\t<\/div>\n\t\t\t\t<div class=\"elementor-element elementor-element-5c13db11 elementor-widget elementor-widget-heading\" data-id=\"5c13db11\" data-element_type=\"widget\" data-widget_type=\"heading.default\">\n\t\t\t\t\t<h2 class=\"elementor-heading-title elementor-size-default\">Webseitenentwicklung<\/h2>\t\t\t\t<\/div>\n\t\t\t\t<div class=\"elementor-element elementor-element-628abb4d elementor-widget elementor-widget-text-editor\" data-id=\"628abb4d\" data-element_type=\"widget\" data-widget_type=\"text-editor.default\">\n\t\t\t\t\t\t\t\t\t<p>Unternehmen ben\u00f6tigen eine gute Website, um ihre Online-Pr\u00e4senz zu demonstrieren. Ein gutes Design allein gen\u00fcgt nicht; die Website muss au\u00dferdem schnell, benutzerfreundlich auf Mobilger\u00e4ten und suchmaschinenoptimiert sein. <strong>Webseitenentwicklung<\/strong> Wir unterst\u00fctzen Sie gerne bei Ihrer Website, wenn Sie unsere Dienstleistungen ben\u00f6tigen. Unser Ziel ist es, eine Website zu erstellen, die zu Ihrer Markenvision passt und Ihnen hilft, Ihre langfristigen Ziele zu erreichen.<\/p>\t\t\t\t\t\t\t\t<\/div>\n\t\t\t\t<div class=\"elementor-element elementor-element-b5256b6 elementor-widget elementor-widget-text-editor\" data-id=\"b5256b6\" data-element_type=\"widget\" data-widget_type=\"text-editor.default\">\n\t\t\t\t\t\t\t\t\t<p>Was bieten wir im Bereich Webdesign und -entwicklung an?<\/p>\t\t\t\t\t\t\t\t<\/div>\n\t\t\t\t<div class=\"elementor-element elementor-element-2c32781c elementor-widget elementor-widget-text-editor\" data-id=\"2c32781c\" data-element_type=\"widget\" data-widget_type=\"text-editor.default\">\n\t\t\t\t\t\t\t\t\t<p>Wir erstellen benutzerfreundliche, trendorientierte Grafiken, die perfekt zu Ihrer Marke passen. Unser Webdesign ist responsiv und passt sich somit optimal an verschiedene Endger\u00e4te an. Es sieht gut aus und funktioniert einwandfrei auf Smartphones, Tablets und Computern. Wir entwickeln Software, die den Regeln der technischen Suchmaschinenoptimierung (SEO) entspricht, um ein besseres Ranking in Suchmaschinen zu erzielen. Schnelle Ladezeiten sorgen f\u00fcr zufriedenere Nutzer und ein besseres Google-Ranking. Wir unterst\u00fctzen Sie beim Aufbau von Online-Shops, in denen Sie Ihre Produkte sicher und bequem verkaufen k\u00f6nnen.<br \/>Integrierte Systeme: CRM, Zahlungsinfrastruktur, E-Mail-Marketing und Drittanbieterl\u00f6sungen wie die Integration mit Ihrer Website.<\/p>\t\t\t\t\t\t\t\t<\/div>\n\t\t\t\t<div class=\"elementor-element elementor-element-f48d07 elementor-widget elementor-widget-heading\" data-id=\"f48d07\" data-element_type=\"widget\" data-widget_type=\"heading.default\">\n\t\t\t\t\t<h2 class=\"elementor-heading-title elementor-size-default\">Warum Time SEO f\u00fcr Webdesign w\u00e4hlen?<\/h2>\t\t\t\t<\/div>\n\t\t\t\t<div class=\"elementor-element elementor-element-3635f613 elementor-widget elementor-widget-pitoon-business-box\" data-id=\"3635f613\" data-element_type=\"widget\" data-widget_type=\"pitoon-business-box.default\">\n\t\t\t\t<div class=\"elementor-widget-container\">\n\t\t\t\t\t    <ul class=\"services-details__points list-unstyled ml-0\">\r\n                    <li>\r\n                <div class=\"icon\">\r\n                    <span aria-hidden=\"true\" class=\"icon-copy-writing\"><\/span>                <\/div>\r\n                <div class=\"text\">\r\n                    <p class=\"service-details__business-title\">Transformation<br> Fokussierter Ansatz<\/p>                <\/div>\r\n            <\/li>\r\n                    <li>\r\n                <div class=\"icon\">\r\n                    <span aria-hidden=\"true\" class=\"icon-conversion-rate\"><\/span>                <\/div>\r\n                <div class=\"text\">\r\n                    <p class=\"service-details__business-title service-details__business-title\">Geschwindigkeit<br> Sicherheit<\/p>                <\/div>\r\n            <\/li>\r\n                    <li>\r\n                <div class=\"icon\">\r\n                    <span aria-hidden=\"true\" class=\"icon-world\"><\/span>                <\/div>\r\n                <div class=\"text\">\r\n                    <p class=\"service-details__business-title service-details__business-title service-details__business-title\">Mehrsprachig <br> Globale Harmonie<\/p>                <\/div>\r\n            <\/li>\r\n            <\/ul>\r\n\t\t\t\t<\/div>\n\t\t\t\t<\/div>\n\t\t\t\t<div class=\"elementor-element elementor-element-faff87a elementor-widget elementor-widget-pitoon-benefit-box\" data-id=\"faff87a\" data-element_type=\"widget\" data-widget_type=\"pitoon-benefit-box.default\">\n\t\t\t\t<div class=\"elementor-widget-container\">\n\t\t\t\t\t    <div class=\"services-details__benefit\">\r\n        <div class=\"row\">\r\n            <div class=\"col-xl-6\">\r\n                <div class=\"services-details__benefit-img\">\r\n                    <img decoding=\"async\" src=\"https:\/\/www.seocunuz.com.tr\/wp-content\/uploads\/2023\/05\/services-details-benefit-img.jpg\" alt=\"services-details-benefit-img\" title=\"services-details-benefit-img\" >                <\/div>\r\n            <\/div>\r\n            <div class=\"col-xl-6\">\r\n                <div class=\"services-details__benefit-content\">\r\n                    <h3 class=\"services-details__benefit-title\">Unsere Vorteile<\/h3><p class=\"services-details__benefit-text\">Time SEO Agency arbeitet mit Ihnen zusammen, um die besten Ergebnisse zu erzielen.<\/p>                    <ul class=\"services-details__benefit-points list-unstyled ml-0\">\r\n                                                    <li>\r\n                                <div class=\"icon\">\r\n                                    <span aria-hidden=\"true\" class=\"fa fa-check\"><\/span>                                <\/div>\r\n                                <div class=\"text\">\r\n                                    <p class=\"\">Professionelles Markenimage<\/p>                                <\/div>\r\n                            <\/li>\r\n                                                    <li>\r\n                                <div class=\"icon\">\r\n                                    <span aria-hidden=\"true\" class=\"fa fa-check\"><\/span>                                <\/div>\r\n                                <div class=\"text\">\r\n                                    <p class=\"\">SEO-freundliche Struktur<\/p>                                <\/div>\r\n                            <\/li>\r\n                                                    <li>\r\n                                <div class=\"icon\">\r\n                                    <span aria-hidden=\"true\" class=\"fa fa-check\"><\/span>                                <\/div>\r\n                                <div class=\"text\">\r\n                                    <p class=\"\">Aktuelle Programmiersprache <\/p>                                <\/div>\r\n                            <\/li>\r\n                                                    <li>\r\n                                <div class=\"icon\">\r\n                                    <span aria-hidden=\"true\" class=\"fa fa-check\"><\/span>                                <\/div>\r\n                                <div class=\"text\">\r\n                                    <p class=\"\">KI-gest\u00fctzte Infrastruktur<\/p>                                <\/div>\r\n                            <\/li>\r\n                                            <\/ul>\r\n                <\/div>\r\n            <\/div>\r\n        <\/div>\r\n    <\/div>\r\n\t\t\t\t<\/div>\n\t\t\t\t<\/div>\n\t\t\t\t<div class=\"elementor-element elementor-element-331637fe elementor-widget elementor-widget-pitoon-importance\" data-id=\"331637fe\" data-element_type=\"widget\" data-widget_type=\"pitoon-importance.default\">\n\t\t\t\t<div class=\"elementor-widget-container\">\n\t\t\t\t\t    <div class=\"services-details__importance\">\r\n        <div class=\"services-details__importance-shape-1\">\r\n            <img decoding=\"async\" src=\"https:\/\/www.seocunuz.com.tr\/wp-content\/uploads\/2023\/05\/services-details-importance-shape-1.png\" alt=\"Dienstleistungen-Details-Wichtigkeit-Form-1\" title=\"Dienstleistungen-Details-Wichtigkeit-Form-1\" >        <\/div>\r\n        <div class=\"services-details__importance-img\">\r\n            <img decoding=\"async\" src=\"https:\/\/www.seocunuz.com.tr\/wp-content\/uploads\/2023\/05\/services-details-importance-img.png\" alt=\"Dienstdetails-Wichtigkeitsbild\" title=\"Dienstdetails-Wichtigkeitsbild\" >        <\/div>\r\n        <div class=\"services-details__importance-title-box\">\r\n            <h3 class=\"services-details__importance-title\">F\u00fcr L\u00f6sungen, die auf Ihre Bed\u00fcrfnisse zugeschnitten sind <br> Wir erwarten Sie.<\/h3>                            <div class=\"services-details__importance-btn-box\">\r\n                    <a class=\"services-details__importance-btn\" href=\"tel:+902626061238\"  >KONTAKT<\/a>                <\/div>\r\n            \r\n        <\/div>\r\n    <\/div>\r\n\t\t\t\t<\/div>\n\t\t\t\t<\/div>\n\t\t\t\t\t<\/div>\n\t\t<\/div>\n\t\t\t\t\t<\/div>\n\t\t<\/section>\n\t\t\t\t<\/div>","protected":false},"excerpt":{"rendered":"<p>Hizmetlerimiz Mobil Uygulama Dijital Pazarlama Grafik Tasar\u0131m Website Geli\u015ftirme Sosyal Medya \u00c7al\u0131\u015fmalar\u0131 SEO \u00c7al\u0131\u015fmalar\u0131 Dijital Pazarlama \u00c7\u00f6z\u00fcmleri mi Ar\u0131yorsunuz? \u0130LET\u0130\u015e\u0130M Tan\u0131t\u0131m Dosya\u0131m\u0131z 2.5 MB Website Geli\u015ftirme Bir i\u015fletmenin \u00e7evrimi\u00e7i olduklar\u0131n\u0131 g\u00f6stermek i\u00e7in iyi bir web sitesine ihtiyac\u0131 vard\u0131r. \u0130yi bir tasar\u0131m yeterli de\u011fildir; Ayr\u0131ca web sitenizi h\u0131zl\u0131, mobil cihazlarda kullan\u0131m\u0131 kolay ve arama motorlar\u0131 i\u00e7in [&hellip;]<\/p>","protected":false},"author":1,"featured_media":0,"parent":0,"menu_order":0,"comment_status":"closed","ping_status":"closed","template":"","meta":{"footnotes":""},"class_list":["post-96","page","type-page","status-publish","hentry"],"_links":{"self":[{"href":"https:\/\/www.seocunuz.com.tr\/de\/wp-json\/wp\/v2\/pages\/96","targetHints":{"allow":["GET"]}}],"collection":[{"href":"https:\/\/www.seocunuz.com.tr\/de\/wp-json\/wp\/v2\/pages"}],"about":[{"href":"https:\/\/www.seocunuz.com.tr\/de\/wp-json\/wp\/v2\/types\/page"}],"author":[{"embeddable":true,"href":"https:\/\/www.seocunuz.com.tr\/de\/wp-json\/wp\/v2\/users\/1"}],"replies":[{"embeddable":true,"href":"https:\/\/www.seocunuz.com.tr\/de\/wp-json\/wp\/v2\/comments?post=96"}],"version-history":[{"count":6,"href":"https:\/\/www.seocunuz.com.tr\/de\/wp-json\/wp\/v2\/pages\/96\/revisions"}],"predecessor-version":[{"id":3737,"href":"https:\/\/www.seocunuz.com.tr\/de\/wp-json\/wp\/v2\/pages\/96\/revisions\/3737"}],"wp:attachment":[{"href":"https:\/\/www.seocunuz.com.tr\/de\/wp-json\/wp\/v2\/media?parent=96"}],"curies":[{"name":"wp","href":"https:\/\/api.w.org\/{rel}","templated":true}]}}