{"id":100,"date":"2023-05-10T12:25:36","date_gmt":"2023-05-10T12:25:36","guid":{"rendered":"http:\/\/pitoonwp.pixydrops.com\/?page_id=100"},"modified":"2025-10-04T13:29:12","modified_gmt":"2025-10-04T10:29:12","slug":"seo-work","status":"publish","type":"page","link":"https:\/\/www.seocunuz.com.tr\/en\/seo-work\/","title":{"rendered":"SEO Services"},"content":{"rendered":"<div data-elementor-type=\"wp-page\" data-elementor-id=\"100\" class=\"elementor elementor-100\">\n\t\t\t\t\t\t<section class=\"elementor-section elementor-top-section elementor-element elementor-element-288d713c services-details elementor-section-boxed elementor-section-height-default elementor-section-height-default\" data-id=\"288d713c\" data-element_type=\"section\">\n\t\t\t\t\t\t<div class=\"elementor-container elementor-column-gap-no\">\n\t\t\t\t\t<div class=\"elementor-column elementor-col-50 elementor-top-column elementor-element elementor-element-ff7b99f\" data-id=\"ff7b99f\" data-element_type=\"column\">\n\t\t\t<div class=\"elementor-widget-wrap elementor-element-populated\">\n\t\t\t\t\t\t<div class=\"elementor-element elementor-element-6498aba5 elementor-widget elementor-widget-sidebar-nav\" data-id=\"6498aba5\" data-element_type=\"widget\" data-widget_type=\"sidebar-nav.default\">\n\t\t\t\t<div class=\"elementor-widget-container\">\n\t\t\t\t\t    <div class=\"services-details__services-list\">\r\n                    <div class=\"services-details__services-title\">\r\n                <h3 class=\"\">Our Services<\/h3>            <\/div>\r\n                            <ul id=\"menu-service-menu\" class=\"services-details__services list-unstyled ml-0\"><li id=\"menu-item-1189\" class=\"menu-item menu-item-type-post_type menu-item-object-page menu-item-1189\"><a href=\"https:\/\/www.seocunuz.com.tr\/en\/mobile-application\/\">Mobile Application<\/a><\/li>\n<li id=\"menu-item-1187\" class=\"menu-item menu-item-type-post_type menu-item-object-page menu-item-1187\"><a href=\"https:\/\/www.seocunuz.com.tr\/en\/digital-marketing\/\">Digital Marketing<\/a><\/li>\n<li id=\"menu-item-1188\" class=\"menu-item menu-item-type-post_type menu-item-object-page menu-item-1188\"><a href=\"https:\/\/www.seocunuz.com.tr\/en\/graphic-design\/\">Graphic Design<\/a><\/li>\n<li id=\"menu-item-1192\" class=\"menu-item menu-item-type-post_type menu-item-object-page menu-item-1192\"><a href=\"https:\/\/www.seocunuz.com.tr\/en\/website-development\/\">Website Development<\/a><\/li>\n<li id=\"menu-item-1191\" class=\"menu-item menu-item-type-post_type menu-item-object-page menu-item-1191\"><a href=\"https:\/\/www.seocunuz.com.tr\/en\/social-media-studies\/\">Social Media Studies<\/a><\/li>\n<li id=\"menu-item-1190\" class=\"menu-item menu-item-type-post_type menu-item-object-page menu-item-1190\"><a href=\"https:\/\/www.seocunuz.com.tr\/en\/seo-work\/\">SEO Services<\/a><\/li>\n<\/ul>            <\/div>\r\n\r\n\t\t\t\t<\/div>\n\t\t\t\t<\/div>\n\t\t\t\t<div class=\"elementor-element elementor-element-efafb32 elementor-widget elementor-widget-pitoon-sidebar-banner\" data-id=\"efafb32\" data-element_type=\"widget\" data-widget_type=\"pitoon-sidebar-banner.default\">\n\t\t\t\t<div class=\"elementor-widget-container\">\n\t\t\t\t\t    <div class=\"banner-one\">\r\n        <div class=\"banner-one__shape-1\">\r\n            <img decoding=\"async\" src=\"https:\/\/www.seocunuz.com.tr\/wp-content\/uploads\/2023\/05\/banner-one-shape-1.png\" alt=\"banner-one-shape-1\" title=\"banner-one-shape-1\" >        <\/div>\r\n        <div class=\"banner-one__img\">\r\n            <img decoding=\"async\" src=\"https:\/\/www.seocunuz.com.tr\/wp-content\/uploads\/2023\/05\/banner-one-img.png\" alt=\"banner-one-img\" title=\"banner-one-img\" >        <\/div>\r\n        <h3 class=\"banner-one__title\">Digital <br> Marketing <br> Solutions <br> Are you looking for?<\/h3>                    <div class=\"banner-one__btn-box\">\r\n                <a class=\"banner-one__btn thm-btn\" href=\"\/en\/iletisim\/\"  >COMMUNICATION<\/a>            <\/div>\r\n            <\/div>\r\n\r\n\t\t\t\t<\/div>\n\t\t\t\t<\/div>\n\t\t\t\t<div class=\"elementor-element elementor-element-3d6135f2 elementor-widget elementor-widget-pitoon-document\" data-id=\"3d6135f2\" data-element_type=\"widget\" data-widget_type=\"pitoon-document.default\">\n\t\t\t\t<div class=\"elementor-widget-container\">\n\t\t\t\t\t            <div class=\"services-details__documents\">\r\n            <div class=\"icon\">\r\n                <span aria-hidden=\"true\" class=\"icon-pdf-file\"><\/span>            <\/div>\r\n            <div class=\"content\">\r\n                <h3>\r\n                    <a class=\"\" href=\"http:\/\/www.seocunuz.com.tr\/wp-content\/uploads\/2025\/10\/Time-SEO-Ajansi-Sunum.pdf\"  >Our Profile<\/a>                <\/h3>\r\n                <p class=\"\">2.5 MB<\/p>            <\/div>\r\n        <\/div>\r\n    \r\n\t\t\t\t<\/div>\n\t\t\t\t<\/div>\n\t\t\t\t\t<\/div>\n\t\t<\/div>\n\t\t\t\t<div class=\"elementor-column elementor-col-50 elementor-top-column elementor-element elementor-element-71810b10\" data-id=\"71810b10\" data-element_type=\"column\">\n\t\t\t<div class=\"elementor-widget-wrap elementor-element-populated\">\n\t\t\t\t\t\t<div class=\"elementor-element elementor-element-50f63f8d services-details__img elementor-widget elementor-widget-image\" data-id=\"50f63f8d\" data-element_type=\"widget\" data-widget_type=\"image.default\">\n\t\t\t\t\t\t\t\t\t\t\t\t\t\t\t<img fetchpriority=\"high\" decoding=\"async\" width=\"770\" height=\"381\" src=\"https:\/\/www.seocunuz.com.tr\/wp-content\/uploads\/2023\/05\/services-details-img-6.jpg\" class=\"attachment-full size-full wp-image-1435\" alt=\"\" srcset=\"https:\/\/www.seocunuz.com.tr\/wp-content\/uploads\/2023\/05\/services-details-img-6.jpg 770w, https:\/\/www.seocunuz.com.tr\/wp-content\/uploads\/2023\/05\/services-details-img-6-570x282.jpg 570w, https:\/\/www.seocunuz.com.tr\/wp-content\/uploads\/2023\/05\/services-details-img-6-300x148.jpg 300w, https:\/\/www.seocunuz.com.tr\/wp-content\/uploads\/2023\/05\/services-details-img-6-768x380.jpg 768w\" sizes=\"(max-width: 770px) 100vw, 770px\" \/>\t\t\t\t\t\t\t\t\t\t\t\t\t\t\t<\/div>\n\t\t\t\t<div class=\"elementor-element elementor-element-34a9db2b elementor-widget elementor-widget-heading\" data-id=\"34a9db2b\" data-element_type=\"widget\" data-widget_type=\"heading.default\">\n\t\t\t\t\t<h2 class=\"elementor-heading-title elementor-size-default\">SEO Work<\/h2>\t\t\t\t<\/div>\n\t\t\t\t<div class=\"elementor-element elementor-element-f03cb65 elementor-widget elementor-widget-text-editor\" data-id=\"f03cb65\" data-element_type=\"widget\" data-widget_type=\"text-editor.default\">\n\t\t\t\t\t\t\t\t\t<p>You can succeed in the online world by having a good website that ranks highly in search results. SEO (Search Engine Optimization) is a way to improve your website so that more people can find and visit it. It involves ensuring your website has the right technical specifications and that your content is relevant and useful for your audience.<\/p><p>We help your business grow online by creating long-term and effective SEO plans tailored to your needs. We want to get more people visiting your site, ensuring they are the ones who need your product or service.<\/p>\t\t\t\t\t\t\t\t<\/div>\n\t\t\t\t<div class=\"elementor-element elementor-element-71544fa3 elementor-widget elementor-widget-text-editor\" data-id=\"71544fa3\" data-element_type=\"widget\" data-widget_type=\"text-editor.default\">\n\t\t\t\t\t\t\t\t\t<p>What will you gain from SEO work?<\/p>\t\t\t\t\t\t\t\t<\/div>\n\t\t\t\t<div class=\"elementor-element elementor-element-7c23d7ee elementor-widget elementor-widget-text-editor\" data-id=\"7c23d7ee\" data-element_type=\"widget\" data-widget_type=\"text-editor.default\">\n\t\t\t\t\t\t\t\t\t<p>Google will help it rank higher in search engine results and attract more visitors without requiring payment.<\/p><p>We help you convert people who visit your site into customers.<\/p><p>When people search for something, they&#039;ll see your website more often and think of you as a good and reliable company.<\/p><p>You have an advantage over your competitors by not copying them.<\/p>\t\t\t\t\t\t\t\t<\/div>\n\t\t\t\t<div class=\"elementor-element elementor-element-6733b121 elementor-widget elementor-widget-heading\" data-id=\"6733b121\" data-element_type=\"widget\" data-widget_type=\"heading.default\">\n\t\t\t\t\t<h2 class=\"elementor-heading-title elementor-size-default\">Why Time SEO?<\/h2>\t\t\t\t<\/div>\n\t\t\t\t<div class=\"elementor-element elementor-element-4a9ee103 elementor-widget elementor-widget-pitoon-business-box\" data-id=\"4a9ee103\" data-element_type=\"widget\" data-widget_type=\"pitoon-business-box.default\">\n\t\t\t\t<div class=\"elementor-widget-container\">\n\t\t\t\t\t    <ul class=\"services-details__points list-unstyled ml-0\">\r\n                    <li>\r\n                <div class=\"icon\">\r\n                    <span aria-hidden=\"true\" class=\"icon-copy-writing\"><\/span>                <\/div>\r\n                <div class=\"text\">\r\n                    <p class=\"service-details__business-title\">Technical<br> SEO Analysis<\/p>                <\/div>\r\n            <\/li>\r\n                    <li>\r\n                <div class=\"icon\">\r\n                    <span aria-hidden=\"true\" class=\"icon-conversion-rate\"><\/span>                <\/div>\r\n                <div class=\"text\">\r\n                    <p class=\"service-details__business-title service-details__business-title\">Comprehensive<br> Reporting<\/p>                <\/div>\r\n            <\/li>\r\n                    <li>\r\n                <div class=\"icon\">\r\n                    <span aria-hidden=\"true\" class=\"icon-world\"><\/span>                <\/div>\r\n                <div class=\"text\">\r\n                    <p class=\"service-details__business-title service-details__business-title service-details__business-title\">Local and Global <br> SEO<\/p>                <\/div>\r\n            <\/li>\r\n            <\/ul>\r\n\t\t\t\t<\/div>\n\t\t\t\t<\/div>\n\t\t\t\t<div class=\"elementor-element elementor-element-6d331474 elementor-widget elementor-widget-pitoon-benefit-box\" data-id=\"6d331474\" data-element_type=\"widget\" data-widget_type=\"pitoon-benefit-box.default\">\n\t\t\t\t<div class=\"elementor-widget-container\">\n\t\t\t\t\t    <div class=\"services-details__benefit\">\r\n        <div class=\"row\">\r\n            <div class=\"col-xl-6\">\r\n                <div class=\"services-details__benefit-img\">\r\n                    <img decoding=\"async\" src=\"https:\/\/www.seocunuz.com.tr\/wp-content\/uploads\/2023\/05\/services-details-benefit-img.jpg\" alt=\"services-details-benefit-img\" title=\"services-details-benefit-img\" >                <\/div>\r\n            <\/div>\r\n            <div class=\"col-xl-6\">\r\n                <div class=\"services-details__benefit-content\">\r\n                    <h3 class=\"services-details__benefit-title\">Advantages of SEO Efforts<\/h3><p class=\"services-details__benefit-text\">Success is not far away with Time SEO.<\/p>                    <ul class=\"services-details__benefit-points list-unstyled ml-0\">\r\n                                                    <li>\r\n                                <div class=\"icon\">\r\n                                    <span aria-hidden=\"true\" class=\"fa fa-check\"><\/span>                                <\/div>\r\n                                <div class=\"text\">\r\n                                    <p class=\"\">Increased Visibility<\/p>                                <\/div>\r\n                            <\/li>\r\n                                                    <li>\r\n                                <div class=\"icon\">\r\n                                    <span aria-hidden=\"true\" class=\"fa fa-check\"><\/span>                                <\/div>\r\n                                <div class=\"text\">\r\n                                    <p class=\"\">High ROI (High Conversion Rate)<\/p>                                <\/div>\r\n                            <\/li>\r\n                                                    <li>\r\n                                <div class=\"icon\">\r\n                                    <span aria-hidden=\"true\" class=\"fa fa-check\"><\/span>                                <\/div>\r\n                                <div class=\"text\">\r\n                                    <p class=\"\">Lasting Success and Traffic<\/p>                                <\/div>\r\n                            <\/li>\r\n                                                    <li>\r\n                                <div class=\"icon\">\r\n                                    <span aria-hidden=\"true\" class=\"fa fa-check\"><\/span>                                <\/div>\r\n                                <div class=\"text\">\r\n                                    <p class=\"\">Stronger Brand Image<\/p>                                <\/div>\r\n                            <\/li>\r\n                                            <\/ul>\r\n                <\/div>\r\n            <\/div>\r\n        <\/div>\r\n    <\/div>\r\n\t\t\t\t<\/div>\n\t\t\t\t<\/div>\n\t\t\t\t<div class=\"elementor-element elementor-element-38223007 elementor-widget elementor-widget-pitoon-importance\" data-id=\"38223007\" data-element_type=\"widget\" data-widget_type=\"pitoon-importance.default\">\n\t\t\t\t<div class=\"elementor-widget-container\">\n\t\t\t\t\t    <div class=\"services-details__importance\">\r\n        <div class=\"services-details__importance-shape-1\">\r\n            <img decoding=\"async\" src=\"https:\/\/www.seocunuz.com.tr\/wp-content\/uploads\/2023\/05\/services-details-importance-shape-1.png\" alt=\"services-details-importance-shape-1\" title=\"services-details-importance-shape-1\" >        <\/div>\r\n        <div class=\"services-details__importance-img\">\r\n            <img decoding=\"async\" src=\"https:\/\/www.seocunuz.com.tr\/wp-content\/uploads\/2023\/05\/services-details-importance-img.png\" alt=\"services-details-importance-img\" title=\"services-details-importance-img\" >        <\/div>\r\n        <div class=\"services-details__importance-title-box\">\r\n            <h3 class=\"services-details__importance-title\">For Solutions Tailored to Your Needs <br> We are waiting for you.<\/h3>                            <div class=\"services-details__importance-btn-box\">\r\n                    <a class=\"services-details__importance-btn\" href=\"tel:+902626061238\"  >CONTACT US<\/a>                <\/div>\r\n            \r\n        <\/div>\r\n    <\/div>\r\n\t\t\t\t<\/div>\n\t\t\t\t<\/div>\n\t\t\t\t\t<\/div>\n\t\t<\/div>\n\t\t\t\t\t<\/div>\n\t\t<\/section>\n\t\t\t\t<\/div>","protected":false},"excerpt":{"rendered":"<p>Hizmetlerimiz Mobil Uygulama Dijital Pazarlama Grafik Tasar\u0131m Website Geli\u015ftirme Sosyal Medya \u00c7al\u0131\u015fmalar\u0131 SEO \u00c7al\u0131\u015fmalar\u0131 Dijital Pazarlama \u00c7\u00f6z\u00fcmleri mi Ar\u0131yorsunuz? \u0130LET\u0130\u015e\u0130M Tan\u0131t\u0131m Dosya\u0131m\u0131z 2.5 MB SEO \u00c7al\u0131\u015fmas\u0131 Arama sonu\u00e7lar\u0131nda y\u00fcksek g\u00f6r\u00fcnen iyi bir web sitesine sahip 0larak \u00e7evrimi\u00e7i d\u00fcnyada ba\u015far\u0131l\u0131 0labilirsiniz. SEO (Arama Motoru Optimizasyonu), web sitenizi geli\u015ftirmenin bir y0ludur, b\u00f6ylece daha fazla ki\u015finin 0nu bulup [&hellip;]<\/p>","protected":false},"author":1,"featured_media":0,"parent":0,"menu_order":0,"comment_status":"closed","ping_status":"closed","template":"elementor_header_footer","meta":{"footnotes":""},"class_list":["post-100","page","type-page","status-publish","hentry"],"_links":{"self":[{"href":"https:\/\/www.seocunuz.com.tr\/en\/wp-json\/wp\/v2\/pages\/100","targetHints":{"allow":["GET"]}}],"collection":[{"href":"https:\/\/www.seocunuz.com.tr\/en\/wp-json\/wp\/v2\/pages"}],"about":[{"href":"https:\/\/www.seocunuz.com.tr\/en\/wp-json\/wp\/v2\/types\/page"}],"author":[{"embeddable":true,"href":"https:\/\/www.seocunuz.com.tr\/en\/wp-json\/wp\/v2\/users\/1"}],"replies":[{"embeddable":true,"href":"https:\/\/www.seocunuz.com.tr\/en\/wp-json\/wp\/v2\/comments?post=100"}],"version-history":[{"count":15,"href":"https:\/\/www.seocunuz.com.tr\/en\/wp-json\/wp\/v2\/pages\/100\/revisions"}],"predecessor-version":[{"id":3733,"href":"https:\/\/www.seocunuz.com.tr\/en\/wp-json\/wp\/v2\/pages\/100\/revisions\/3733"}],"wp:attachment":[{"href":"https:\/\/www.seocunuz.com.tr\/en\/wp-json\/wp\/v2\/media?parent=100"}],"curies":[{"name":"wp","href":"https:\/\/api.w.org\/{rel}","templated":true}]}}