{"id":18,"date":"2023-05-10T11:26:19","date_gmt":"2023-05-10T11:26:19","guid":{"rendered":"http:\/\/pitoonwp.pixydrops.com\/?page_id=18"},"modified":"2025-10-04T13:21:37","modified_gmt":"2025-10-04T10:21:37","slug":"about-us","status":"publish","type":"page","link":"https:\/\/www.seocunuz.com.tr\/en\/about-us\/","title":{"rendered":"About Us"},"content":{"rendered":"<div data-elementor-type=\"wp-page\" data-elementor-id=\"18\" class=\"elementor elementor-18\">\n\t\t\t\t\t\t<section class=\"elementor-section elementor-top-section elementor-element elementor-element-df4f5d1 elementor-section-full_width elementor-section-height-default elementor-section-height-default\" data-id=\"df4f5d1\" data-element_type=\"section\">\n\t\t\t\t\t\t<div class=\"elementor-container elementor-column-gap-no\">\n\t\t\t\t\t<div class=\"elementor-column elementor-col-100 elementor-top-column elementor-element elementor-element-b93eaad\" data-id=\"b93eaad\" data-element_type=\"column\">\n\t\t\t<div class=\"elementor-widget-wrap elementor-element-populated\">\n\t\t\t\t\t\t<div class=\"elementor-element elementor-element-8dcbff3 elementor-widget elementor-widget-pitoon-about\" data-id=\"8dcbff3\" data-element_type=\"widget\" data-widget_type=\"pitoon-about.default\">\n\t\t\t\t<div class=\"elementor-widget-container\">\n\t\t\t\t\t    <!--About Four Start-->\r\n    <section class=\"about-four\">\r\n        <div class=\"about-four__shape-3 float-bob-x\">\r\n            <img decoding=\"async\" src=\"https:\/\/www.seocunuz.com.tr\/wp-content\/uploads\/2023\/05\/about-four-shape-3.png\" alt=\"about-four-shape-3\" title=\"about-four-shape-3\" >        <\/div>\r\n        <div class=\"container\">\r\n            <div class=\"row\">\r\n                <div class=\"col-xl-6\">\r\n                    <div class=\"about-four__left\">\r\n                        <div class=\"about-four__shape-1 float-bob-x\">\r\n                            <img decoding=\"async\" src=\"https:\/\/www.seocunuz.com.tr\/wp-content\/uploads\/2023\/05\/about-four-shape-1.png\" alt=\"about-four-shape-1\" title=\"about-four-shape-1\" >                        <\/div>\r\n                        <div class=\"about-four__shape-2 float-bob-y\">\r\n                            <img decoding=\"async\" src=\"https:\/\/www.seocunuz.com.tr\/wp-content\/uploads\/2023\/05\/about-four-shape-2.png\" alt=\"about-four-shape-2\" title=\"about-four-shape-2\" >                        <\/div>\r\n                        <div class=\"about-four__img\">\r\n                            <img decoding=\"async\" src=\"https:\/\/www.seocunuz.com.tr\/wp-content\/uploads\/2023\/05\/about-four-img-1.jpg\" alt=\"about-four-img-1\" title=\"about-four-img-1\" >                        <\/div>\r\n                    <\/div>\r\n                <\/div>\r\n                <div class=\"col-xl-6\">\r\n                    <div class=\"about-four__right\">\r\n                        <div class=\"section-title text-left\">\r\n                            <div class=\"section-title__tagline-box\">\r\n                                <span class=\"section-title__tagline\">About Time SEO Agency<\/span>                                <div class=\"section-title__icon-box-1\">\r\n                                    <i aria-hidden=\"true\" class=\"fa fa-angle-left\"><\/i>                                    <i aria-hidden=\"true\" class=\"fa fa-angle-left\"><\/i>                                    <i aria-hidden=\"true\" class=\"fa fa-angle-left\"><\/i>                                <\/div>\r\n                                <div class=\"section-title__icon-box-2\">\r\n                                    <i aria-hidden=\"true\" class=\"fa fa-angle-right\"><\/i>                                    <i aria-hidden=\"true\" class=\"fa fa-angle-right\"><\/i>                                    <i aria-hidden=\"true\" class=\"fa fa-angle-right\"><\/i>                                <\/div>\r\n                            <\/div>\r\n                            <h2 class=\"section-title__title\">We are constantly striving for the best.<\/h2>                        <\/div>\r\n                        <ul class=\"about-four__points list-unstyled ml-0\">\r\n                                                            <li>\r\n                                    <div class=\"icon\">\r\n                                        <span aria-hidden=\"true\" class=\"icon-down-right\"><\/span>                                    <\/div>\r\n                                    <div class=\"text\">\r\n                                        <p class=\"\">We Exceed Expectations<\/p>                                    <\/div>\r\n                                <\/li>\r\n                                                            <li>\r\n                                    <div class=\"icon\">\r\n                                        <span aria-hidden=\"true\" class=\"icon-down-right\"><\/span>                                    <\/div>\r\n                                    <div class=\"text\">\r\n                                        <p class=\"\">We are committed to people first.<\/p>                                    <\/div>\r\n                                <\/li>\r\n                                                    <\/ul>\r\n                        <p class=\"about-four__text\">Founded in 2018 by a confident and ambitious team in digital marketing, we now serve over 100 clients, primarily focusing on SEO, Google AdWords, social media campaigns, and e-commerce website development, helping our clients transition into the digital world. With our certified and expert team, we are committed to continuous innovation. Time SEO Agency is a Time Group brand.<\/p>                                                    <div class=\"about-four__btn-box\">\r\n                                <a class=\"about-four__btn thm-btn\" href=\"\/en\/iletisim\/\"  >Would you like to meet?<\/a>                            <\/div>\r\n                                            <\/div>\r\n                <\/div>\r\n            <\/div>\r\n        <\/div>\r\n    <\/section>\r\n    <!--About Four End-->\r\n\t\t\t\t<\/div>\n\t\t\t\t<\/div>\n\t\t\t\t\t<\/div>\n\t\t<\/div>\n\t\t\t\t\t<\/div>\n\t\t<\/section>\n\t\t\t\t<section class=\"elementor-section elementor-top-section elementor-element elementor-element-1b006592 elementor-section-full_width elementor-section-height-default elementor-section-height-default\" data-id=\"1b006592\" data-element_type=\"section\">\n\t\t\t\t\t\t<div class=\"elementor-container elementor-column-gap-no\">\n\t\t\t\t\t<div class=\"elementor-column elementor-col-100 elementor-top-column elementor-element elementor-element-613d1de\" data-id=\"613d1de\" data-element_type=\"column\">\n\t\t\t<div class=\"elementor-widget-wrap\">\n\t\t\t\t\t\t\t<\/div>\n\t\t<\/div>\n\t\t\t\t\t<\/div>\n\t\t<\/section>\n\t\t\t\t<section class=\"elementor-section elementor-top-section elementor-element elementor-element-6392103f elementor-section-full_width elementor-section-height-default elementor-section-height-default\" data-id=\"6392103f\" data-element_type=\"section\">\n\t\t\t\t\t\t<div class=\"elementor-container elementor-column-gap-no\">\n\t\t\t\t\t<div class=\"elementor-column elementor-col-100 elementor-top-column elementor-element elementor-element-c6650fc\" data-id=\"c6650fc\" data-element_type=\"column\">\n\t\t\t<div class=\"elementor-widget-wrap elementor-element-populated\">\n\t\t\t\t\t\t<div class=\"elementor-element elementor-element-23de93a0 elementor-widget elementor-widget-pitoon-choose\" data-id=\"23de93a0\" data-element_type=\"widget\" data-widget_type=\"pitoon-choose.default\">\n\t\t\t\t<div class=\"elementor-widget-container\">\n\t\t\t\t\t    <!--Why Choose Three Start-->\r\n    <section class=\"why-choose-three\">\r\n        <div class=\"why-choose-three__bg\" style=\"background-image: url(http:\/\/pitoonwp.pixydrops.com\/wp-content\/uploads\/2023\/05\/why-choose-three-bg.jpg);\"><\/div>\r\n        <div class=\"container\">\r\n            <div class=\"why-choose-three__top\">\r\n                <div class=\"row\">\r\n                    <div class=\"col-xl-7 col-lg-7\">\r\n                        <div class=\"why-choose-three__left\">\r\n                            <div class=\"section-title text-left\">\r\n                                <div class=\"section-title__tagline-box\">\r\n                                    <span class=\"section-title__tagline\">Our advantages<\/span>                                    <div class=\"section-title__icon-box-1\">\r\n                                        <i aria-hidden=\"true\" class=\"fa fa-angle-left\"><\/i>                                        <i aria-hidden=\"true\" class=\"fa fa-angle-left\"><\/i>                                        <i aria-hidden=\"true\" class=\"fa fa-angle-left\"><\/i>                                    <\/div>\r\n                                    <div class=\"section-title__icon-box-2\">\r\n                                        <i aria-hidden=\"true\" class=\"fa fa-angle-right\"><\/i>                                        <i aria-hidden=\"true\" class=\"fa fa-angle-right\"><\/i>                                        <i aria-hidden=\"true\" class=\"fa fa-angle-right\"><\/i>                                    <\/div>\r\n                                <\/div>\r\n                                <h2 class=\"section-title__title\">Why Choose Us?<\/h2>                            <\/div>\r\n                        <\/div>\r\n                    <\/div>\r\n                    <div class=\"col-xl-5 col-lg-5\">\r\n                        <div class=\"why-choose-three__right\">\r\n                            <p class=\"why-choose-three__text\">We are a dynamic team that keeps up with innovations. Most importantly, we are all buyers. In a sector as susceptible to abuse as digital marketing, we believe that transparent reporting is always necessary and we provide our services to our clients accordingly.<\/p>                        <\/div>\r\n                    <\/div>\r\n                <\/div>\r\n            <\/div>\r\n            <div class=\"why-choose-three__bottom\">\r\n                <div class=\"row\">\r\n                                            <div class=\"col-xl-3 col-lg-6 col-md-6 wow fadeInUp\" data-wow-delay=\"100ms\">\r\n                            <div class=\"why-choose-three__single\">\r\n                                <div class=\"why-choose-three__single-bg-1\" style=\"background-image: url(http:\/\/pitoonwp.pixydrops.com\/wp-content\/uploads\/2023\/05\/why-choose-three-single-bg-1.jpg);\">\r\n                                <\/div>\r\n                                <div class=\"why-choose-three__icon\">\r\n                                    <span aria-hidden=\"true\" class=\"icon-assurance\"><\/span>                                <\/div>\r\n                                <div class=\"why-choose-three__title\">\r\n                                    <h3>\r\n                                        <a class=\"\" href=\"http:\/\/pitoonwp.pixydrops.com\/services\/\" target=\"_blank\" rel=\"noopener\">Always Transparency<\/a>                                    <\/h3>\r\n                                <\/div>\r\n                            <\/div>\r\n                        <\/div>\r\n                                            <div class=\"col-xl-3 col-lg-6 col-md-6 wow fadeInUp\" data-wow-delay=\"200ms\">\r\n                            <div class=\"why-choose-three__single\">\r\n                                <div class=\"why-choose-three__single-bg-1\" style=\"background-image: url(http:\/\/pitoonwp.pixydrops.com\/wp-content\/uploads\/2023\/05\/why-choose-three-single-bg-2.jpg);\">\r\n                                <\/div>\r\n                                <div class=\"why-choose-three__icon\">\r\n                                    <span aria-hidden=\"true\" class=\"icon-brainstorm\"><\/span>                                <\/div>\r\n                                <div class=\"why-choose-three__title\">\r\n                                    <h3>\r\n                                        <a class=\"\" href=\"http:\/\/pitoonwp.pixydrops.com\/team\/\" target=\"_blank\" rel=\"noopener\">Large Data Pool<\/a>                                    <\/h3>\r\n                                <\/div>\r\n                            <\/div>\r\n                        <\/div>\r\n                                            <div class=\"col-xl-3 col-lg-6 col-md-6 wow fadeInUp\" data-wow-delay=\"300ms\">\r\n                            <div class=\"why-choose-three__single\">\r\n                                <div class=\"why-choose-three__single-bg-1\" style=\"background-image: url(http:\/\/pitoonwp.pixydrops.com\/wp-content\/uploads\/2023\/05\/why-choose-three-single-bg-3.jpg);\">\r\n                                <\/div>\r\n                                <div class=\"why-choose-three__icon\">\r\n                                    <span aria-hidden=\"true\" class=\"icon-crm\"><\/span>                                <\/div>\r\n                                <div class=\"why-choose-three__title\">\r\n                                    <h3>\r\n                                        <a class=\"\" href=\"http:\/\/pitoonwp.pixydrops.com\/about\/\" target=\"_blank\" rel=\"noopener\">Live Support<\/a>                                    <\/h3>\r\n                                <\/div>\r\n                            <\/div>\r\n                        <\/div>\r\n                                            <div class=\"col-xl-3 col-lg-6 col-md-6 wow fadeInUp\" data-wow-delay=\"400ms\">\r\n                            <div class=\"why-choose-three__single\">\r\n                                <div class=\"why-choose-three__single-bg-1\" style=\"background-image: url(http:\/\/pitoonwp.pixydrops.com\/wp-content\/uploads\/2023\/05\/why-choose-three-single-bg-4.jpg);\">\r\n                                <\/div>\r\n                                <div class=\"why-choose-three__icon\">\r\n                                    <span aria-hidden=\"true\" class=\"icon-agreement\"><\/span>                                <\/div>\r\n                                <div class=\"why-choose-three__title\">\r\n                                    <h3>\r\n                                        <a class=\"\" href=\"http:\/\/pitoonwp.pixydrops.com\/about\/\" target=\"_blank\" rel=\"noopener\">Comprehensive Reporting<\/a>                                    <\/h3>\r\n                                <\/div>\r\n                            <\/div>\r\n                        <\/div>\r\n                                    <\/div>\r\n            <\/div>\r\n        <\/div>\r\n    <\/section>\r\n    <!--Why Choose Three End-->\r\n\r\n\t\t\t\t<\/div>\n\t\t\t\t<\/div>\n\t\t\t\t\t<\/div>\n\t\t<\/div>\n\t\t\t\t\t<\/div>\n\t\t<\/section>\n\t\t\t\t<\/div>","protected":false},"excerpt":{"rendered":"<p>Time SEO Ajans\u0131 Hakk\u0131nda En \u0130yisi \u0130\u00e7in S\u00fcrekli \u00c7al\u0131\u015f\u0131yoruz Biz Beklentilerin \u00d6tesine Ge\u00e7iyoruz \u00d6nce \u0130nsan&#8217;a Ba\u011fl\u0131y\u0131z 2018 y\u0131l\u0131nda Dijital Pazarlama konusunda kendilerine g\u00fcvenen ve h\u0131rsl\u0131 bir ekip olarak ba\u015flad\u0131\u011f\u0131m\u0131z bu yolda 100\u2019\u00fcn \u00fczerinde m\u00fc\u015fteri portf\u00f6y\u00fc, ba\u015fta S.E.O olmak \u00fczere, Google Adwords,Sosyal Medya \u00c7al\u0131\u015fmalar\u0131 ve E Ticaret Site Kurulumu birlikte m\u00fc\u015fterilerimizi Dijital D\u00fcnya\u2019ya ta\u015f\u0131yoruz. Sertifikal\u0131 ve [&hellip;]<\/p>","protected":false},"author":1,"featured_media":0,"parent":0,"menu_order":0,"comment_status":"closed","ping_status":"closed","template":"elementor_header_footer","meta":{"footnotes":""},"class_list":["post-18","page","type-page","status-publish","hentry"],"_links":{"self":[{"href":"https:\/\/www.seocunuz.com.tr\/en\/wp-json\/wp\/v2\/pages\/18","targetHints":{"allow":["GET"]}}],"collection":[{"href":"https:\/\/www.seocunuz.com.tr\/en\/wp-json\/wp\/v2\/pages"}],"about":[{"href":"https:\/\/www.seocunuz.com.tr\/en\/wp-json\/wp\/v2\/types\/page"}],"author":[{"embeddable":true,"href":"https:\/\/www.seocunuz.com.tr\/en\/wp-json\/wp\/v2\/users\/1"}],"replies":[{"embeddable":true,"href":"https:\/\/www.seocunuz.com.tr\/en\/wp-json\/wp\/v2\/comments?post=18"}],"version-history":[{"count":6,"href":"https:\/\/www.seocunuz.com.tr\/en\/wp-json\/wp\/v2\/pages\/18\/revisions"}],"predecessor-version":[{"id":3723,"href":"https:\/\/www.seocunuz.com.tr\/en\/wp-json\/wp\/v2\/pages\/18\/revisions\/3723"}],"wp:attachment":[{"href":"https:\/\/www.seocunuz.com.tr\/en\/wp-json\/wp\/v2\/media?parent=18"}],"curies":[{"name":"wp","href":"https:\/\/api.w.org\/{rel}","templated":true}]}}