{"id":90,"date":"2023-05-10T12:21:37","date_gmt":"2023-05-10T12:21:37","guid":{"rendered":"http:\/\/pitoonwp.pixydrops.com\/?page_id=90"},"modified":"2025-10-04T13:25:01","modified_gmt":"2025-10-04T10:25:01","slug":"mobile-application","status":"publish","type":"page","link":"https:\/\/www.seocunuz.com.tr\/en\/mobile-application\/","title":{"rendered":"Mobile Application"},"content":{"rendered":"<div data-elementor-type=\"wp-page\" data-elementor-id=\"90\" class=\"elementor elementor-90\">\n\t\t\t\t\t\t<section class=\"elementor-section elementor-top-section elementor-element elementor-element-65c737d services-details elementor-section-boxed elementor-section-height-default elementor-section-height-default\" data-id=\"65c737d\" data-element_type=\"section\">\n\t\t\t\t\t\t<div class=\"elementor-container elementor-column-gap-no\">\n\t\t\t\t\t<div class=\"elementor-column elementor-col-50 elementor-top-column elementor-element elementor-element-e09a66d\" data-id=\"e09a66d\" data-element_type=\"column\">\n\t\t\t<div class=\"elementor-widget-wrap elementor-element-populated\">\n\t\t\t\t\t\t<div class=\"elementor-element elementor-element-3df7b2a elementor-widget elementor-widget-sidebar-nav\" data-id=\"3df7b2a\" data-element_type=\"widget\" data-widget_type=\"sidebar-nav.default\">\n\t\t\t\t<div class=\"elementor-widget-container\">\n\t\t\t\t\t    <div class=\"services-details__services-list\">\r\n                    <div class=\"services-details__services-title\">\r\n                <h3 class=\"\">Our Services<\/h3>            <\/div>\r\n                            <ul id=\"menu-service-menu\" class=\"services-details__services list-unstyled ml-0\"><li id=\"menu-item-1189\" class=\"menu-item menu-item-type-post_type menu-item-object-page menu-item-1189\"><a href=\"https:\/\/www.seocunuz.com.tr\/en\/mobile-application\/\">Mobile Application<\/a><\/li>\n<li id=\"menu-item-1187\" class=\"menu-item menu-item-type-post_type menu-item-object-page menu-item-1187\"><a href=\"https:\/\/www.seocunuz.com.tr\/en\/digital-marketing\/\">Digital Marketing<\/a><\/li>\n<li id=\"menu-item-1188\" class=\"menu-item menu-item-type-post_type menu-item-object-page menu-item-1188\"><a href=\"https:\/\/www.seocunuz.com.tr\/en\/graphic-design\/\">Graphic Design<\/a><\/li>\n<li id=\"menu-item-1192\" class=\"menu-item menu-item-type-post_type menu-item-object-page menu-item-1192\"><a href=\"https:\/\/www.seocunuz.com.tr\/en\/website-development\/\">Website Development<\/a><\/li>\n<li id=\"menu-item-1191\" class=\"menu-item menu-item-type-post_type menu-item-object-page menu-item-1191\"><a href=\"https:\/\/www.seocunuz.com.tr\/en\/social-media-studies\/\">Social Media Studies<\/a><\/li>\n<li id=\"menu-item-1190\" class=\"menu-item menu-item-type-post_type menu-item-object-page menu-item-1190\"><a href=\"https:\/\/www.seocunuz.com.tr\/en\/seo-work\/\">SEO Services<\/a><\/li>\n<\/ul>            <\/div>\r\n\r\n\t\t\t\t<\/div>\n\t\t\t\t<\/div>\n\t\t\t\t<div class=\"elementor-element elementor-element-058c936 elementor-widget elementor-widget-pitoon-sidebar-banner\" data-id=\"058c936\" data-element_type=\"widget\" data-widget_type=\"pitoon-sidebar-banner.default\">\n\t\t\t\t<div class=\"elementor-widget-container\">\n\t\t\t\t\t    <div class=\"banner-one\">\r\n        <div class=\"banner-one__shape-1\">\r\n            <img decoding=\"async\" src=\"https:\/\/www.seocunuz.com.tr\/wp-content\/uploads\/2023\/05\/banner-one-shape-1.png\" alt=\"banner-one-shape-1\" title=\"banner-one-shape-1\" >        <\/div>\r\n        <div class=\"banner-one__img\">\r\n            <img decoding=\"async\" src=\"https:\/\/www.seocunuz.com.tr\/wp-content\/uploads\/2023\/05\/banner-one-img.png\" alt=\"banner-one-img\" title=\"banner-one-img\" >        <\/div>\r\n        <h3 class=\"banner-one__title\">Digital <br> Marketing <br> Solutions <br> Are you looking for?<\/h3>                    <div class=\"banner-one__btn-box\">\r\n                <a class=\"banner-one__btn thm-btn\" href=\"\/en\/iletisim\/\"  >COMMUNICATION<\/a>            <\/div>\r\n            <\/div>\r\n\r\n\t\t\t\t<\/div>\n\t\t\t\t<\/div>\n\t\t\t\t<div class=\"elementor-element elementor-element-b8b6f2c elementor-widget elementor-widget-pitoon-document\" data-id=\"b8b6f2c\" data-element_type=\"widget\" data-widget_type=\"pitoon-document.default\">\n\t\t\t\t<div class=\"elementor-widget-container\">\n\t\t\t\t\t            <div class=\"services-details__documents\">\r\n            <div class=\"icon\">\r\n                <span aria-hidden=\"true\" class=\"icon-pdf-file\"><\/span>            <\/div>\r\n            <div class=\"content\">\r\n                <h3>\r\n                    <a class=\"\" href=\"http:\/\/www.seocunuz.com.tr\/wp-content\/uploads\/2025\/10\/Time-SEO-Ajansi-Sunum.pdf\"  >Our Profile<\/a>                <\/h3>\r\n                <p class=\"\">2.5 MB<\/p>            <\/div>\r\n        <\/div>\r\n    \r\n\t\t\t\t<\/div>\n\t\t\t\t<\/div>\n\t\t\t\t\t<\/div>\n\t\t<\/div>\n\t\t\t\t<div class=\"elementor-column elementor-col-50 elementor-top-column elementor-element elementor-element-60729c3\" data-id=\"60729c3\" data-element_type=\"column\">\n\t\t\t<div class=\"elementor-widget-wrap elementor-element-populated\">\n\t\t\t\t\t\t<div class=\"elementor-element elementor-element-5f030f2 services-details__img elementor-widget elementor-widget-image\" data-id=\"5f030f2\" data-element_type=\"widget\" data-widget_type=\"image.default\">\n\t\t\t\t\t\t\t\t\t\t\t\t\t\t\t<img fetchpriority=\"high\" decoding=\"async\" width=\"770\" height=\"381\" src=\"https:\/\/www.seocunuz.com.tr\/wp-content\/uploads\/2023\/05\/services-details-img-1.jpg\" class=\"attachment-full size-full wp-image-1206\" alt=\"\" srcset=\"https:\/\/www.seocunuz.com.tr\/wp-content\/uploads\/2023\/05\/services-details-img-1.jpg 770w, https:\/\/www.seocunuz.com.tr\/wp-content\/uploads\/2023\/05\/services-details-img-1-570x282.jpg 570w, https:\/\/www.seocunuz.com.tr\/wp-content\/uploads\/2023\/05\/services-details-img-1-300x148.jpg 300w, https:\/\/www.seocunuz.com.tr\/wp-content\/uploads\/2023\/05\/services-details-img-1-768x380.jpg 768w\" sizes=\"(max-width: 770px) 100vw, 770px\" \/>\t\t\t\t\t\t\t\t\t\t\t\t\t\t\t<\/div>\n\t\t\t\t<div class=\"elementor-element elementor-element-ac3041c elementor-widget elementor-widget-heading\" data-id=\"ac3041c\" data-element_type=\"widget\" data-widget_type=\"heading.default\">\n\t\t\t\t\t<h2 class=\"elementor-heading-title elementor-size-default\">Mobile Application Development<\/h2>\t\t\t\t<\/div>\n\t\t\t\t<div class=\"elementor-element elementor-element-7331030 elementor-widget elementor-widget-text-editor\" data-id=\"7331030\" data-element_type=\"widget\" data-widget_type=\"text-editor.default\">\n\t\t\t\t\t\t\t\t\t<p data-start=\"286\" data-end=\"726\">With smartphones becoming an integral part of our lives, having a presence in the mobile world has become a major necessity for businesses. A large percentage of users access services and products via mobile devices and make decisions through mobile applications. At this point, a professional... <strong data-start=\"619\" data-end=\"656\">mobile application development service<\/strong>, This is one of the most critical steps in your brand&#039;s digital transformation process.<\/p><p data-start=\"728\" data-end=\"1036\">At Time SEO, we develop modern, user-friendly, and performance-oriented mobile applications for iOS and Android platforms. Our goal is not just to design aesthetically pleasing applications, but also to create solutions that add value to your brand, drive conversions, and prioritize user experience.<\/p>\t\t\t\t\t\t\t\t<\/div>\n\t\t\t\t<div class=\"elementor-element elementor-element-80ad1b3 elementor-widget elementor-widget-text-editor\" data-id=\"80ad1b3\" data-element_type=\"widget\" data-widget_type=\"text-editor.default\">\n\t\t\t\t\t\t\t\t\t<p>Our Mobile Application Development Process<\/p>\t\t\t\t\t\t\t\t<\/div>\n\t\t\t\t<div class=\"elementor-element elementor-element-e59479d elementor-widget elementor-widget-text-editor\" data-id=\"e59479d\" data-element_type=\"widget\" data-widget_type=\"text-editor.default\">\n\t\t\t\t\t\t\t\t\t<p data-start=\"1085\" data-end=\"1120\"><strong>1. Needs Analysis &amp; Strategy<\/strong><\/p><ul data-start=\"1121\" data-end=\"1304\"><li data-start=\"1121\" data-end=\"1203\"><p data-start=\"1123\" data-end=\"1203\">An implementation plan will be prepared that is suitable for your industry, target audience, and business model.<\/p><\/li><li data-start=\"1204\" data-end=\"1304\"><p data-start=\"1206\" data-end=\"1304\">The project strategy is determined by considering competitor analysis and user habits.<\/p><\/li><\/ul><p data-start=\"1306\" data-end=\"1331\"><strong>2. UX &amp; UI Design<\/strong><\/p><ul data-start=\"1332\" data-end=\"1473\"><li data-start=\"1332\" data-end=\"1389\"><p data-start=\"1334\" data-end=\"1389\">Modern and user-friendly interface designs are created.<\/p><\/li><li data-start=\"1390\" data-end=\"1473\"><p data-start=\"1392\" data-end=\"1473\">Mobile-specific interactions and ease of use are prioritized.<\/p><\/li><\/ul><p data-start=\"1475\" data-end=\"1502\"><strong>3. Software Development<\/strong><\/p><ul data-start=\"1503\" data-end=\"1660\"><li data-start=\"1503\" data-end=\"1605\"><p data-start=\"1505\" data-end=\"1605\">Native or cross-platform solutions (Flutter, React Native, etc.) are developed for iOS and Android.<\/p><\/li><li data-start=\"1606\" data-end=\"1660\"><p data-start=\"1608\" data-end=\"1660\">A secure, fast, and scalable infrastructure is provided.<\/p><\/li><\/ul><p data-start=\"1662\" data-end=\"1685\"><strong>4. Integrations<\/strong><\/p><ul data-start=\"1686\" data-end=\"1794\"><li data-start=\"1686\" data-end=\"1794\"><p data-start=\"1688\" data-end=\"1794\">Your business processes are integrated into the application through CRM, ERP, e-commerce, payment systems, and API connections.<\/p><\/li><\/ul><p data-start=\"1796\" data-end=\"1824\"><strong>5. Testing &amp; Optimization<\/strong><\/p><ul data-start=\"1825\" data-end=\"1967\"><li data-start=\"1825\" data-end=\"1903\"><p data-start=\"1827\" data-end=\"1903\">The application undergoes detailed testing on different devices and screen sizes.<\/p><\/li><li data-start=\"1904\" data-end=\"1967\"><p data-start=\"1906\" data-end=\"1967\">Optimization is done to improve user experience.<\/p><\/li><\/ul><p data-start=\"1969\" data-end=\"1996\"><strong>6. Publishing &amp; Support<\/strong><\/p><ul data-start=\"1997\" data-end=\"2133\"><li data-start=\"1997\" data-end=\"2059\"><p data-start=\"1999\" data-end=\"2059\">The app will be released on the App Store and Google Play Store.<\/p><\/li><li data-start=\"2060\" data-end=\"2133\"><p data-start=\"2062\" data-end=\"2133\">Post-release maintenance, updates, and technical support services are provided.<\/p><\/li><\/ul>\t\t\t\t\t\t\t\t<\/div>\n\t\t\t\t<div class=\"elementor-element elementor-element-303afb6 elementor-widget elementor-widget-heading\" data-id=\"303afb6\" data-element_type=\"widget\" data-widget_type=\"heading.default\">\n\t\t\t\t\t<h2 class=\"elementor-heading-title elementor-size-default\">Why choose Time SEO Agency?<\/h2>\t\t\t\t<\/div>\n\t\t\t\t<div class=\"elementor-element elementor-element-a0666ba elementor-widget elementor-widget-pitoon-business-box\" data-id=\"a0666ba\" data-element_type=\"widget\" data-widget_type=\"pitoon-business-box.default\">\n\t\t\t\t<div class=\"elementor-widget-container\">\n\t\t\t\t\t    <ul class=\"services-details__points list-unstyled ml-0\">\r\n                    <li>\r\n                <div class=\"icon\">\r\n                    <span aria-hidden=\"true\" class=\"icon-copy-writing\"><\/span>                <\/div>\r\n                <div class=\"text\">\r\n                    <p class=\"service-details__business-title\">Continually<br>Development<\/p>                <\/div>\r\n            <\/li>\r\n                    <li>\r\n                <div class=\"icon\">\r\n                    <span aria-hidden=\"true\" class=\"icon-conversion-rate\"><\/span>                <\/div>\r\n                <div class=\"text\">\r\n                    <p class=\"service-details__business-title service-details__business-title\">Expert<br> Staff<\/p>                <\/div>\r\n            <\/li>\r\n                    <li>\r\n                <div class=\"icon\">\r\n                    <span aria-hidden=\"true\" class=\"icon-world\"><\/span>                <\/div>\r\n                <div class=\"text\">\r\n                    <p class=\"service-details__business-title service-details__business-title service-details__business-title\">Special <br> Representative<\/p>                <\/div>\r\n            <\/li>\r\n            <\/ul>\r\n\t\t\t\t<\/div>\n\t\t\t\t<\/div>\n\t\t\t\t<div class=\"elementor-element elementor-element-67082a9 elementor-widget elementor-widget-pitoon-benefit-box\" data-id=\"67082a9\" data-element_type=\"widget\" data-widget_type=\"pitoon-benefit-box.default\">\n\t\t\t\t<div class=\"elementor-widget-container\">\n\t\t\t\t\t    <div class=\"services-details__benefit\">\r\n        <div class=\"row\">\r\n            <div class=\"col-xl-6\">\r\n                <div class=\"services-details__benefit-img\">\r\n                    <img decoding=\"async\" src=\"https:\/\/www.seocunuz.com.tr\/wp-content\/uploads\/2023\/05\/services-details-benefit-img.jpg\" alt=\"services-details-benefit-img\" title=\"services-details-benefit-img\" >                <\/div>\r\n            <\/div>\r\n            <div class=\"col-xl-6\">\r\n                <div class=\"services-details__benefit-content\">\r\n                    <h3 class=\"services-details__benefit-title\">Our advantages<\/h3><p class=\"services-details__benefit-text\">In this era of increased mobile device usage, don&#039;t let your business fall behind.<\/p>                    <ul class=\"services-details__benefit-points list-unstyled ml-0\">\r\n                                                    <li>\r\n                                <div class=\"icon\">\r\n                                    <span aria-hidden=\"true\" class=\"fa fa-check\"><\/span>                                <\/div>\r\n                                <div class=\"text\">\r\n                                    <p class=\"\">Dual Platform Support<\/p>                                <\/div>\r\n                            <\/li>\r\n                                                    <li>\r\n                                <div class=\"icon\">\r\n                                    <span aria-hidden=\"true\" class=\"fa fa-check\"><\/span>                                <\/div>\r\n                                <div class=\"text\">\r\n                                    <p class=\"\">User-Friendly Design<\/p>                                <\/div>\r\n                            <\/li>\r\n                                                    <li>\r\n                                <div class=\"icon\">\r\n                                    <span aria-hidden=\"true\" class=\"fa fa-check\"><\/span>                                <\/div>\r\n                                <div class=\"text\">\r\n                                    <p class=\"\">Sustainable Support<\/p>                                <\/div>\r\n                            <\/li>\r\n                                                    <li>\r\n                                <div class=\"icon\">\r\n                                    <span aria-hidden=\"true\" class=\"fa fa-check\"><\/span>                                <\/div>\r\n                                <div class=\"text\">\r\n                                    <p class=\"\">Industry Experience<\/p>                                <\/div>\r\n                            <\/li>\r\n                                            <\/ul>\r\n                <\/div>\r\n            <\/div>\r\n        <\/div>\r\n    <\/div>\r\n\t\t\t\t<\/div>\n\t\t\t\t<\/div>\n\t\t\t\t<div class=\"elementor-element elementor-element-d363f50 elementor-widget elementor-widget-pitoon-importance\" data-id=\"d363f50\" data-element_type=\"widget\" data-widget_type=\"pitoon-importance.default\">\n\t\t\t\t<div class=\"elementor-widget-container\">\n\t\t\t\t\t    <div class=\"services-details__importance\">\r\n        <div class=\"services-details__importance-shape-1\">\r\n            <img decoding=\"async\" src=\"https:\/\/www.seocunuz.com.tr\/wp-content\/uploads\/2023\/05\/services-details-importance-shape-1.png\" alt=\"services-details-importance-shape-1\" title=\"services-details-importance-shape-1\" >        <\/div>\r\n        <div class=\"services-details__importance-img\">\r\n            <img decoding=\"async\" src=\"https:\/\/www.seocunuz.com.tr\/wp-content\/uploads\/2023\/05\/services-details-importance-img.png\" alt=\"services-details-importance-img\" title=\"services-details-importance-img\" >        <\/div>\r\n        <div class=\"services-details__importance-title-box\">\r\n            <h3 class=\"services-details__importance-title\">For Solutions Tailored to Your Needs <br> We are waiting for you.<\/h3>                            <div class=\"services-details__importance-btn-box\">\r\n                    <a class=\"services-details__importance-btn\" href=\"tel:+902626061238\"  >CONTACT US<\/a>                <\/div>\r\n            \r\n        <\/div>\r\n    <\/div>\r\n\t\t\t\t<\/div>\n\t\t\t\t<\/div>\n\t\t\t\t\t<\/div>\n\t\t<\/div>\n\t\t\t\t\t<\/div>\n\t\t<\/section>\n\t\t\t\t<\/div>","protected":false},"excerpt":{"rendered":"<p>Hizmetlerimiz Mobil Uygulama Dijital Pazarlama Grafik Tasar\u0131m Website Geli\u015ftirme Sosyal Medya \u00c7al\u0131\u015fmalar\u0131 SEO \u00c7al\u0131\u015fmalar\u0131 Dijital Pazarlama \u00c7\u00f6z\u00fcmleri mi Ar\u0131yorsunuz? \u0130LET\u0130\u015e\u0130M Tan\u0131t\u0131m Dosya\u0131m\u0131z 2.5 MB Mobil Uygulama Geli\u015ftirme Ak\u0131ll\u0131 telefonlar\u0131n hayat\u0131m\u0131z\u0131n ayr\u0131lmaz bir par\u00e7as\u0131 haline gelmesiyle birlikte, i\u015fletmeler i\u00e7in mobil d\u00fcnyada yer almak b\u00fcy\u00fck bir zorunluluk haline gelmi\u015ftir. Kullan\u0131c\u0131lar\u0131n b\u00fcy\u00fck bir b\u00f6l\u00fcm\u00fc hizmet ve \u00fcr\u00fcnlere mobil [&hellip;]<\/p>","protected":false},"author":1,"featured_media":0,"parent":0,"menu_order":0,"comment_status":"closed","ping_status":"closed","template":"elementor_header_footer","meta":{"footnotes":""},"class_list":["post-90","page","type-page","status-publish","hentry"],"_links":{"self":[{"href":"https:\/\/www.seocunuz.com.tr\/en\/wp-json\/wp\/v2\/pages\/90","targetHints":{"allow":["GET"]}}],"collection":[{"href":"https:\/\/www.seocunuz.com.tr\/en\/wp-json\/wp\/v2\/pages"}],"about":[{"href":"https:\/\/www.seocunuz.com.tr\/en\/wp-json\/wp\/v2\/types\/page"}],"author":[{"embeddable":true,"href":"https:\/\/www.seocunuz.com.tr\/en\/wp-json\/wp\/v2\/users\/1"}],"replies":[{"embeddable":true,"href":"https:\/\/www.seocunuz.com.tr\/en\/wp-json\/wp\/v2\/comments?post=90"}],"version-history":[{"count":6,"href":"https:\/\/www.seocunuz.com.tr\/en\/wp-json\/wp\/v2\/pages\/90\/revisions"}],"predecessor-version":[{"id":3727,"href":"https:\/\/www.seocunuz.com.tr\/en\/wp-json\/wp\/v2\/pages\/90\/revisions\/3727"}],"wp:attachment":[{"href":"https:\/\/www.seocunuz.com.tr\/en\/wp-json\/wp\/v2\/media?parent=90"}],"curies":[{"name":"wp","href":"https:\/\/api.w.org\/{rel}","templated":true}]}}