{"id":14,"date":"2023-05-10T11:23:11","date_gmt":"2023-05-10T11:23:11","guid":{"rendered":"http:\/\/pitoonwp.pixydrops.com\/?page_id=14"},"modified":"2025-10-04T13:26:28","modified_gmt":"2025-10-04T10:26:28","slug":"proekty","status":"publish","type":"page","link":"https:\/\/www.seocunuz.com.tr\/ru\/proekty\/","title":{"rendered":"\u041f\u0440\u043e\u0435\u043a\u0442\u044b"},"content":{"rendered":"<div data-elementor-type=\"wp-page\" data-elementor-id=\"14\" class=\"elementor elementor-14\">\n\t\t\t\t\t\t<section class=\"elementor-section elementor-top-section elementor-element elementor-element-2d5378ca elementor-section-full_width elementor-section-height-default elementor-section-height-default\" data-id=\"2d5378ca\" data-element_type=\"section\">\n\t\t\t\t\t\t<div class=\"elementor-container elementor-column-gap-no\">\n\t\t\t\t\t<div class=\"elementor-column elementor-col-100 elementor-top-column elementor-element elementor-element-3adbb4c3\" data-id=\"3adbb4c3\" data-element_type=\"column\">\n\t\t\t<div class=\"elementor-widget-wrap elementor-element-populated\">\n\t\t\t\t\t\t<div class=\"elementor-element elementor-element-39eb60c4 elementor-widget elementor-widget-pitoon-project\" data-id=\"39eb60c4\" data-element_type=\"widget\" data-widget_type=\"pitoon-project.default\">\n\t\t\t\t<div class=\"elementor-widget-container\">\n\t\t\t\t\t    <!--Projects Page Start-->\r\n    <section class=\"projects-page\">\r\n        <div class=\"container\">\r\n            <div class=\"row\">\r\n                                    <!--Project One Single Start-->\r\n                    <div class=\"col-xl-4 col-lg-6 col-md-6\">\r\n                        <div class=\"project-one__single\">\r\n                            <div class=\"project-one__img-box\">\r\n                                <div class=\"project-one__img\">\r\n                                    <img decoding=\"async\" src=\"https:\/\/www.seocunuz.com.tr\/wp-content\/uploads\/2023\/05\/project-page-1-1.jpg\" alt=\"\u0441\u0442\u0440\u0430\u043d\u0438\u0446\u0430 \u043f\u0440\u043e\u0435\u043a\u0442\u0430-1-1\" title=\"\u0441\u0442\u0440\u0430\u043d\u0438\u0446\u0430 \u043f\u0440\u043e\u0435\u043a\u0442\u0430-1-1\" >                                <\/div>\r\n                                <div class=\"project-one__content\">\r\n                                    <div class=\"project-one__tag\">\r\n                                        <p class=\"\">\u041c\u0430\u0440\u043a\u0435\u0442\u0438\u043d\u0433<\/p>                                    <\/div>\r\n                                    <div class=\"project-one__title-box\">\r\n                                        <h3 class=\"project-one__title\">\r\n                                            <a class=\"\" href=\"http:\/\/pitoonwp.pixydrops.com\/project-details\/\" target=\"_blank\" rel=\"noopener\">SEO <br> \u0418\u0445 \u0440\u0430\u0431\u043e\u0442\u0430<\/a>                                        <\/h3>\r\n                                    <\/div>\r\n                                <\/div>\r\n                                <div class=\"project-one__arrow-box\">\r\n                                    <a class=\"img-popup project-one__arrow\" href=\"http:\/\/pitoonwp.pixydrops.com\/wp-content\/uploads\/2023\/05\/project-page-1-1.jpg\" target=\"_blank\" rel=\"noopener\"><span aria-hidden=\"true\" class=\"icon-right-arrow\"><\/span><\/a>\r\n                                <\/div>\r\n                            <\/div>\r\n                        <\/div>\r\n                    <\/div>\r\n                    <!--Project One Single End-->\r\n                                    <!--Project One Single Start-->\r\n                    <div class=\"col-xl-4 col-lg-6 col-md-6\">\r\n                        <div class=\"project-one__single\">\r\n                            <div class=\"project-one__img-box\">\r\n                                <div class=\"project-one__img\">\r\n                                    <img decoding=\"async\" src=\"https:\/\/www.seocunuz.com.tr\/wp-content\/uploads\/2023\/05\/project-page-1-2.jpg\" alt=\"\u0441\u0442\u0440\u0430\u043d\u0438\u0446\u0430 \u043f\u0440\u043e\u0435\u043a\u0442\u0430-1-2\" title=\"\u0441\u0442\u0440\u0430\u043d\u0438\u0446\u0430 \u043f\u0440\u043e\u0435\u043a\u0442\u0430-1-2\" >                                <\/div>\r\n                                <div class=\"project-one__content\">\r\n                                    <div class=\"project-one__tag\">\r\n                                        <p class=\"\">\u041c\u0430\u0440\u043a\u0435\u0442\u0438\u043d\u0433<\/p>                                    <\/div>\r\n                                    <div class=\"project-one__title-box\">\r\n                                        <h3 class=\"project-one__title\">\r\n                                            <a class=\"\" href=\"http:\/\/pitoonwp.pixydrops.com\/project-details\/\" target=\"_blank\" rel=\"noopener\">\u0412\u0435\u0431-\u0441\u0430\u0439\u0442 <br> \u0418\u0445 \u0440\u0430\u0431\u043e\u0442\u0430<\/a>                                        <\/h3>\r\n                                    <\/div>\r\n                                <\/div>\r\n                                <div class=\"project-one__arrow-box\">\r\n                                    <a class=\"img-popup project-one__arrow\" href=\"http:\/\/pitoonwp.pixydrops.com\/wp-content\/uploads\/2023\/05\/project-page-1-2.jpg\" target=\"_blank\" rel=\"noopener\"><span aria-hidden=\"true\" class=\"icon-right-arrow\"><\/span><\/a>\r\n                                <\/div>\r\n                            <\/div>\r\n                        <\/div>\r\n                    <\/div>\r\n                    <!--Project One Single End-->\r\n                                    <!--Project One Single Start-->\r\n                    <div class=\"col-xl-4 col-lg-6 col-md-6\">\r\n                        <div class=\"project-one__single\">\r\n                            <div class=\"project-one__img-box\">\r\n                                <div class=\"project-one__img\">\r\n                                    <img decoding=\"async\" src=\"https:\/\/www.seocunuz.com.tr\/wp-content\/uploads\/2023\/05\/project-page-1-3.jpg\" alt=\"\u0441\u0442\u0440\u0430\u043d\u0438\u0446\u0430 \u043f\u0440\u043e\u0435\u043a\u0442\u0430-1-3\" title=\"\u0441\u0442\u0440\u0430\u043d\u0438\u0446\u0430 \u043f\u0440\u043e\u0435\u043a\u0442\u0430-1-3\" >                                <\/div>\r\n                                <div class=\"project-one__content\">\r\n                                    <div class=\"project-one__tag\">\r\n                                        <p class=\"\">\u041c\u0430\u0440\u043a\u0435\u0442\u0438\u043d\u0433<\/p>                                    <\/div>\r\n                                    <div class=\"project-one__title-box\">\r\n                                        <h3 class=\"project-one__title\">\r\n                                            <a class=\"\" href=\"http:\/\/pitoonwp.pixydrops.com\/project-details\/\" target=\"_blank\" rel=\"noopener\">\u042d\u043b\u0435\u043a\u0442\u0440\u043e\u043d\u043d\u0430\u044f \u043a\u043e\u043c\u043c\u0435\u0440\u0446\u0438\u044f <br>\u0418\u0445 \u0440\u0430\u0431\u043e\u0442\u0430<\/a>                                        <\/h3>\r\n                                    <\/div>\r\n                                <\/div>\r\n                                <div class=\"project-one__arrow-box\">\r\n                                    <a class=\"img-popup project-one__arrow\" href=\"http:\/\/pitoonwp.pixydrops.com\/wp-content\/uploads\/2023\/05\/project-page-1-3.jpg\" target=\"_blank\" rel=\"noopener\"><span aria-hidden=\"true\" class=\"icon-right-arrow\"><\/span><\/a>\r\n                                <\/div>\r\n                            <\/div>\r\n                        <\/div>\r\n                    <\/div>\r\n                    <!--Project One Single End-->\r\n                            <\/div>\r\n        <\/div>\r\n    <\/section>\r\n    <!--Projects Page End-->\r\n\r\n\t\t\t\t<\/div>\n\t\t\t\t<\/div>\n\t\t\t\t\t<\/div>\n\t\t<\/div>\n\t\t\t\t\t<\/div>\n\t\t<\/section>\n\t\t\t\t<\/div>","protected":false},"excerpt":{"rendered":"<p>Marketing SEO \u00c7al\u0131\u015fmalar\u0131 Marketing Website \u00c7al\u0131\u015fmalar\u0131 Marketing E-Ticaret \u00c7al\u0131\u015fmalar\u0131<\/p>","protected":false},"author":1,"featured_media":0,"parent":0,"menu_order":0,"comment_status":"closed","ping_status":"closed","template":"elementor_header_footer","meta":{"footnotes":""},"class_list":["post-14","page","type-page","status-publish","hentry"],"_links":{"self":[{"href":"https:\/\/www.seocunuz.com.tr\/ru\/wp-json\/wp\/v2\/pages\/14","targetHints":{"allow":["GET"]}}],"collection":[{"href":"https:\/\/www.seocunuz.com.tr\/ru\/wp-json\/wp\/v2\/pages"}],"about":[{"href":"https:\/\/www.seocunuz.com.tr\/ru\/wp-json\/wp\/v2\/types\/page"}],"author":[{"embeddable":true,"href":"https:\/\/www.seocunuz.com.tr\/ru\/wp-json\/wp\/v2\/users\/1"}],"replies":[{"embeddable":true,"href":"https:\/\/www.seocunuz.com.tr\/ru\/wp-json\/wp\/v2\/comments?post=14"}],"version-history":[{"count":6,"href":"https:\/\/www.seocunuz.com.tr\/ru\/wp-json\/wp\/v2\/pages\/14\/revisions"}],"predecessor-version":[{"id":3729,"href":"https:\/\/www.seocunuz.com.tr\/ru\/wp-json\/wp\/v2\/pages\/14\/revisions\/3729"}],"wp:attachment":[{"href":"https:\/\/www.seocunuz.com.tr\/ru\/wp-json\/wp\/v2\/media?parent=14"}],"curies":[{"name":"wp","href":"https:\/\/api.w.org\/{rel}","templated":true}]}}