{"id":18,"date":"2023-05-10T11:26:19","date_gmt":"2023-05-10T11:26:19","guid":{"rendered":"http:\/\/pitoonwp.pixydrops.com\/?page_id=18"},"modified":"2025-10-04T13:21:37","modified_gmt":"2025-10-04T10:21:37","slug":"o-nas","status":"publish","type":"page","link":"https:\/\/www.seocunuz.com.tr\/ru\/o-nas\/","title":{"rendered":"\u041e \u043d\u0430\u0441"},"content":{"rendered":"<div data-elementor-type=\"wp-page\" data-elementor-id=\"18\" class=\"elementor elementor-18\">\n\t\t\t\t\t\t<section class=\"elementor-section elementor-top-section elementor-element elementor-element-df4f5d1 elementor-section-full_width elementor-section-height-default elementor-section-height-default\" data-id=\"df4f5d1\" data-element_type=\"section\">\n\t\t\t\t\t\t<div class=\"elementor-container elementor-column-gap-no\">\n\t\t\t\t\t<div class=\"elementor-column elementor-col-100 elementor-top-column elementor-element elementor-element-b93eaad\" data-id=\"b93eaad\" data-element_type=\"column\">\n\t\t\t<div class=\"elementor-widget-wrap elementor-element-populated\">\n\t\t\t\t\t\t<div class=\"elementor-element elementor-element-8dcbff3 elementor-widget elementor-widget-pitoon-about\" data-id=\"8dcbff3\" data-element_type=\"widget\" data-widget_type=\"pitoon-about.default\">\n\t\t\t\t<div class=\"elementor-widget-container\">\n\t\t\t\t\t    <!--About Four Start-->\r\n    <section class=\"about-four\">\r\n        <div class=\"about-four__shape-3 float-bob-x\">\r\n            <img decoding=\"async\" src=\"https:\/\/www.seocunuz.com.tr\/wp-content\/uploads\/2023\/05\/about-four-shape-3.png\" alt=\"\u043f\u0440\u0438\u043c\u0435\u0440\u043d\u043e-\u0447\u0435\u0442\u044b\u0440\u0435\u0445\u0444\u043e\u0440\u043c\u043d\u0430\u044f-3\" title=\"\u043f\u0440\u0438\u043c\u0435\u0440\u043d\u043e-\u0447\u0435\u0442\u044b\u0440\u0435\u0445\u0444\u043e\u0440\u043c\u043d\u0430\u044f-3\" >        <\/div>\r\n        <div class=\"container\">\r\n            <div class=\"row\">\r\n                <div class=\"col-xl-6\">\r\n                    <div class=\"about-four__left\">\r\n                        <div class=\"about-four__shape-1 float-bob-x\">\r\n                            <img decoding=\"async\" src=\"https:\/\/www.seocunuz.com.tr\/wp-content\/uploads\/2023\/05\/about-four-shape-1.png\" alt=\"\u043f\u0440\u0438\u043c\u0435\u0440\u043d\u043e-\u0447\u0435\u0442\u044b\u0440\u0435\u0445\u0444\u043e\u0440\u043c\u043d\u044b\u0439-1\" title=\"\u043f\u0440\u0438\u043c\u0435\u0440\u043d\u043e-\u0447\u0435\u0442\u044b\u0440\u0435\u0445\u0444\u043e\u0440\u043c\u043d\u044b\u0439-1\" >                        <\/div>\r\n                        <div class=\"about-four__shape-2 float-bob-y\">\r\n                            <img decoding=\"async\" src=\"https:\/\/www.seocunuz.com.tr\/wp-content\/uploads\/2023\/05\/about-four-shape-2.png\" alt=\"\u043f\u0440\u0438\u043c\u0435\u0440\u043d\u043e-\u0447\u0435\u0442\u044b\u0440\u0435\u0445\u0444\u043e\u0440\u043c\u043d\u0430\u044f-2\" title=\"\u043f\u0440\u0438\u043c\u0435\u0440\u043d\u043e-\u0447\u0435\u0442\u044b\u0440\u0435\u0445\u0444\u043e\u0440\u043c\u043d\u0430\u044f-2\" >                        <\/div>\r\n                        <div class=\"about-four__img\">\r\n                            <img decoding=\"async\" src=\"https:\/\/www.seocunuz.com.tr\/wp-content\/uploads\/2023\/05\/about-four-img-1.jpg\" alt=\"about-four-img-1\" title=\"about-four-img-1\" >                        <\/div>\r\n                    <\/div>\r\n                <\/div>\r\n                <div class=\"col-xl-6\">\r\n                    <div class=\"about-four__right\">\r\n                        <div class=\"section-title text-left\">\r\n                            <div class=\"section-title__tagline-box\">\r\n                                <span class=\"section-title__tagline\">\u0410\u0433\u0435\u043d\u0442\u0441\u0442\u0432\u043e About Time SEO<\/span>                                <div class=\"section-title__icon-box-1\">\r\n                                    <i aria-hidden=\"true\" class=\"fa fa-angle-left\"><\/i>                                    <i aria-hidden=\"true\" class=\"fa fa-angle-left\"><\/i>                                    <i aria-hidden=\"true\" class=\"fa fa-angle-left\"><\/i>                                <\/div>\r\n                                <div class=\"section-title__icon-box-2\">\r\n                                    <i aria-hidden=\"true\" class=\"fa fa-angle-right\"><\/i>                                    <i aria-hidden=\"true\" class=\"fa fa-angle-right\"><\/i>                                    <i aria-hidden=\"true\" class=\"fa fa-angle-right\"><\/i>                                <\/div>\r\n                            <\/div>\r\n                            <h2 class=\"section-title__title\">\u041c\u044b \u043f\u043e\u0441\u0442\u043e\u044f\u043d\u043d\u043e \u0441\u0442\u0440\u0435\u043c\u0438\u043c\u0441\u044f \u043a \u043b\u0443\u0447\u0448\u0435\u043c\u0443.<\/h2>                        <\/div>\r\n                        <ul class=\"about-four__points list-unstyled ml-0\">\r\n                                                            <li>\r\n                                    <div class=\"icon\">\r\n                                        <span aria-hidden=\"true\" class=\"icon-down-right\"><\/span>                                    <\/div>\r\n                                    <div class=\"text\">\r\n                                        <p class=\"\">\u041c\u044b \u043f\u0440\u0435\u0432\u043e\u0441\u0445\u043e\u0434\u0438\u043c \u043e\u0436\u0438\u0434\u0430\u043d\u0438\u044f<\/p>                                    <\/div>\r\n                                <\/li>\r\n                                                            <li>\r\n                                    <div class=\"icon\">\r\n                                        <span aria-hidden=\"true\" class=\"icon-down-right\"><\/span>                                    <\/div>\r\n                                    <div class=\"text\">\r\n                                        <p class=\"\">\u0412 \u043f\u0435\u0440\u0432\u0443\u044e \u043e\u0447\u0435\u0440\u0435\u0434\u044c \u043c\u044b \u0437\u0430\u0431\u043e\u0442\u0438\u043c\u0441\u044f \u043e \u043b\u044e\u0434\u044f\u0445.<\/p>                                    <\/div>\r\n                                <\/li>\r\n                                                    <\/ul>\r\n                        <p class=\"about-four__text\">\u041e\u0441\u043d\u043e\u0432\u0430\u043d\u043d\u0430\u044f \u0432 2018 \u0433\u043e\u0434\u0443 \u0443\u0432\u0435\u0440\u0435\u043d\u043d\u043e\u0439 \u0438 \u0430\u043c\u0431\u0438\u0446\u0438\u043e\u0437\u043d\u043e\u0439 \u043a\u043e\u043c\u0430\u043d\u0434\u043e\u0439 \u0441\u043f\u0435\u0446\u0438\u0430\u043b\u0438\u0441\u0442\u043e\u0432 \u043f\u043e \u0446\u0438\u0444\u0440\u043e\u0432\u043e\u043c\u0443 \u043c\u0430\u0440\u043a\u0435\u0442\u0438\u043d\u0433\u0443, \u043d\u0430\u0448\u0430 \u043a\u043e\u043c\u043f\u0430\u043d\u0438\u044f \u0441\u0435\u0433\u043e\u0434\u043d\u044f \u043e\u0431\u0441\u043b\u0443\u0436\u0438\u0432\u0430\u0435\u0442 \u0431\u043e\u043b\u0435\u0435 100 \u043a\u043b\u0438\u0435\u043d\u0442\u043e\u0432, \u0441\u043f\u0435\u0446\u0438\u0430\u043b\u0438\u0437\u0438\u0440\u0443\u044f\u0441\u044c \u0432 \u043e\u0441\u043d\u043e\u0432\u043d\u043e\u043c \u043d\u0430 SEO, Google AdWords, \u043a\u0430\u043c\u043f\u0430\u043d\u0438\u044f\u0445 \u0432 \u0441\u043e\u0446\u0438\u0430\u043b\u044c\u043d\u044b\u0445 \u0441\u0435\u0442\u044f\u0445 \u0438 \u0440\u0430\u0437\u0440\u0430\u0431\u043e\u0442\u043a\u0435 \u0441\u0430\u0439\u0442\u043e\u0432 \u044d\u043b\u0435\u043a\u0442\u0440\u043e\u043d\u043d\u043e\u0439 \u043a\u043e\u043c\u043c\u0435\u0440\u0446\u0438\u0438, \u043f\u043e\u043c\u043e\u0433\u0430\u044f \u043d\u0430\u0448\u0438\u043c \u043a\u043b\u0438\u0435\u043d\u0442\u0430\u043c \u043f\u0435\u0440\u0435\u0439\u0442\u0438 \u0432 \u0446\u0438\u0444\u0440\u043e\u0432\u043e\u0439 \u043c\u0438\u0440. \u0411\u043b\u0430\u0433\u043e\u0434\u0430\u0440\u044f \u043d\u0430\u0448\u0435\u0439 \u0441\u0435\u0440\u0442\u0438\u0444\u0438\u0446\u0438\u0440\u043e\u0432\u0430\u043d\u043d\u043e\u0439 \u043a\u043e\u043c\u0430\u043d\u0434\u0435 \u044d\u043a\u0441\u043f\u0435\u0440\u0442\u043e\u0432, \u043c\u044b \u0441\u0442\u0440\u0435\u043c\u0438\u043c\u0441\u044f \u043a \u043f\u043e\u0441\u0442\u043e\u044f\u043d\u043d\u044b\u043c \u0438\u043d\u043d\u043e\u0432\u0430\u0446\u0438\u044f\u043c. Time SEO Agency \u2014 \u044d\u0442\u043e \u0431\u0440\u0435\u043d\u0434 Time Group.<\/p>                                                    <div class=\"about-four__btn-box\">\r\n                                <a class=\"about-four__btn thm-btn\" href=\"\/ru\/iletisim\/\"  >\u0425\u043e\u0442\u0435\u043b\u0438 \u0431\u044b \u0432\u044b \u0432\u0441\u0442\u0440\u0435\u0442\u0438\u0442\u044c\u0441\u044f?<\/a>                            <\/div>\r\n                                            <\/div>\r\n                <\/div>\r\n            <\/div>\r\n        <\/div>\r\n    <\/section>\r\n    <!--About Four End-->\r\n\t\t\t\t<\/div>\n\t\t\t\t<\/div>\n\t\t\t\t\t<\/div>\n\t\t<\/div>\n\t\t\t\t\t<\/div>\n\t\t<\/section>\n\t\t\t\t<section class=\"elementor-section elementor-top-section elementor-element elementor-element-1b006592 elementor-section-full_width elementor-section-height-default elementor-section-height-default\" data-id=\"1b006592\" data-element_type=\"section\">\n\t\t\t\t\t\t<div class=\"elementor-container elementor-column-gap-no\">\n\t\t\t\t\t<div class=\"elementor-column elementor-col-100 elementor-top-column elementor-element elementor-element-613d1de\" data-id=\"613d1de\" data-element_type=\"column\">\n\t\t\t<div class=\"elementor-widget-wrap\">\n\t\t\t\t\t\t\t<\/div>\n\t\t<\/div>\n\t\t\t\t\t<\/div>\n\t\t<\/section>\n\t\t\t\t<section class=\"elementor-section elementor-top-section elementor-element elementor-element-6392103f elementor-section-full_width elementor-section-height-default elementor-section-height-default\" data-id=\"6392103f\" data-element_type=\"section\">\n\t\t\t\t\t\t<div class=\"elementor-container elementor-column-gap-no\">\n\t\t\t\t\t<div class=\"elementor-column elementor-col-100 elementor-top-column elementor-element elementor-element-c6650fc\" data-id=\"c6650fc\" data-element_type=\"column\">\n\t\t\t<div class=\"elementor-widget-wrap elementor-element-populated\">\n\t\t\t\t\t\t<div class=\"elementor-element elementor-element-23de93a0 elementor-widget elementor-widget-pitoon-choose\" data-id=\"23de93a0\" data-element_type=\"widget\" data-widget_type=\"pitoon-choose.default\">\n\t\t\t\t<div class=\"elementor-widget-container\">\n\t\t\t\t\t    <!--Why Choose Three Start-->\r\n    <section class=\"why-choose-three\">\r\n        <div class=\"why-choose-three__bg\" style=\"background-image: url(http:\/\/pitoonwp.pixydrops.com\/wp-content\/uploads\/2023\/05\/why-choose-three-bg.jpg);\"><\/div>\r\n        <div class=\"container\">\r\n            <div class=\"why-choose-three__top\">\r\n                <div class=\"row\">\r\n                    <div class=\"col-xl-7 col-lg-7\">\r\n                        <div class=\"why-choose-three__left\">\r\n                            <div class=\"section-title text-left\">\r\n                                <div class=\"section-title__tagline-box\">\r\n                                    <span class=\"section-title__tagline\">\u041d\u0430\u0448\u0438 \u043f\u0440\u0435\u0438\u043c\u0443\u0449\u0435\u0441\u0442\u0432\u0430<\/span>                                    <div class=\"section-title__icon-box-1\">\r\n                                        <i aria-hidden=\"true\" class=\"fa fa-angle-left\"><\/i>                                        <i aria-hidden=\"true\" class=\"fa fa-angle-left\"><\/i>                                        <i aria-hidden=\"true\" class=\"fa fa-angle-left\"><\/i>                                    <\/div>\r\n                                    <div class=\"section-title__icon-box-2\">\r\n                                        <i aria-hidden=\"true\" class=\"fa fa-angle-right\"><\/i>                                        <i aria-hidden=\"true\" class=\"fa fa-angle-right\"><\/i>                                        <i aria-hidden=\"true\" class=\"fa fa-angle-right\"><\/i>                                    <\/div>\r\n                                <\/div>\r\n                                <h2 class=\"section-title__title\">\u041f\u043e\u0447\u0435\u043c\u0443 \u0432\u044b\u0431\u0438\u0440\u0430\u044e\u0442 \u043d\u0430\u0441?<\/h2>                            <\/div>\r\n                        <\/div>\r\n                    <\/div>\r\n                    <div class=\"col-xl-5 col-lg-5\">\r\n                        <div class=\"why-choose-three__right\">\r\n                            <p class=\"why-choose-three__text\">\u041c\u044b \u2014 \u0434\u0438\u043d\u0430\u043c\u0438\u0447\u043d\u0430\u044f \u043a\u043e\u043c\u0430\u043d\u0434\u0430, \u043a\u043e\u0442\u043e\u0440\u0430\u044f \u0438\u0434\u0435\u0442 \u0432 \u043d\u043e\u0433\u0443 \u0441 \u0438\u043d\u043d\u043e\u0432\u0430\u0446\u0438\u044f\u043c\u0438. \u0418 \u0441\u0430\u043c\u043e\u0435 \u0433\u043b\u0430\u0432\u043d\u043e\u0435, \u0432\u0441\u0435 \u043c\u044b \u2014 \u043f\u043e\u043a\u0443\u043f\u0430\u0442\u0435\u043b\u0438. \u0412 \u0442\u0430\u043a\u043e\u0439 \u0443\u044f\u0437\u0432\u0438\u043c\u043e\u0439 \u0434\u043b\u044f \u0437\u043b\u043e\u0443\u043f\u043e\u0442\u0440\u0435\u0431\u043b\u0435\u043d\u0438\u0439 \u0441\u0444\u0435\u0440\u0435, \u043a\u0430\u043a \u0446\u0438\u0444\u0440\u043e\u0432\u043e\u0439 \u043c\u0430\u0440\u043a\u0435\u0442\u0438\u043d\u0433, \u043c\u044b \u0441\u0447\u0438\u0442\u0430\u0435\u043c, \u0447\u0442\u043e \u043f\u0440\u043e\u0437\u0440\u0430\u0447\u043d\u0430\u044f \u043e\u0442\u0447\u0435\u0442\u043d\u043e\u0441\u0442\u044c \u0432\u0441\u0435\u0433\u0434\u0430 \u043d\u0435\u043e\u0431\u0445\u043e\u0434\u0438\u043c\u0430, \u0438 \u043f\u0440\u0435\u0434\u043e\u0441\u0442\u0430\u0432\u043b\u044f\u0435\u043c \u043d\u0430\u0448\u0438 \u0443\u0441\u043b\u0443\u0433\u0438 \u043a\u043b\u0438\u0435\u043d\u0442\u0430\u043c \u0432 \u0441\u043e\u043e\u0442\u0432\u0435\u0442\u0441\u0442\u0432\u0438\u0438 \u0441 \u044d\u0442\u0438\u043c.<\/p>                        <\/div>\r\n                    <\/div>\r\n                <\/div>\r\n            <\/div>\r\n            <div class=\"why-choose-three__bottom\">\r\n                <div class=\"row\">\r\n                                            <div class=\"col-xl-3 col-lg-6 col-md-6 wow fadeInUp\" data-wow-delay=\"100ms\">\r\n                            <div class=\"why-choose-three__single\">\r\n                                <div class=\"why-choose-three__single-bg-1\" style=\"background-image: url(http:\/\/pitoonwp.pixydrops.com\/wp-content\/uploads\/2023\/05\/why-choose-three-single-bg-1.jpg);\">\r\n                                <\/div>\r\n                                <div class=\"why-choose-three__icon\">\r\n                                    <span aria-hidden=\"true\" class=\"icon-assurance\"><\/span>                                <\/div>\r\n                                <div class=\"why-choose-three__title\">\r\n                                    <h3>\r\n                                        <a class=\"\" href=\"http:\/\/pitoonwp.pixydrops.com\/services\/\" target=\"_blank\" rel=\"noopener\">\u0412\u0441\u0435\u0433\u0434\u0430 \u043f\u0440\u043e\u0437\u0440\u0430\u0447\u043d\u043e\u0441\u0442\u044c<\/a>                                    <\/h3>\r\n                                <\/div>\r\n                            <\/div>\r\n                        <\/div>\r\n                                            <div class=\"col-xl-3 col-lg-6 col-md-6 wow fadeInUp\" data-wow-delay=\"200ms\">\r\n                            <div class=\"why-choose-three__single\">\r\n                                <div class=\"why-choose-three__single-bg-1\" style=\"background-image: url(http:\/\/pitoonwp.pixydrops.com\/wp-content\/uploads\/2023\/05\/why-choose-three-single-bg-2.jpg);\">\r\n                                <\/div>\r\n                                <div class=\"why-choose-three__icon\">\r\n                                    <span aria-hidden=\"true\" class=\"icon-brainstorm\"><\/span>                                <\/div>\r\n                                <div class=\"why-choose-three__title\">\r\n                                    <h3>\r\n                                        <a class=\"\" href=\"http:\/\/pitoonwp.pixydrops.com\/team\/\" target=\"_blank\" rel=\"noopener\">\u0411\u043e\u043b\u044c\u0448\u043e\u0439 \u043c\u0430\u0441\u0441\u0438\u0432 \u0434\u0430\u043d\u043d\u044b\u0445<\/a>                                    <\/h3>\r\n                                <\/div>\r\n                            <\/div>\r\n                        <\/div>\r\n                                            <div class=\"col-xl-3 col-lg-6 col-md-6 wow fadeInUp\" data-wow-delay=\"300ms\">\r\n                            <div class=\"why-choose-three__single\">\r\n                                <div class=\"why-choose-three__single-bg-1\" style=\"background-image: url(http:\/\/pitoonwp.pixydrops.com\/wp-content\/uploads\/2023\/05\/why-choose-three-single-bg-3.jpg);\">\r\n                                <\/div>\r\n                                <div class=\"why-choose-three__icon\">\r\n                                    <span aria-hidden=\"true\" class=\"icon-crm\"><\/span>                                <\/div>\r\n                                <div class=\"why-choose-three__title\">\r\n                                    <h3>\r\n                                        <a class=\"\" href=\"http:\/\/pitoonwp.pixydrops.com\/about\/\" target=\"_blank\" rel=\"noopener\">\u041e\u043d\u043b\u0430\u0439\u043d-\u043f\u043e\u0434\u0434\u0435\u0440\u0436\u043a\u0430<\/a>                                    <\/h3>\r\n                                <\/div>\r\n                            <\/div>\r\n                        <\/div>\r\n                                            <div class=\"col-xl-3 col-lg-6 col-md-6 wow fadeInUp\" data-wow-delay=\"400ms\">\r\n                            <div class=\"why-choose-three__single\">\r\n                                <div class=\"why-choose-three__single-bg-1\" style=\"background-image: url(http:\/\/pitoonwp.pixydrops.com\/wp-content\/uploads\/2023\/05\/why-choose-three-single-bg-4.jpg);\">\r\n                                <\/div>\r\n                                <div class=\"why-choose-three__icon\">\r\n                                    <span aria-hidden=\"true\" class=\"icon-agreement\"><\/span>                                <\/div>\r\n                                <div class=\"why-choose-three__title\">\r\n                                    <h3>\r\n                                        <a class=\"\" href=\"http:\/\/pitoonwp.pixydrops.com\/about\/\" target=\"_blank\" rel=\"noopener\">\u041a\u043e\u043c\u043f\u043b\u0435\u043a\u0441\u043d\u0430\u044f \u043e\u0442\u0447\u0435\u0442\u043d\u043e\u0441\u0442\u044c<\/a>                                    <\/h3>\r\n                                <\/div>\r\n                            <\/div>\r\n                        <\/div>\r\n                                    <\/div>\r\n            <\/div>\r\n        <\/div>\r\n    <\/section>\r\n    <!--Why Choose Three End-->\r\n\r\n\t\t\t\t<\/div>\n\t\t\t\t<\/div>\n\t\t\t\t\t<\/div>\n\t\t<\/div>\n\t\t\t\t\t<\/div>\n\t\t<\/section>\n\t\t\t\t<\/div>","protected":false},"excerpt":{"rendered":"<p>Time SEO Ajans\u0131 Hakk\u0131nda En \u0130yisi \u0130\u00e7in S\u00fcrekli \u00c7al\u0131\u015f\u0131yoruz Biz Beklentilerin \u00d6tesine Ge\u00e7iyoruz \u00d6nce \u0130nsan&#8217;a Ba\u011fl\u0131y\u0131z 2018 y\u0131l\u0131nda Dijital Pazarlama konusunda kendilerine g\u00fcvenen ve h\u0131rsl\u0131 bir ekip olarak ba\u015flad\u0131\u011f\u0131m\u0131z bu yolda 100\u2019\u00fcn \u00fczerinde m\u00fc\u015fteri portf\u00f6y\u00fc, ba\u015fta S.E.O olmak \u00fczere, Google Adwords,Sosyal Medya \u00c7al\u0131\u015fmalar\u0131 ve E Ticaret Site Kurulumu birlikte m\u00fc\u015fterilerimizi Dijital D\u00fcnya\u2019ya ta\u015f\u0131yoruz. Sertifikal\u0131 ve [&hellip;]<\/p>","protected":false},"author":1,"featured_media":0,"parent":0,"menu_order":0,"comment_status":"closed","ping_status":"closed","template":"elementor_header_footer","meta":{"footnotes":""},"class_list":["post-18","page","type-page","status-publish","hentry"],"_links":{"self":[{"href":"https:\/\/www.seocunuz.com.tr\/ru\/wp-json\/wp\/v2\/pages\/18","targetHints":{"allow":["GET"]}}],"collection":[{"href":"https:\/\/www.seocunuz.com.tr\/ru\/wp-json\/wp\/v2\/pages"}],"about":[{"href":"https:\/\/www.seocunuz.com.tr\/ru\/wp-json\/wp\/v2\/types\/page"}],"author":[{"embeddable":true,"href":"https:\/\/www.seocunuz.com.tr\/ru\/wp-json\/wp\/v2\/users\/1"}],"replies":[{"embeddable":true,"href":"https:\/\/www.seocunuz.com.tr\/ru\/wp-json\/wp\/v2\/comments?post=18"}],"version-history":[{"count":6,"href":"https:\/\/www.seocunuz.com.tr\/ru\/wp-json\/wp\/v2\/pages\/18\/revisions"}],"predecessor-version":[{"id":3723,"href":"https:\/\/www.seocunuz.com.tr\/ru\/wp-json\/wp\/v2\/pages\/18\/revisions\/3723"}],"wp:attachment":[{"href":"https:\/\/www.seocunuz.com.tr\/ru\/wp-json\/wp\/v2\/media?parent=18"}],"curies":[{"name":"wp","href":"https:\/\/api.w.org\/{rel}","templated":true}]}}