{"id":96,"date":"2023-05-10T12:24:56","date_gmt":"2023-05-10T12:24:56","guid":{"rendered":"http:\/\/pitoonwp.pixydrops.com\/?page_id=96"},"modified":"2025-10-04T13:33:19","modified_gmt":"2025-10-04T10:33:19","slug":"razrabotka-saytov","status":"publish","type":"page","link":"https:\/\/www.seocunuz.com.tr\/ru\/razrabotka-saytov\/","title":{"rendered":"\u0420\u0430\u0437\u0440\u0430\u0431\u043e\u0442\u043a\u0430 \u0432\u0435\u0431-\u0441\u0430\u0439\u0442\u043e\u0432"},"content":{"rendered":"<div data-elementor-type=\"wp-page\" data-elementor-id=\"96\" class=\"elementor elementor-96\">\n\t\t\t\t\t\t<section class=\"elementor-section elementor-top-section elementor-element elementor-element-31d3a19b services-details elementor-section-boxed elementor-section-height-default elementor-section-height-default\" data-id=\"31d3a19b\" data-element_type=\"section\">\n\t\t\t\t\t\t<div class=\"elementor-container elementor-column-gap-no\">\n\t\t\t\t\t<div class=\"elementor-column elementor-col-50 elementor-top-column elementor-element elementor-element-189ed839\" data-id=\"189ed839\" data-element_type=\"column\">\n\t\t\t<div class=\"elementor-widget-wrap elementor-element-populated\">\n\t\t\t\t\t\t<div class=\"elementor-element elementor-element-3e6fc74 elementor-widget elementor-widget-sidebar-nav\" data-id=\"3e6fc74\" data-element_type=\"widget\" data-widget_type=\"sidebar-nav.default\">\n\t\t\t\t<div class=\"elementor-widget-container\">\n\t\t\t\t\t    <div class=\"services-details__services-list\">\r\n                    <div class=\"services-details__services-title\">\r\n                <h3 class=\"\">\u041d\u0430\u0448\u0438 \u0443\u0441\u043b\u0443\u0433\u0438<\/h3>            <\/div>\r\n                            <ul id=\"menu-service-menu\" class=\"services-details__services list-unstyled ml-0\"><li id=\"menu-item-1189\" class=\"menu-item menu-item-type-post_type menu-item-object-page menu-item-1189\"><a href=\"https:\/\/www.seocunuz.com.tr\/ru\/mobilnoe-prilozhenie\/\">\u041c\u043e\u0431\u0438\u043b\u044c\u043d\u043e\u0435 \u043f\u0440\u0438\u043b\u043e\u0436\u0435\u043d\u0438\u0435<\/a><\/li>\n<li id=\"menu-item-1187\" class=\"menu-item menu-item-type-post_type menu-item-object-page menu-item-1187\"><a href=\"https:\/\/www.seocunuz.com.tr\/ru\/tsifrovoy-marketing\/\">\u0426\u0438\u0444\u0440\u043e\u0432\u043e\u0439 \u043c\u0430\u0440\u043a\u0435\u0442\u0438\u043d\u0433<\/a><\/li>\n<li id=\"menu-item-1188\" class=\"menu-item menu-item-type-post_type menu-item-object-page menu-item-1188\"><a href=\"https:\/\/www.seocunuz.com.tr\/ru\/graficheskiy-dizayn\/\">\u0413\u0440\u0430\u0444\u0438\u0447\u0435\u0441\u043a\u0438\u0439 \u0434\u0438\u0437\u0430\u0439\u043d<\/a><\/li>\n<li id=\"menu-item-1192\" class=\"menu-item menu-item-type-post_type menu-item-object-page menu-item-1192\"><a href=\"https:\/\/www.seocunuz.com.tr\/ru\/razrabotka-saytov\/\">\u0420\u0430\u0437\u0440\u0430\u0431\u043e\u0442\u043a\u0430 \u0432\u0435\u0431-\u0441\u0430\u0439\u0442\u043e\u0432<\/a><\/li>\n<li id=\"menu-item-1191\" class=\"menu-item menu-item-type-post_type menu-item-object-page menu-item-1191\"><a href=\"https:\/\/www.seocunuz.com.tr\/ru\/rabota-v-sotsialnyh-setyah\/\">\u0418\u0441\u0441\u043b\u0435\u0434\u043e\u0432\u0430\u043d\u0438\u044f \u0441\u043e\u0446\u0438\u0430\u043b\u044c\u043d\u044b\u0445 \u0441\u0435\u0442\u0435\u0439<\/a><\/li>\n<li id=\"menu-item-1190\" class=\"menu-item menu-item-type-post_type menu-item-object-page menu-item-1190\"><a href=\"https:\/\/www.seocunuz.com.tr\/ru\/seo-raboty\/\">SEO-\u0443\u0441\u043b\u0443\u0433\u0438<\/a><\/li>\n<\/ul>            <\/div>\r\n\r\n\t\t\t\t<\/div>\n\t\t\t\t<\/div>\n\t\t\t\t<div class=\"elementor-element elementor-element-d2e1224 elementor-widget elementor-widget-pitoon-sidebar-banner\" data-id=\"d2e1224\" data-element_type=\"widget\" data-widget_type=\"pitoon-sidebar-banner.default\">\n\t\t\t\t<div class=\"elementor-widget-container\">\n\t\t\t\t\t    <div class=\"banner-one\">\r\n        <div class=\"banner-one__shape-1\">\r\n            <img decoding=\"async\" src=\"https:\/\/www.seocunuz.com.tr\/wp-content\/uploads\/2023\/05\/banner-one-shape-1.png\" alt=\"banner-one-shape-1\" title=\"banner-one-shape-1\" >        <\/div>\r\n        <div class=\"banner-one__img\">\r\n            <img decoding=\"async\" src=\"https:\/\/www.seocunuz.com.tr\/wp-content\/uploads\/2023\/05\/banner-one-img.png\" alt=\"banner-one-img\" title=\"banner-one-img\" >        <\/div>\r\n        <h3 class=\"banner-one__title\">\u0426\u0438\u0444\u0440\u043e\u0432\u043e\u0439 <br> \u041c\u0430\u0440\u043a\u0435\u0442\u0438\u043d\u0433 <br> \u0420\u0435\u0448\u0435\u043d\u0438\u044f <br> \u0412\u044b \u0438\u0449\u0435\u0442\u0435?<\/h3>                    <div class=\"banner-one__btn-box\">\r\n                <a class=\"banner-one__btn thm-btn\" href=\"\/ru\/iletisim\/\"  >\u041a\u041e\u041c\u041c\u0423\u041d\u0418\u041a\u0410\u0426\u0418\u042f<\/a>            <\/div>\r\n            <\/div>\r\n\r\n\t\t\t\t<\/div>\n\t\t\t\t<\/div>\n\t\t\t\t<div class=\"elementor-element elementor-element-c0ce9cd elementor-widget elementor-widget-pitoon-document\" data-id=\"c0ce9cd\" data-element_type=\"widget\" data-widget_type=\"pitoon-document.default\">\n\t\t\t\t<div class=\"elementor-widget-container\">\n\t\t\t\t\t            <div class=\"services-details__documents\">\r\n            <div class=\"icon\">\r\n                <span aria-hidden=\"true\" class=\"icon-pdf-file\"><\/span>            <\/div>\r\n            <div class=\"content\">\r\n                <h3>\r\n                    <a class=\"\" href=\"http:\/\/www.seocunuz.com.tr\/wp-content\/uploads\/2025\/10\/Time-SEO-Ajansi-Sunum.pdf\"  >\u041d\u0430\u0448 \u043f\u0440\u043e\u0444\u0438\u043b\u044c<\/a>                <\/h3>\r\n                <p class=\"\">2,5 \u041c\u0411<\/p>            <\/div>\r\n        <\/div>\r\n    \r\n\t\t\t\t<\/div>\n\t\t\t\t<\/div>\n\t\t\t\t\t<\/div>\n\t\t<\/div>\n\t\t\t\t<div class=\"elementor-column elementor-col-50 elementor-top-column elementor-element elementor-element-2d448f48\" data-id=\"2d448f48\" data-element_type=\"column\">\n\t\t\t<div class=\"elementor-widget-wrap elementor-element-populated\">\n\t\t\t\t\t\t<div class=\"elementor-element elementor-element-6af82a6 services-details__img elementor-widget elementor-widget-image\" data-id=\"6af82a6\" data-element_type=\"widget\" data-widget_type=\"image.default\">\n\t\t\t\t\t\t\t\t\t\t\t\t\t\t\t<img fetchpriority=\"high\" decoding=\"async\" width=\"770\" height=\"381\" src=\"https:\/\/www.seocunuz.com.tr\/wp-content\/uploads\/2023\/05\/services-details-img-4.jpg\" class=\"attachment-full size-full wp-image-1443\" alt=\"\" srcset=\"https:\/\/www.seocunuz.com.tr\/wp-content\/uploads\/2023\/05\/services-details-img-4.jpg 770w, https:\/\/www.seocunuz.com.tr\/wp-content\/uploads\/2023\/05\/services-details-img-4-570x282.jpg 570w, https:\/\/www.seocunuz.com.tr\/wp-content\/uploads\/2023\/05\/services-details-img-4-300x148.jpg 300w, https:\/\/www.seocunuz.com.tr\/wp-content\/uploads\/2023\/05\/services-details-img-4-768x380.jpg 768w\" sizes=\"(max-width: 770px) 100vw, 770px\" \/>\t\t\t\t\t\t\t\t\t\t\t\t\t\t\t<\/div>\n\t\t\t\t<div class=\"elementor-element elementor-element-5c13db11 elementor-widget elementor-widget-heading\" data-id=\"5c13db11\" data-element_type=\"widget\" data-widget_type=\"heading.default\">\n\t\t\t\t\t<h2 class=\"elementor-heading-title elementor-size-default\">\u0420\u0430\u0437\u0440\u0430\u0431\u043e\u0442\u043a\u0430 \u0432\u0435\u0431-\u0441\u0430\u0439\u0442\u043e\u0432<\/h2>\t\t\t\t<\/div>\n\t\t\t\t<div class=\"elementor-element elementor-element-628abb4d elementor-widget elementor-widget-text-editor\" data-id=\"628abb4d\" data-element_type=\"widget\" data-widget_type=\"text-editor.default\">\n\t\t\t\t\t\t\t\t\t<p>\u0414\u043b\u044f \u0434\u0435\u043c\u043e\u043d\u0441\u0442\u0440\u0430\u0446\u0438\u0438 \u0441\u0432\u043e\u0435\u0433\u043e \u043f\u0440\u0438\u0441\u0443\u0442\u0441\u0442\u0432\u0438\u044f \u0432 \u0438\u043d\u0442\u0435\u0440\u043d\u0435\u0442\u0435 \u0431\u0438\u0437\u043d\u0435\u0441\u0443 \u043d\u0435\u043e\u0431\u0445\u043e\u0434\u0438\u043c \u043a\u0430\u0447\u0435\u0441\u0442\u0432\u0435\u043d\u043d\u044b\u0439 \u0432\u0435\u0431-\u0441\u0430\u0439\u0442. \u0425\u043e\u0440\u043e\u0448\u0435\u0433\u043e \u0434\u0438\u0437\u0430\u0439\u043d\u0430 \u043d\u0435\u0434\u043e\u0441\u0442\u0430\u0442\u043e\u0447\u043d\u043e; \u043d\u0443\u0436\u043d\u043e \u0442\u0430\u043a\u0436\u0435 \u0441\u0434\u0435\u043b\u0430\u0442\u044c \u0441\u0430\u0439\u0442 \u0431\u044b\u0441\u0442\u0440\u044b\u043c, \u0443\u0434\u043e\u0431\u043d\u044b\u043c \u0434\u043b\u044f \u0438\u0441\u043f\u043e\u043b\u044c\u0437\u043e\u0432\u0430\u043d\u0438\u044f \u043d\u0430 \u043c\u043e\u0431\u0438\u043b\u044c\u043d\u044b\u0445 \u0443\u0441\u0442\u0440\u043e\u0439\u0441\u0442\u0432\u0430\u0445 \u0438 \u043e\u043f\u0442\u0438\u043c\u0438\u0437\u0438\u0440\u043e\u0432\u0430\u043d\u043d\u044b\u043c \u0434\u043b\u044f \u043f\u043e\u0438\u0441\u043a\u043e\u0432\u044b\u0445 \u0441\u0438\u0441\u0442\u0435\u043c. <strong>\u0420\u0430\u0437\u0440\u0430\u0431\u043e\u0442\u043a\u0430 \u0432\u0435\u0431-\u0441\u0430\u0439\u0442\u043e\u0432<\/strong> \u041c\u044b \u043c\u043e\u0436\u0435\u043c \u043f\u043e\u043c\u043e\u0447\u044c \u0432\u0430\u043c \u0441 \u0432\u0430\u0448\u0438\u043c \u0441\u0430\u0439\u0442\u043e\u043c, \u043a\u043e\u0433\u0434\u0430 \u0432\u0430\u043c \u043f\u043e\u043d\u0430\u0434\u043e\u0431\u044f\u0442\u0441\u044f \u043d\u0430\u0448\u0438 \u0443\u0441\u043b\u0443\u0433\u0438. \u041c\u044b \u0445\u043e\u0442\u0438\u043c \u0441\u043e\u0437\u0434\u0430\u0442\u044c \u0441\u0430\u0439\u0442, \u043a\u043e\u0442\u043e\u0440\u044b\u0439 \u0441\u043e\u043e\u0442\u0432\u0435\u0442\u0441\u0442\u0432\u0443\u0435\u0442 \u0432\u0438\u0434\u0435\u043d\u0438\u044e \u0432\u0430\u0448\u0435\u0433\u043e \u0431\u0440\u0435\u043d\u0434\u0430 \u0438 \u043f\u043e\u043c\u043e\u0433\u0430\u0435\u0442 \u0432\u0430\u043c \u0434\u043e\u0441\u0442\u0438\u0447\u044c \u0432\u0430\u0448\u0438\u0445 \u0434\u043e\u043b\u0433\u043e\u0441\u0440\u043e\u0447\u043d\u044b\u0445 \u0446\u0435\u043b\u0435\u0439.<\/p>\t\t\t\t\t\t\t\t<\/div>\n\t\t\t\t<div class=\"elementor-element elementor-element-b5256b6 elementor-widget elementor-widget-text-editor\" data-id=\"b5256b6\" data-element_type=\"widget\" data-widget_type=\"text-editor.default\">\n\t\t\t\t\t\t\t\t\t<p>\u0427\u0442\u043e \u043c\u044b \u043f\u0440\u0435\u0434\u043b\u0430\u0433\u0430\u0435\u043c \u0432 \u0440\u0430\u043c\u043a\u0430\u0445 \u0432\u0435\u0431-\u0434\u0438\u0437\u0430\u0439\u043d\u0430 \u0438 \u0440\u0430\u0437\u0440\u0430\u0431\u043e\u0442\u043a\u0438?<\/p>\t\t\t\t\t\t\t\t<\/div>\n\t\t\t\t<div class=\"elementor-element elementor-element-2c32781c elementor-widget elementor-widget-text-editor\" data-id=\"2c32781c\" data-element_type=\"widget\" data-widget_type=\"text-editor.default\">\n\t\t\t\t\t\t\t\t\t<p>\u041c\u044b \u0441\u043e\u0437\u0434\u0430\u0451\u043c \u0443\u0434\u043e\u0431\u043d\u044b\u0435, \u0441\u043e\u043e\u0442\u0432\u0435\u0442\u0441\u0442\u0432\u0443\u044e\u0449\u0438\u0435 \u0442\u0440\u0435\u043d\u0434\u0430\u043c \u0432\u0438\u0437\u0443\u0430\u043b\u044c\u043d\u044b\u0435 \u0440\u0435\u0448\u0435\u043d\u0438\u044f, \u043a\u043e\u0442\u043e\u0440\u044b\u0435 \u0438\u0434\u0435\u0430\u043b\u044c\u043d\u043e \u0432\u043f\u0438\u0441\u044b\u0432\u0430\u044e\u0442\u0441\u044f \u0432 \u0432\u0430\u0448 \u0431\u0440\u0435\u043d\u0434. \u041d\u0430\u0448 \u0432\u0435\u0431-\u0434\u0438\u0437\u0430\u0439\u043d \u0430\u0434\u0430\u043f\u0442\u0438\u0432\u0435\u043d, \u0442\u043e \u0435\u0441\u0442\u044c \u0445\u043e\u0440\u043e\u0448\u043e \u043f\u043e\u0434\u0441\u0442\u0440\u0430\u0438\u0432\u0430\u0435\u0442\u0441\u044f \u043f\u043e\u0434 \u0440\u0430\u0437\u043d\u044b\u0435 \u0443\u0441\u0442\u0440\u043e\u0439\u0441\u0442\u0432\u0430. \u041e\u043d \u043e\u0442\u043b\u0438\u0447\u043d\u043e \u0432\u044b\u0433\u043b\u044f\u0434\u0438\u0442 \u0438 \u0440\u0430\u0431\u043e\u0442\u0430\u0435\u0442 \u043d\u0430 \u0442\u0435\u043b\u0435\u0444\u043e\u043d\u0430\u0445, \u043f\u043b\u0430\u043d\u0448\u0435\u0442\u0430\u0445 \u0438 \u043a\u043e\u043c\u043f\u044c\u044e\u0442\u0435\u0440\u0430\u0445. \u041c\u044b \u0440\u0430\u0437\u0440\u0430\u0431\u0430\u0442\u044b\u0432\u0430\u0435\u043c \u043f\u0440\u043e\u0433\u0440\u0430\u043c\u043c\u043d\u043e\u0435 \u043e\u0431\u0435\u0441\u043f\u0435\u0447\u0435\u043d\u0438\u0435, \u043a\u043e\u0442\u043e\u0440\u043e\u0435 \u0441\u043e\u043e\u0442\u0432\u0435\u0442\u0441\u0442\u0432\u0443\u0435\u0442 \u043f\u0440\u0430\u0432\u0438\u043b\u0430\u043c \u0442\u0435\u0445\u043d\u0438\u0447\u0435\u0441\u043a\u043e\u0439 SEO-\u043e\u043f\u0442\u0438\u043c\u0438\u0437\u0430\u0446\u0438\u0438 \u0434\u043b\u044f \u043f\u043e\u0432\u044b\u0448\u0435\u043d\u0438\u044f \u043f\u043e\u0437\u0438\u0446\u0438\u0439 \u0432 \u043f\u043e\u0438\u0441\u043a\u043e\u0432\u044b\u0445 \u0441\u0438\u0441\u0442\u0435\u043c\u0430\u0445. \u0411\u043e\u043b\u0435\u0435 \u0431\u044b\u0441\u0442\u0440\u0430\u044f \u0437\u0430\u0433\u0440\u0443\u0437\u043a\u0430 \u0441\u0442\u0440\u0430\u043d\u0438\u0446 \u043f\u043e\u0432\u044b\u0448\u0430\u0435\u0442 \u0443\u0434\u043e\u0432\u043b\u0435\u0442\u0432\u043e\u0440\u0435\u043d\u043d\u043e\u0441\u0442\u044c \u043f\u043e\u043b\u044c\u0437\u043e\u0432\u0430\u0442\u0435\u043b\u0435\u0439 \u0438 \u0443\u043b\u0443\u0447\u0448\u0430\u0435\u0442 \u0432\u0430\u0448 \u0440\u0435\u0439\u0442\u0438\u043d\u0433 \u0432 Google. \u041c\u044b \u043f\u043e\u043c\u043e\u0433\u0430\u0435\u043c \u0432\u0430\u043c \u0441\u043e\u0437\u0434\u0430\u0432\u0430\u0442\u044c \u0438\u043d\u0442\u0435\u0440\u043d\u0435\u0442-\u043c\u0430\u0433\u0430\u0437\u0438\u043d\u044b, \u0433\u0434\u0435 \u0432\u044b \u043c\u043e\u0436\u0435\u0442\u0435 \u0431\u0435\u0437\u043e\u043f\u0430\u0441\u043d\u043e \u0438 \u0443\u0434\u043e\u0431\u043d\u043e \u043f\u0440\u043e\u0434\u0430\u0432\u0430\u0442\u044c \u0441\u0432\u043e\u044e \u043f\u0440\u043e\u0434\u0443\u043a\u0446\u0438\u044e.<br \/>\u0418\u043d\u0442\u0435\u0433\u0440\u0438\u0440\u043e\u0432\u0430\u043d\u043d\u044b\u0435 \u0441\u0438\u0441\u0442\u0435\u043c\u044b: CRM, \u043f\u043b\u0430\u0442\u0435\u0436\u043d\u0430\u044f \u0438\u043d\u0444\u0440\u0430\u0441\u0442\u0440\u0443\u043a\u0442\u0443\u0440\u0430, email-\u043c\u0430\u0440\u043a\u0435\u0442\u0438\u043d\u0433 \u0438 \u0440\u0435\u0448\u0435\u043d\u0438\u044f \u0441\u0442\u043e\u0440\u043e\u043d\u043d\u0438\u0445 \u0440\u0430\u0437\u0440\u0430\u0431\u043e\u0442\u0447\u0438\u043a\u043e\u0432, \u0442\u0430\u043a\u0438\u0435 \u043a\u0430\u043a \u0438\u043d\u0442\u0435\u0433\u0440\u0430\u0446\u0438\u044f \u0441 \u0432\u0430\u0448\u0438\u043c \u0432\u0435\u0431-\u0441\u0430\u0439\u0442\u043e\u043c.<\/p>\t\t\t\t\t\t\t\t<\/div>\n\t\t\t\t<div class=\"elementor-element elementor-element-f48d07 elementor-widget elementor-widget-heading\" data-id=\"f48d07\" data-element_type=\"widget\" data-widget_type=\"heading.default\">\n\t\t\t\t\t<h2 class=\"elementor-heading-title elementor-size-default\">\u041f\u043e\u0447\u0435\u043c\u0443 \u0441\u0442\u043e\u0438\u0442 \u0432\u044b\u0431\u0440\u0430\u0442\u044c Time SEO \u0434\u043b\u044f \u0432\u0435\u0431-\u0434\u0438\u0437\u0430\u0439\u043d\u0430?<\/h2>\t\t\t\t<\/div>\n\t\t\t\t<div class=\"elementor-element elementor-element-3635f613 elementor-widget elementor-widget-pitoon-business-box\" data-id=\"3635f613\" data-element_type=\"widget\" data-widget_type=\"pitoon-business-box.default\">\n\t\t\t\t<div class=\"elementor-widget-container\">\n\t\t\t\t\t    <ul class=\"services-details__points list-unstyled ml-0\">\r\n                    <li>\r\n                <div class=\"icon\">\r\n                    <span aria-hidden=\"true\" class=\"icon-copy-writing\"><\/span>                <\/div>\r\n                <div class=\"text\">\r\n                    <p class=\"service-details__business-title\">\u0422\u0440\u0430\u043d\u0441\u0444\u043e\u0440\u043c\u0430\u0446\u0438\u044f<br> \u0426\u0435\u043b\u0435\u043d\u0430\u043f\u0440\u0430\u0432\u043b\u0435\u043d\u043d\u044b\u0439 \u043f\u043e\u0434\u0445\u043e\u0434<\/p>                <\/div>\r\n            <\/li>\r\n                    <li>\r\n                <div class=\"icon\">\r\n                    <span aria-hidden=\"true\" class=\"icon-conversion-rate\"><\/span>                <\/div>\r\n                <div class=\"text\">\r\n                    <p class=\"service-details__business-title service-details__business-title\">\u0421\u043a\u043e\u0440\u043e\u0441\u0442\u044c<br> \u0411\u0435\u0437\u043e\u043f\u0430\u0441\u043d\u043e\u0441\u0442\u044c<\/p>                <\/div>\r\n            <\/li>\r\n                    <li>\r\n                <div class=\"icon\">\r\n                    <span aria-hidden=\"true\" class=\"icon-world\"><\/span>                <\/div>\r\n                <div class=\"text\">\r\n                    <p class=\"service-details__business-title service-details__business-title service-details__business-title\">\u041c\u043d\u043e\u0433\u043e\u044f\u0437\u044b\u0447\u043d\u044b\u0439 <br> \u0412\u0441\u0435\u043c\u0438\u0440\u043d\u0430\u044f \u0433\u0430\u0440\u043c\u043e\u043d\u0438\u044f<\/p>                <\/div>\r\n            <\/li>\r\n            <\/ul>\r\n\t\t\t\t<\/div>\n\t\t\t\t<\/div>\n\t\t\t\t<div class=\"elementor-element elementor-element-faff87a elementor-widget elementor-widget-pitoon-benefit-box\" data-id=\"faff87a\" data-element_type=\"widget\" data-widget_type=\"pitoon-benefit-box.default\">\n\t\t\t\t<div class=\"elementor-widget-container\">\n\t\t\t\t\t    <div class=\"services-details__benefit\">\r\n        <div class=\"row\">\r\n            <div class=\"col-xl-6\">\r\n                <div class=\"services-details__benefit-img\">\r\n                    <img decoding=\"async\" src=\"https:\/\/www.seocunuz.com.tr\/wp-content\/uploads\/2023\/05\/services-details-benefit-img.jpg\" alt=\"services-details-benefit-img\" title=\"services-details-benefit-img\" >                <\/div>\r\n            <\/div>\r\n            <div class=\"col-xl-6\">\r\n                <div class=\"services-details__benefit-content\">\r\n                    <h3 class=\"services-details__benefit-title\">\u041d\u0430\u0448\u0438 \u043f\u0440\u0435\u0438\u043c\u0443\u0449\u0435\u0441\u0442\u0432\u0430<\/h3><p class=\"services-details__benefit-text\">\u0410\u0433\u0435\u043d\u0442\u0441\u0442\u0432\u043e Time SEO \u043f\u043e\u043c\u043e\u0436\u0435\u0442 \u0432\u0430\u043c \u0434\u043e\u0431\u0438\u0442\u044c\u0441\u044f \u043d\u0430\u0438\u043b\u0443\u0447\u0448\u0438\u0445 \u0440\u0435\u0437\u0443\u043b\u044c\u0442\u0430\u0442\u043e\u0432.<\/p>                    <ul class=\"services-details__benefit-points list-unstyled ml-0\">\r\n                                                    <li>\r\n                                <div class=\"icon\">\r\n                                    <span aria-hidden=\"true\" class=\"fa fa-check\"><\/span>                                <\/div>\r\n                                <div class=\"text\">\r\n                                    <p class=\"\">\u041f\u0440\u043e\u0444\u0435\u0441\u0441\u0438\u043e\u043d\u0430\u043b\u044c\u043d\u044b\u0439 \u0438\u043c\u0438\u0434\u0436 \u0431\u0440\u0435\u043d\u0434\u0430<\/p>                                <\/div>\r\n                            <\/li>\r\n                                                    <li>\r\n                                <div class=\"icon\">\r\n                                    <span aria-hidden=\"true\" class=\"fa fa-check\"><\/span>                                <\/div>\r\n                                <div class=\"text\">\r\n                                    <p class=\"\">SEO-\u043e\u043f\u0442\u0438\u043c\u0438\u0437\u0438\u0440\u043e\u0432\u0430\u043d\u043d\u0430\u044f \u0441\u0442\u0440\u0443\u043a\u0442\u0443\u0440\u0430<\/p>                                <\/div>\r\n                            <\/li>\r\n                                                    <li>\r\n                                <div class=\"icon\">\r\n                                    <span aria-hidden=\"true\" class=\"fa fa-check\"><\/span>                                <\/div>\r\n                                <div class=\"text\">\r\n                                    <p class=\"\">\u0422\u0435\u043a\u0443\u0449\u0438\u0439 \u044f\u0437\u044b\u043a \u043f\u0440\u043e\u0433\u0440\u0430\u043c\u043c\u0438\u0440\u043e\u0432\u0430\u043d\u0438\u044f <\/p>                                <\/div>\r\n                            <\/li>\r\n                                                    <li>\r\n                                <div class=\"icon\">\r\n                                    <span aria-hidden=\"true\" class=\"fa fa-check\"><\/span>                                <\/div>\r\n                                <div class=\"text\">\r\n                                    <p class=\"\">\u0418\u043d\u0444\u0440\u0430\u0441\u0442\u0440\u0443\u043a\u0442\u0443\u0440\u0430 \u043d\u0430 \u0431\u0430\u0437\u0435 \u0438\u0441\u043a\u0443\u0441\u0441\u0442\u0432\u0435\u043d\u043d\u043e\u0433\u043e \u0438\u043d\u0442\u0435\u043b\u043b\u0435\u043a\u0442\u0430<\/p>                                <\/div>\r\n                            <\/li>\r\n                                            <\/ul>\r\n                <\/div>\r\n            <\/div>\r\n        <\/div>\r\n    <\/div>\r\n\t\t\t\t<\/div>\n\t\t\t\t<\/div>\n\t\t\t\t<div class=\"elementor-element elementor-element-331637fe elementor-widget elementor-widget-pitoon-importance\" data-id=\"331637fe\" data-element_type=\"widget\" data-widget_type=\"pitoon-importance.default\">\n\t\t\t\t<div class=\"elementor-widget-container\">\n\t\t\t\t\t    <div class=\"services-details__importance\">\r\n        <div class=\"services-details__importance-shape-1\">\r\n            <img decoding=\"async\" src=\"https:\/\/www.seocunuz.com.tr\/wp-content\/uploads\/2023\/05\/services-details-importance-shape-1.png\" alt=\"\u0441\u0435\u0440\u0432\u0438\u0441\u044b-\u0434\u0435\u0442\u0430\u043b\u0438-\u0432\u0430\u0436\u043d\u043e\u0441\u0442\u044c-\u0444\u043e\u0440\u043c\u0430-1\" title=\"\u0441\u0435\u0440\u0432\u0438\u0441\u044b-\u0434\u0435\u0442\u0430\u043b\u0438-\u0432\u0430\u0436\u043d\u043e\u0441\u0442\u044c-\u0444\u043e\u0440\u043c\u0430-1\" >        <\/div>\r\n        <div class=\"services-details__importance-img\">\r\n            <img decoding=\"async\" src=\"https:\/\/www.seocunuz.com.tr\/wp-content\/uploads\/2023\/05\/services-details-importance-img.png\" alt=\"services-details-importance-img\" title=\"services-details-importance-img\" >        <\/div>\r\n        <div class=\"services-details__importance-title-box\">\r\n            <h3 class=\"services-details__importance-title\">\u0420\u0435\u0448\u0435\u043d\u0438\u044f, \u0440\u0430\u0437\u0440\u0430\u0431\u043e\u0442\u0430\u043d\u043d\u044b\u0435 \u0441 \u0443\u0447\u0435\u0442\u043e\u043c \u0432\u0430\u0448\u0438\u0445 \u043f\u043e\u0442\u0440\u0435\u0431\u043d\u043e\u0441\u0442\u0435\u0439. <br> \u041c\u044b \u0436\u0434\u0451\u043c \u0432\u0430\u0441.<\/h3>                            <div class=\"services-details__importance-btn-box\">\r\n                    <a class=\"services-details__importance-btn\" href=\"tel:+902626061238\"  >\u0421\u0412\u042f\u0417\u0410\u0422\u042c\u0421\u042f \u0421 \u041d\u0410\u041c\u0418<\/a>                <\/div>\r\n            \r\n        <\/div>\r\n    <\/div>\r\n\t\t\t\t<\/div>\n\t\t\t\t<\/div>\n\t\t\t\t\t<\/div>\n\t\t<\/div>\n\t\t\t\t\t<\/div>\n\t\t<\/section>\n\t\t\t\t<\/div>","protected":false},"excerpt":{"rendered":"<p>Hizmetlerimiz Mobil Uygulama Dijital Pazarlama Grafik Tasar\u0131m Website Geli\u015ftirme Sosyal Medya \u00c7al\u0131\u015fmalar\u0131 SEO \u00c7al\u0131\u015fmalar\u0131 Dijital Pazarlama \u00c7\u00f6z\u00fcmleri mi Ar\u0131yorsunuz? \u0130LET\u0130\u015e\u0130M Tan\u0131t\u0131m Dosya\u0131m\u0131z 2.5 MB Website Geli\u015ftirme Bir i\u015fletmenin \u00e7evrimi\u00e7i olduklar\u0131n\u0131 g\u00f6stermek i\u00e7in iyi bir web sitesine ihtiyac\u0131 vard\u0131r. \u0130yi bir tasar\u0131m yeterli de\u011fildir; Ayr\u0131ca web sitenizi h\u0131zl\u0131, mobil cihazlarda kullan\u0131m\u0131 kolay ve arama motorlar\u0131 i\u00e7in [&hellip;]<\/p>","protected":false},"author":1,"featured_media":0,"parent":0,"menu_order":0,"comment_status":"closed","ping_status":"closed","template":"","meta":{"footnotes":""},"class_list":["post-96","page","type-page","status-publish","hentry"],"_links":{"self":[{"href":"https:\/\/www.seocunuz.com.tr\/ru\/wp-json\/wp\/v2\/pages\/96","targetHints":{"allow":["GET"]}}],"collection":[{"href":"https:\/\/www.seocunuz.com.tr\/ru\/wp-json\/wp\/v2\/pages"}],"about":[{"href":"https:\/\/www.seocunuz.com.tr\/ru\/wp-json\/wp\/v2\/types\/page"}],"author":[{"embeddable":true,"href":"https:\/\/www.seocunuz.com.tr\/ru\/wp-json\/wp\/v2\/users\/1"}],"replies":[{"embeddable":true,"href":"https:\/\/www.seocunuz.com.tr\/ru\/wp-json\/wp\/v2\/comments?post=96"}],"version-history":[{"count":6,"href":"https:\/\/www.seocunuz.com.tr\/ru\/wp-json\/wp\/v2\/pages\/96\/revisions"}],"predecessor-version":[{"id":3737,"href":"https:\/\/www.seocunuz.com.tr\/ru\/wp-json\/wp\/v2\/pages\/96\/revisions\/3737"}],"wp:attachment":[{"href":"https:\/\/www.seocunuz.com.tr\/ru\/wp-json\/wp\/v2\/media?parent=96"}],"curies":[{"name":"wp","href":"https:\/\/api.w.org\/{rel}","templated":true}]}}