{"id":100,"date":"2023-05-10T12:25:36","date_gmt":"2023-05-10T12:25:36","guid":{"rendered":"http:\/\/pitoonwp.pixydrops.com\/?page_id=100"},"modified":"2025-10-04T13:29:12","modified_gmt":"2025-10-04T10:29:12","slug":"seo-pune","status":"publish","type":"page","link":"https:\/\/www.seocunuz.com.tr\/sq\/seo-pune\/","title":{"rendered":"Sh\u00ebrbime SEO"},"content":{"rendered":"<div data-elementor-type=\"wp-page\" data-elementor-id=\"100\" class=\"elementor elementor-100\">\n\t\t\t\t\t\t<section class=\"elementor-section elementor-top-section elementor-element elementor-element-288d713c services-details elementor-section-boxed elementor-section-height-default elementor-section-height-default\" data-id=\"288d713c\" data-element_type=\"section\">\n\t\t\t\t\t\t<div class=\"elementor-container elementor-column-gap-no\">\n\t\t\t\t\t<div class=\"elementor-column elementor-col-50 elementor-top-column elementor-element elementor-element-ff7b99f\" data-id=\"ff7b99f\" data-element_type=\"column\">\n\t\t\t<div class=\"elementor-widget-wrap elementor-element-populated\">\n\t\t\t\t\t\t<div class=\"elementor-element elementor-element-6498aba5 elementor-widget elementor-widget-sidebar-nav\" data-id=\"6498aba5\" data-element_type=\"widget\" data-widget_type=\"sidebar-nav.default\">\n\t\t\t\t<div class=\"elementor-widget-container\">\n\t\t\t\t\t    <div class=\"services-details__services-list\">\r\n                    <div class=\"services-details__services-title\">\r\n                <h3 class=\"\">Sh\u00ebrbimet tona<\/h3>            <\/div>\r\n                            <ul id=\"menu-service-menu\" class=\"services-details__services list-unstyled ml-0\"><li id=\"menu-item-1189\" class=\"menu-item menu-item-type-post_type menu-item-object-page menu-item-1189\"><a href=\"https:\/\/www.seocunuz.com.tr\/sq\/aplikacion-mobil\/\">Aplikacion celular<\/a><\/li>\n<li id=\"menu-item-1187\" class=\"menu-item menu-item-type-post_type menu-item-object-page menu-item-1187\"><a href=\"https:\/\/www.seocunuz.com.tr\/sq\/marketing-digjital\/\">Marketing Dixhital<\/a><\/li>\n<li id=\"menu-item-1188\" class=\"menu-item menu-item-type-post_type menu-item-object-page menu-item-1188\"><a href=\"https:\/\/www.seocunuz.com.tr\/sq\/dizajn-grafik\/\">Dizajn Grafik<\/a><\/li>\n<li id=\"menu-item-1192\" class=\"menu-item menu-item-type-post_type menu-item-object-page menu-item-1192\"><a href=\"https:\/\/www.seocunuz.com.tr\/sq\/zhvillim-website\/\">Zhvillimi i Faqes s\u00eb Internetit<\/a><\/li>\n<li id=\"menu-item-1191\" class=\"menu-item menu-item-type-post_type menu-item-object-page menu-item-1191\"><a href=\"https:\/\/www.seocunuz.com.tr\/sq\/pune-ne-rrjete-sociale\/\">Studime t\u00eb Mediave Sociale<\/a><\/li>\n<li id=\"menu-item-1190\" class=\"menu-item menu-item-type-post_type menu-item-object-page menu-item-1190\"><a href=\"https:\/\/www.seocunuz.com.tr\/sq\/seo-pune\/\">Sh\u00ebrbime SEO<\/a><\/li>\n<\/ul>            <\/div>\r\n\r\n\t\t\t\t<\/div>\n\t\t\t\t<\/div>\n\t\t\t\t<div class=\"elementor-element elementor-element-efafb32 elementor-widget elementor-widget-pitoon-sidebar-banner\" data-id=\"efafb32\" data-element_type=\"widget\" data-widget_type=\"pitoon-sidebar-banner.default\">\n\t\t\t\t<div class=\"elementor-widget-container\">\n\t\t\t\t\t    <div class=\"banner-one\">\r\n        <div class=\"banner-one__shape-1\">\r\n            <img decoding=\"async\" src=\"https:\/\/www.seocunuz.com.tr\/wp-content\/uploads\/2023\/05\/banner-one-shape-1.png\" alt=\"banner-nj\u00eb-form\u00eb-1\" title=\"banner-nj\u00eb-form\u00eb-1\" >        <\/div>\r\n        <div class=\"banner-one__img\">\r\n            <img decoding=\"async\" src=\"https:\/\/www.seocunuz.com.tr\/wp-content\/uploads\/2023\/05\/banner-one-img.png\" alt=\"banner-nj\u00eb-img\" title=\"banner-nj\u00eb-img\" >        <\/div>\r\n        <h3 class=\"banner-one__title\">Dixhitale <br> Marketing <br> Zgjidhje <br> Po k\u00ebrkoni?<\/h3>                    <div class=\"banner-one__btn-box\">\r\n                <a class=\"banner-one__btn thm-btn\" href=\"\/sq\/iletisim\/\"  >KOMUNIKIM<\/a>            <\/div>\r\n            <\/div>\r\n\r\n\t\t\t\t<\/div>\n\t\t\t\t<\/div>\n\t\t\t\t<div class=\"elementor-element elementor-element-3d6135f2 elementor-widget elementor-widget-pitoon-document\" data-id=\"3d6135f2\" data-element_type=\"widget\" data-widget_type=\"pitoon-document.default\">\n\t\t\t\t<div class=\"elementor-widget-container\">\n\t\t\t\t\t            <div class=\"services-details__documents\">\r\n            <div class=\"icon\">\r\n                <span aria-hidden=\"true\" class=\"icon-pdf-file\"><\/span>            <\/div>\r\n            <div class=\"content\">\r\n                <h3>\r\n                    <a class=\"\" href=\"http:\/\/www.seocunuz.com.tr\/wp-content\/uploads\/2025\/10\/Time-SEO-Ajansi-Sunum.pdf\"  >Profili yn\u00eb<\/a>                <\/h3>\r\n                <p class=\"\">2.5 MB<\/p>            <\/div>\r\n        <\/div>\r\n    \r\n\t\t\t\t<\/div>\n\t\t\t\t<\/div>\n\t\t\t\t\t<\/div>\n\t\t<\/div>\n\t\t\t\t<div class=\"elementor-column elementor-col-50 elementor-top-column elementor-element elementor-element-71810b10\" data-id=\"71810b10\" data-element_type=\"column\">\n\t\t\t<div class=\"elementor-widget-wrap elementor-element-populated\">\n\t\t\t\t\t\t<div class=\"elementor-element elementor-element-50f63f8d services-details__img elementor-widget elementor-widget-image\" data-id=\"50f63f8d\" data-element_type=\"widget\" data-widget_type=\"image.default\">\n\t\t\t\t\t\t\t\t\t\t\t\t\t\t\t<img fetchpriority=\"high\" decoding=\"async\" width=\"770\" height=\"381\" src=\"https:\/\/www.seocunuz.com.tr\/wp-content\/uploads\/2023\/05\/services-details-img-6.jpg\" class=\"attachment-full size-full wp-image-1435\" alt=\"\" srcset=\"https:\/\/www.seocunuz.com.tr\/wp-content\/uploads\/2023\/05\/services-details-img-6.jpg 770w, https:\/\/www.seocunuz.com.tr\/wp-content\/uploads\/2023\/05\/services-details-img-6-570x282.jpg 570w, https:\/\/www.seocunuz.com.tr\/wp-content\/uploads\/2023\/05\/services-details-img-6-300x148.jpg 300w, https:\/\/www.seocunuz.com.tr\/wp-content\/uploads\/2023\/05\/services-details-img-6-768x380.jpg 768w\" sizes=\"(max-width: 770px) 100vw, 770px\" \/>\t\t\t\t\t\t\t\t\t\t\t\t\t\t\t<\/div>\n\t\t\t\t<div class=\"elementor-element elementor-element-34a9db2b elementor-widget elementor-widget-heading\" data-id=\"34a9db2b\" data-element_type=\"widget\" data-widget_type=\"heading.default\">\n\t\t\t\t\t<h2 class=\"elementor-heading-title elementor-size-default\">Pun\u00eb SEO<\/h2>\t\t\t\t<\/div>\n\t\t\t\t<div class=\"elementor-element elementor-element-f03cb65 elementor-widget elementor-widget-text-editor\" data-id=\"f03cb65\" data-element_type=\"widget\" data-widget_type=\"text-editor.default\">\n\t\t\t\t\t\t\t\t\t<p>Mund t\u00eb kesh sukses n\u00eb bot\u00ebn online duke pasur nj\u00eb faqe interneti t\u00eb mir\u00eb q\u00eb renditet lart n\u00eb rezultatet e k\u00ebrkimit. SEO (Optimizimi i Motor\u00ebve t\u00eb K\u00ebrkimit) \u00ebsht\u00eb nj\u00eb m\u00ebnyr\u00eb p\u00ebr t\u00eb p\u00ebrmir\u00ebsuar faqen tuaj t\u00eb internetit n\u00eb m\u00ebnyr\u00eb q\u00eb m\u00eb shum\u00eb njer\u00ebz ta gjejn\u00eb dhe ta vizitojn\u00eb at\u00eb. Ai p\u00ebrfshin sigurimin q\u00eb faqja juaj e internetit t\u00eb ket\u00eb specifikimet e duhura teknike dhe q\u00eb p\u00ebrmbajtja juaj t\u00eb jet\u00eb e r\u00ebnd\u00ebsishme dhe e dobishme p\u00ebr audienc\u00ebn tuaj.<\/p><p>Ne e ndihmojm\u00eb biznesin tuaj t\u00eb rritet n\u00eb internet duke krijuar plane SEO afatgjata dhe efektive t\u00eb p\u00ebrshtatura sipas nevojave tuaja. Ne duam q\u00eb m\u00eb shum\u00eb njer\u00ebz t\u00eb vizitojn\u00eb faqen tuaj, duke u siguruar q\u00eb ata jan\u00eb personat q\u00eb kan\u00eb nevoj\u00eb p\u00ebr produktin ose sh\u00ebrbimin tuaj.<\/p>\t\t\t\t\t\t\t\t<\/div>\n\t\t\t\t<div class=\"elementor-element elementor-element-71544fa3 elementor-widget elementor-widget-text-editor\" data-id=\"71544fa3\" data-element_type=\"widget\" data-widget_type=\"text-editor.default\">\n\t\t\t\t\t\t\t\t\t<p>\u00c7far\u00eb do t\u00eb p\u00ebrfitoni nga puna SEO?<\/p>\t\t\t\t\t\t\t\t<\/div>\n\t\t\t\t<div class=\"elementor-element elementor-element-7c23d7ee elementor-widget elementor-widget-text-editor\" data-id=\"7c23d7ee\" data-element_type=\"widget\" data-widget_type=\"text-editor.default\">\n\t\t\t\t\t\t\t\t\t<p>Google do ta ndihmoj\u00eb at\u00eb t\u00eb renditet m\u00eb lart n\u00eb rezultatet e motor\u00ebve t\u00eb k\u00ebrkimit dhe t\u00eb t\u00ebrheq\u00eb m\u00eb shum\u00eb vizitor\u00eb pa k\u00ebrkuar pages\u00eb.<\/p><p>Ne ju ndihmojm\u00eb t\u00eb shnd\u00ebrroni njer\u00ebzit q\u00eb vizitojn\u00eb faqen tuaj n\u00eb klient\u00eb.<\/p><p>Kur njer\u00ebzit k\u00ebrkojn\u00eb di\u00e7ka, ata do ta shohin faqen tuaj t\u00eb internetit m\u00eb shpesh dhe do t&#039;ju mendojn\u00eb si nj\u00eb kompani t\u00eb mir\u00eb dhe t\u00eb besueshme.<\/p><p>Ju keni nj\u00eb avantazh ndaj konkurrent\u00ebve tuaj duke mos i kopjuar ata.<\/p>\t\t\t\t\t\t\t\t<\/div>\n\t\t\t\t<div class=\"elementor-element elementor-element-6733b121 elementor-widget elementor-widget-heading\" data-id=\"6733b121\" data-element_type=\"widget\" data-widget_type=\"heading.default\">\n\t\t\t\t\t<h2 class=\"elementor-heading-title elementor-size-default\">Pse i kushtoni koh\u00eb SEO-s?<\/h2>\t\t\t\t<\/div>\n\t\t\t\t<div class=\"elementor-element elementor-element-4a9ee103 elementor-widget elementor-widget-pitoon-business-box\" data-id=\"4a9ee103\" data-element_type=\"widget\" data-widget_type=\"pitoon-business-box.default\">\n\t\t\t\t<div class=\"elementor-widget-container\">\n\t\t\t\t\t    <ul class=\"services-details__points list-unstyled ml-0\">\r\n                    <li>\r\n                <div class=\"icon\">\r\n                    <span aria-hidden=\"true\" class=\"icon-copy-writing\"><\/span>                <\/div>\r\n                <div class=\"text\">\r\n                    <p class=\"service-details__business-title\">Teknike<br> Analiza SEO<\/p>                <\/div>\r\n            <\/li>\r\n                    <li>\r\n                <div class=\"icon\">\r\n                    <span aria-hidden=\"true\" class=\"icon-conversion-rate\"><\/span>                <\/div>\r\n                <div class=\"text\">\r\n                    <p class=\"service-details__business-title service-details__business-title\">Gjith\u00ebp\u00ebrfshir\u00ebs<br> Raportimi<\/p>                <\/div>\r\n            <\/li>\r\n                    <li>\r\n                <div class=\"icon\">\r\n                    <span aria-hidden=\"true\" class=\"icon-world\"><\/span>                <\/div>\r\n                <div class=\"text\">\r\n                    <p class=\"service-details__business-title service-details__business-title service-details__business-title\">Lokal dhe Global <br> SEO<\/p>                <\/div>\r\n            <\/li>\r\n            <\/ul>\r\n\t\t\t\t<\/div>\n\t\t\t\t<\/div>\n\t\t\t\t<div class=\"elementor-element elementor-element-6d331474 elementor-widget elementor-widget-pitoon-benefit-box\" data-id=\"6d331474\" data-element_type=\"widget\" data-widget_type=\"pitoon-benefit-box.default\">\n\t\t\t\t<div class=\"elementor-widget-container\">\n\t\t\t\t\t    <div class=\"services-details__benefit\">\r\n        <div class=\"row\">\r\n            <div class=\"col-xl-6\">\r\n                <div class=\"services-details__benefit-img\">\r\n                    <img decoding=\"async\" src=\"https:\/\/www.seocunuz.com.tr\/wp-content\/uploads\/2023\/05\/services-details-benefit-img.jpg\" alt=\"detajet-e-sh\u00ebrbimeve-e-p\u00ebrfitimit-img\" title=\"detajet-e-sh\u00ebrbimeve-e-p\u00ebrfitimit-img\" >                <\/div>\r\n            <\/div>\r\n            <div class=\"col-xl-6\">\r\n                <div class=\"services-details__benefit-content\">\r\n                    <h3 class=\"services-details__benefit-title\">Avantazhet e p\u00ebrpjekjeve SEO<\/h3><p class=\"services-details__benefit-text\">Suksesi nuk \u00ebsht\u00eb larg me Time SEO.<\/p>                    <ul class=\"services-details__benefit-points list-unstyled ml-0\">\r\n                                                    <li>\r\n                                <div class=\"icon\">\r\n                                    <span aria-hidden=\"true\" class=\"fa fa-check\"><\/span>                                <\/div>\r\n                                <div class=\"text\">\r\n                                    <p class=\"\">Dukshm\u00ebri e rritur<\/p>                                <\/div>\r\n                            <\/li>\r\n                                                    <li>\r\n                                <div class=\"icon\">\r\n                                    <span aria-hidden=\"true\" class=\"fa fa-check\"><\/span>                                <\/div>\r\n                                <div class=\"text\">\r\n                                    <p class=\"\">ROI i Lart\u00eb (Shkall\u00eb e Lart\u00eb e Konvertimit)<\/p>                                <\/div>\r\n                            <\/li>\r\n                                                    <li>\r\n                                <div class=\"icon\">\r\n                                    <span aria-hidden=\"true\" class=\"fa fa-check\"><\/span>                                <\/div>\r\n                                <div class=\"text\">\r\n                                    <p class=\"\">Sukses dhe Trafik i Q\u00ebndruesh\u00ebm<\/p>                                <\/div>\r\n                            <\/li>\r\n                                                    <li>\r\n                                <div class=\"icon\">\r\n                                    <span aria-hidden=\"true\" class=\"fa fa-check\"><\/span>                                <\/div>\r\n                                <div class=\"text\">\r\n                                    <p class=\"\">Imazh m\u00eb i fort\u00eb i mark\u00ebs<\/p>                                <\/div>\r\n                            <\/li>\r\n                                            <\/ul>\r\n                <\/div>\r\n            <\/div>\r\n        <\/div>\r\n    <\/div>\r\n\t\t\t\t<\/div>\n\t\t\t\t<\/div>\n\t\t\t\t<div class=\"elementor-element elementor-element-38223007 elementor-widget elementor-widget-pitoon-importance\" data-id=\"38223007\" data-element_type=\"widget\" data-widget_type=\"pitoon-importance.default\">\n\t\t\t\t<div class=\"elementor-widget-container\">\n\t\t\t\t\t    <div class=\"services-details__importance\">\r\n        <div class=\"services-details__importance-shape-1\">\r\n            <img decoding=\"async\" src=\"https:\/\/www.seocunuz.com.tr\/wp-content\/uploads\/2023\/05\/services-details-importance-shape-1.png\" alt=\"detajet-e-sh\u00ebrbimeve-r\u00ebnd\u00ebsia-forma-1\" title=\"detajet-e-sh\u00ebrbimeve-r\u00ebnd\u00ebsia-forma-1\" >        <\/div>\r\n        <div class=\"services-details__importance-img\">\r\n            <img decoding=\"async\" src=\"https:\/\/www.seocunuz.com.tr\/wp-content\/uploads\/2023\/05\/services-details-importance-img.png\" alt=\"detajet-e-sh\u00ebrbimeve-e-r\u00ebnd\u00ebsis\u00eb-img\" title=\"detajet-e-sh\u00ebrbimeve-e-r\u00ebnd\u00ebsis\u00eb-img\" >        <\/div>\r\n        <div class=\"services-details__importance-title-box\">\r\n            <h3 class=\"services-details__importance-title\">P\u00ebr Zgjidhje t\u00eb P\u00ebrshtatura sipas Nevojave Tuaja <br> Ne po ju presim.<\/h3>                            <div class=\"services-details__importance-btn-box\">\r\n                    <a class=\"services-details__importance-btn\" href=\"tel:+902626061238\"  >NA KONTAKTONI<\/a>                <\/div>\r\n            \r\n        <\/div>\r\n    <\/div>\r\n\t\t\t\t<\/div>\n\t\t\t\t<\/div>\n\t\t\t\t\t<\/div>\n\t\t<\/div>\n\t\t\t\t\t<\/div>\n\t\t<\/section>\n\t\t\t\t<\/div>","protected":false},"excerpt":{"rendered":"<p>Hizmetlerimiz Mobil Uygulama Dijital Pazarlama Grafik Tasar\u0131m Website Geli\u015ftirme Sosyal Medya \u00c7al\u0131\u015fmalar\u0131 SEO \u00c7al\u0131\u015fmalar\u0131 Dijital Pazarlama \u00c7\u00f6z\u00fcmleri mi Ar\u0131yorsunuz? \u0130LET\u0130\u015e\u0130M Tan\u0131t\u0131m Dosya\u0131m\u0131z 2.5 MB SEO \u00c7al\u0131\u015fmas\u0131 Arama sonu\u00e7lar\u0131nda y\u00fcksek g\u00f6r\u00fcnen iyi bir web sitesine sahip 0larak \u00e7evrimi\u00e7i d\u00fcnyada ba\u015far\u0131l\u0131 0labilirsiniz. SEO (Arama Motoru Optimizasyonu), web sitenizi geli\u015ftirmenin bir y0ludur, b\u00f6ylece daha fazla ki\u015finin 0nu bulup [&hellip;]<\/p>","protected":false},"author":1,"featured_media":0,"parent":0,"menu_order":0,"comment_status":"closed","ping_status":"closed","template":"elementor_header_footer","meta":{"footnotes":""},"class_list":["post-100","page","type-page","status-publish","hentry"],"_links":{"self":[{"href":"https:\/\/www.seocunuz.com.tr\/sq\/wp-json\/wp\/v2\/pages\/100","targetHints":{"allow":["GET"]}}],"collection":[{"href":"https:\/\/www.seocunuz.com.tr\/sq\/wp-json\/wp\/v2\/pages"}],"about":[{"href":"https:\/\/www.seocunuz.com.tr\/sq\/wp-json\/wp\/v2\/types\/page"}],"author":[{"embeddable":true,"href":"https:\/\/www.seocunuz.com.tr\/sq\/wp-json\/wp\/v2\/users\/1"}],"replies":[{"embeddable":true,"href":"https:\/\/www.seocunuz.com.tr\/sq\/wp-json\/wp\/v2\/comments?post=100"}],"version-history":[{"count":15,"href":"https:\/\/www.seocunuz.com.tr\/sq\/wp-json\/wp\/v2\/pages\/100\/revisions"}],"predecessor-version":[{"id":3733,"href":"https:\/\/www.seocunuz.com.tr\/sq\/wp-json\/wp\/v2\/pages\/100\/revisions\/3733"}],"wp:attachment":[{"href":"https:\/\/www.seocunuz.com.tr\/sq\/wp-json\/wp\/v2\/media?parent=100"}],"curies":[{"name":"wp","href":"https:\/\/api.w.org\/{rel}","templated":true}]}}