{"id":18,"date":"2023-05-10T11:26:19","date_gmt":"2023-05-10T11:26:19","guid":{"rendered":"http:\/\/pitoonwp.pixydrops.com\/?page_id=18"},"modified":"2025-10-04T13:21:37","modified_gmt":"2025-10-04T10:21:37","slug":"rreth-nesh","status":"publish","type":"page","link":"https:\/\/www.seocunuz.com.tr\/sq\/rreth-nesh\/","title":{"rendered":"Rreth Nesh"},"content":{"rendered":"<div data-elementor-type=\"wp-page\" data-elementor-id=\"18\" class=\"elementor elementor-18\">\n\t\t\t\t\t\t<section class=\"elementor-section elementor-top-section elementor-element elementor-element-df4f5d1 elementor-section-full_width elementor-section-height-default elementor-section-height-default\" data-id=\"df4f5d1\" data-element_type=\"section\">\n\t\t\t\t\t\t<div class=\"elementor-container elementor-column-gap-no\">\n\t\t\t\t\t<div class=\"elementor-column elementor-col-100 elementor-top-column elementor-element elementor-element-b93eaad\" data-id=\"b93eaad\" data-element_type=\"column\">\n\t\t\t<div class=\"elementor-widget-wrap elementor-element-populated\">\n\t\t\t\t\t\t<div class=\"elementor-element elementor-element-8dcbff3 elementor-widget elementor-widget-pitoon-about\" data-id=\"8dcbff3\" data-element_type=\"widget\" data-widget_type=\"pitoon-about.default\">\n\t\t\t\t<div class=\"elementor-widget-container\">\n\t\t\t\t\t    <!--About Four Start-->\r\n    <section class=\"about-four\">\r\n        <div class=\"about-four__shape-3 float-bob-x\">\r\n            <img decoding=\"async\" src=\"https:\/\/www.seocunuz.com.tr\/wp-content\/uploads\/2023\/05\/about-four-shape-3.png\" alt=\"rreth-kat\u00ebr-form\u00eb-3\" title=\"rreth-kat\u00ebr-form\u00eb-3\" >        <\/div>\r\n        <div class=\"container\">\r\n            <div class=\"row\">\r\n                <div class=\"col-xl-6\">\r\n                    <div class=\"about-four__left\">\r\n                        <div class=\"about-four__shape-1 float-bob-x\">\r\n                            <img decoding=\"async\" src=\"https:\/\/www.seocunuz.com.tr\/wp-content\/uploads\/2023\/05\/about-four-shape-1.png\" alt=\"rreth-kat\u00ebr-form\u00eb-1\" title=\"rreth-kat\u00ebr-form\u00eb-1\" >                        <\/div>\r\n                        <div class=\"about-four__shape-2 float-bob-y\">\r\n                            <img decoding=\"async\" src=\"https:\/\/www.seocunuz.com.tr\/wp-content\/uploads\/2023\/05\/about-four-shape-2.png\" alt=\"rreth-kat\u00ebr-form\u00eb-2\" title=\"rreth-kat\u00ebr-form\u00eb-2\" >                        <\/div>\r\n                        <div class=\"about-four__img\">\r\n                            <img decoding=\"async\" src=\"https:\/\/www.seocunuz.com.tr\/wp-content\/uploads\/2023\/05\/about-four-img-1.jpg\" alt=\"rreth-kat\u00ebr-img-1\" title=\"rreth-kat\u00ebr-img-1\" >                        <\/div>\r\n                    <\/div>\r\n                <\/div>\r\n                <div class=\"col-xl-6\">\r\n                    <div class=\"about-four__right\">\r\n                        <div class=\"section-title text-left\">\r\n                            <div class=\"section-title__tagline-box\">\r\n                                <span class=\"section-title__tagline\">Rreth Agjencis\u00eb SEO t\u00eb Koh\u00ebs<\/span>                                <div class=\"section-title__icon-box-1\">\r\n                                    <i aria-hidden=\"true\" class=\"fa fa-angle-left\"><\/i>                                    <i aria-hidden=\"true\" class=\"fa fa-angle-left\"><\/i>                                    <i aria-hidden=\"true\" class=\"fa fa-angle-left\"><\/i>                                <\/div>\r\n                                <div class=\"section-title__icon-box-2\">\r\n                                    <i aria-hidden=\"true\" class=\"fa fa-angle-right\"><\/i>                                    <i aria-hidden=\"true\" class=\"fa fa-angle-right\"><\/i>                                    <i aria-hidden=\"true\" class=\"fa fa-angle-right\"><\/i>                                <\/div>\r\n                            <\/div>\r\n                            <h2 class=\"section-title__title\">Ne p\u00ebrpiqemi vazhdimisht p\u00ebr m\u00eb t\u00eb mir\u00ebn.<\/h2>                        <\/div>\r\n                        <ul class=\"about-four__points list-unstyled ml-0\">\r\n                                                            <li>\r\n                                    <div class=\"icon\">\r\n                                        <span aria-hidden=\"true\" class=\"icon-down-right\"><\/span>                                    <\/div>\r\n                                    <div class=\"text\">\r\n                                        <p class=\"\">Ne i tejkalojm\u00eb pritjet<\/p>                                    <\/div>\r\n                                <\/li>\r\n                                                            <li>\r\n                                    <div class=\"icon\">\r\n                                        <span aria-hidden=\"true\" class=\"icon-down-right\"><\/span>                                    <\/div>\r\n                                    <div class=\"text\">\r\n                                        <p class=\"\">Ne jemi t\u00eb p\u00ebrkushtuar ndaj njer\u00ebzve n\u00eb radh\u00eb t\u00eb par\u00eb.<\/p>                                    <\/div>\r\n                                <\/li>\r\n                                                    <\/ul>\r\n                        <p class=\"about-four__text\">E themeluar n\u00eb vitin 2018 nga nj\u00eb ekip i sigurt dhe ambicioz n\u00eb marketingun dixhital, ne tani u sh\u00ebrbejm\u00eb mbi 100 klient\u00ebve, duke u p\u00ebrqendruar kryesisht n\u00eb SEO, Google AdWords, fushata n\u00eb mediat sociale dhe zhvillimin e faqeve t\u00eb internetit t\u00eb tregtis\u00eb elektronike, duke i ndihmuar klient\u00ebt tan\u00eb t\u00eb kalojn\u00eb n\u00eb bot\u00ebn dixhitale. Me ekipin ton\u00eb t\u00eb \u00e7ertifikuar dhe ekspert\u00eb, ne jemi t\u00eb p\u00ebrkushtuar ndaj inovacionit t\u00eb vazhduesh\u00ebm. Agjencia Time SEO \u00ebsht\u00eb nj\u00eb mark\u00eb e Time Group.<\/p>                                                    <div class=\"about-four__btn-box\">\r\n                                <a class=\"about-four__btn thm-btn\" href=\"\/sq\/iletisim\/\"  >A do t\u00eb d\u00ebshironit t\u00eb takoheshim?<\/a>                            <\/div>\r\n                                            <\/div>\r\n                <\/div>\r\n            <\/div>\r\n        <\/div>\r\n    <\/section>\r\n    <!--About Four End-->\r\n\t\t\t\t<\/div>\n\t\t\t\t<\/div>\n\t\t\t\t\t<\/div>\n\t\t<\/div>\n\t\t\t\t\t<\/div>\n\t\t<\/section>\n\t\t\t\t<section class=\"elementor-section elementor-top-section elementor-element elementor-element-1b006592 elementor-section-full_width elementor-section-height-default elementor-section-height-default\" data-id=\"1b006592\" data-element_type=\"section\">\n\t\t\t\t\t\t<div class=\"elementor-container elementor-column-gap-no\">\n\t\t\t\t\t<div class=\"elementor-column elementor-col-100 elementor-top-column elementor-element elementor-element-613d1de\" data-id=\"613d1de\" data-element_type=\"column\">\n\t\t\t<div class=\"elementor-widget-wrap\">\n\t\t\t\t\t\t\t<\/div>\n\t\t<\/div>\n\t\t\t\t\t<\/div>\n\t\t<\/section>\n\t\t\t\t<section class=\"elementor-section elementor-top-section elementor-element elementor-element-6392103f elementor-section-full_width elementor-section-height-default elementor-section-height-default\" data-id=\"6392103f\" data-element_type=\"section\">\n\t\t\t\t\t\t<div class=\"elementor-container elementor-column-gap-no\">\n\t\t\t\t\t<div class=\"elementor-column elementor-col-100 elementor-top-column elementor-element elementor-element-c6650fc\" data-id=\"c6650fc\" data-element_type=\"column\">\n\t\t\t<div class=\"elementor-widget-wrap elementor-element-populated\">\n\t\t\t\t\t\t<div class=\"elementor-element elementor-element-23de93a0 elementor-widget elementor-widget-pitoon-choose\" data-id=\"23de93a0\" data-element_type=\"widget\" data-widget_type=\"pitoon-choose.default\">\n\t\t\t\t<div class=\"elementor-widget-container\">\n\t\t\t\t\t    <!--Why Choose Three Start-->\r\n    <section class=\"why-choose-three\">\r\n        <div class=\"why-choose-three__bg\" style=\"background-image: url(http:\/\/pitoonwp.pixydrops.com\/wp-content\/uploads\/2023\/05\/why-choose-three-bg.jpg);\"><\/div>\r\n        <div class=\"container\">\r\n            <div class=\"why-choose-three__top\">\r\n                <div class=\"row\">\r\n                    <div class=\"col-xl-7 col-lg-7\">\r\n                        <div class=\"why-choose-three__left\">\r\n                            <div class=\"section-title text-left\">\r\n                                <div class=\"section-title__tagline-box\">\r\n                                    <span class=\"section-title__tagline\">P\u00ebrpar\u00ebsit\u00eb tona<\/span>                                    <div class=\"section-title__icon-box-1\">\r\n                                        <i aria-hidden=\"true\" class=\"fa fa-angle-left\"><\/i>                                        <i aria-hidden=\"true\" class=\"fa fa-angle-left\"><\/i>                                        <i aria-hidden=\"true\" class=\"fa fa-angle-left\"><\/i>                                    <\/div>\r\n                                    <div class=\"section-title__icon-box-2\">\r\n                                        <i aria-hidden=\"true\" class=\"fa fa-angle-right\"><\/i>                                        <i aria-hidden=\"true\" class=\"fa fa-angle-right\"><\/i>                                        <i aria-hidden=\"true\" class=\"fa fa-angle-right\"><\/i>                                    <\/div>\r\n                                <\/div>\r\n                                <h2 class=\"section-title__title\">Pse t\u00eb na zgjidhni ne?<\/h2>                            <\/div>\r\n                        <\/div>\r\n                    <\/div>\r\n                    <div class=\"col-xl-5 col-lg-5\">\r\n                        <div class=\"why-choose-three__right\">\r\n                            <p class=\"why-choose-three__text\">Ne jemi nj\u00eb ekip dinamik q\u00eb q\u00ebndron n\u00eb hap me inovacionet. M\u00eb e r\u00ebnd\u00ebsishmja, ne t\u00eb gjith\u00eb jemi bler\u00ebs. N\u00eb nj\u00eb sektor aq t\u00eb ndjesh\u00ebm ndaj abuzimit sa marketingu dixhital, ne besojm\u00eb se raportimi transparent \u00ebsht\u00eb gjithmon\u00eb i nevojsh\u00ebm dhe u ofrojm\u00eb sh\u00ebrbimet tona klient\u00ebve tan\u00eb n\u00eb p\u00ebrputhje me rrethanat.<\/p>                        <\/div>\r\n                    <\/div>\r\n                <\/div>\r\n            <\/div>\r\n            <div class=\"why-choose-three__bottom\">\r\n                <div class=\"row\">\r\n                                            <div class=\"col-xl-3 col-lg-6 col-md-6 wow fadeInUp\" data-wow-delay=\"100ms\">\r\n                            <div class=\"why-choose-three__single\">\r\n                                <div class=\"why-choose-three__single-bg-1\" style=\"background-image: url(http:\/\/pitoonwp.pixydrops.com\/wp-content\/uploads\/2023\/05\/why-choose-three-single-bg-1.jpg);\">\r\n                                <\/div>\r\n                                <div class=\"why-choose-three__icon\">\r\n                                    <span aria-hidden=\"true\" class=\"icon-assurance\"><\/span>                                <\/div>\r\n                                <div class=\"why-choose-three__title\">\r\n                                    <h3>\r\n                                        <a class=\"\" href=\"http:\/\/pitoonwp.pixydrops.com\/services\/\" target=\"_blank\" rel=\"noopener\">Gjithmon\u00eb Transparenc\u00eb<\/a>                                    <\/h3>\r\n                                <\/div>\r\n                            <\/div>\r\n                        <\/div>\r\n                                            <div class=\"col-xl-3 col-lg-6 col-md-6 wow fadeInUp\" data-wow-delay=\"200ms\">\r\n                            <div class=\"why-choose-three__single\">\r\n                                <div class=\"why-choose-three__single-bg-1\" style=\"background-image: url(http:\/\/pitoonwp.pixydrops.com\/wp-content\/uploads\/2023\/05\/why-choose-three-single-bg-2.jpg);\">\r\n                                <\/div>\r\n                                <div class=\"why-choose-three__icon\">\r\n                                    <span aria-hidden=\"true\" class=\"icon-brainstorm\"><\/span>                                <\/div>\r\n                                <div class=\"why-choose-three__title\">\r\n                                    <h3>\r\n                                        <a class=\"\" href=\"http:\/\/pitoonwp.pixydrops.com\/team\/\" target=\"_blank\" rel=\"noopener\">Pishina e Madhe e t\u00eb Dh\u00ebnave<\/a>                                    <\/h3>\r\n                                <\/div>\r\n                            <\/div>\r\n                        <\/div>\r\n                                            <div class=\"col-xl-3 col-lg-6 col-md-6 wow fadeInUp\" data-wow-delay=\"300ms\">\r\n                            <div class=\"why-choose-three__single\">\r\n                                <div class=\"why-choose-three__single-bg-1\" style=\"background-image: url(http:\/\/pitoonwp.pixydrops.com\/wp-content\/uploads\/2023\/05\/why-choose-three-single-bg-3.jpg);\">\r\n                                <\/div>\r\n                                <div class=\"why-choose-three__icon\">\r\n                                    <span aria-hidden=\"true\" class=\"icon-crm\"><\/span>                                <\/div>\r\n                                <div class=\"why-choose-three__title\">\r\n                                    <h3>\r\n                                        <a class=\"\" href=\"http:\/\/pitoonwp.pixydrops.com\/about\/\" target=\"_blank\" rel=\"noopener\">Mb\u00ebshtetje e drejtp\u00ebrdrejt\u00eb<\/a>                                    <\/h3>\r\n                                <\/div>\r\n                            <\/div>\r\n                        <\/div>\r\n                                            <div class=\"col-xl-3 col-lg-6 col-md-6 wow fadeInUp\" data-wow-delay=\"400ms\">\r\n                            <div class=\"why-choose-three__single\">\r\n                                <div class=\"why-choose-three__single-bg-1\" style=\"background-image: url(http:\/\/pitoonwp.pixydrops.com\/wp-content\/uploads\/2023\/05\/why-choose-three-single-bg-4.jpg);\">\r\n                                <\/div>\r\n                                <div class=\"why-choose-three__icon\">\r\n                                    <span aria-hidden=\"true\" class=\"icon-agreement\"><\/span>                                <\/div>\r\n                                <div class=\"why-choose-three__title\">\r\n                                    <h3>\r\n                                        <a class=\"\" href=\"http:\/\/pitoonwp.pixydrops.com\/about\/\" target=\"_blank\" rel=\"noopener\">Raportim Gjith\u00ebp\u00ebrfshir\u00ebs<\/a>                                    <\/h3>\r\n                                <\/div>\r\n                            <\/div>\r\n                        <\/div>\r\n                                    <\/div>\r\n            <\/div>\r\n        <\/div>\r\n    <\/section>\r\n    <!--Why Choose Three End-->\r\n\r\n\t\t\t\t<\/div>\n\t\t\t\t<\/div>\n\t\t\t\t\t<\/div>\n\t\t<\/div>\n\t\t\t\t\t<\/div>\n\t\t<\/section>\n\t\t\t\t<\/div>","protected":false},"excerpt":{"rendered":"<p>Time SEO Ajans\u0131 Hakk\u0131nda En \u0130yisi \u0130\u00e7in S\u00fcrekli \u00c7al\u0131\u015f\u0131yoruz Biz Beklentilerin \u00d6tesine Ge\u00e7iyoruz \u00d6nce \u0130nsan&#8217;a Ba\u011fl\u0131y\u0131z 2018 y\u0131l\u0131nda Dijital Pazarlama konusunda kendilerine g\u00fcvenen ve h\u0131rsl\u0131 bir ekip olarak ba\u015flad\u0131\u011f\u0131m\u0131z bu yolda 100\u2019\u00fcn \u00fczerinde m\u00fc\u015fteri portf\u00f6y\u00fc, ba\u015fta S.E.O olmak \u00fczere, Google Adwords,Sosyal Medya \u00c7al\u0131\u015fmalar\u0131 ve E Ticaret Site Kurulumu birlikte m\u00fc\u015fterilerimizi Dijital D\u00fcnya\u2019ya ta\u015f\u0131yoruz. Sertifikal\u0131 ve [&hellip;]<\/p>","protected":false},"author":1,"featured_media":0,"parent":0,"menu_order":0,"comment_status":"closed","ping_status":"closed","template":"elementor_header_footer","meta":{"footnotes":""},"class_list":["post-18","page","type-page","status-publish","hentry"],"_links":{"self":[{"href":"https:\/\/www.seocunuz.com.tr\/sq\/wp-json\/wp\/v2\/pages\/18","targetHints":{"allow":["GET"]}}],"collection":[{"href":"https:\/\/www.seocunuz.com.tr\/sq\/wp-json\/wp\/v2\/pages"}],"about":[{"href":"https:\/\/www.seocunuz.com.tr\/sq\/wp-json\/wp\/v2\/types\/page"}],"author":[{"embeddable":true,"href":"https:\/\/www.seocunuz.com.tr\/sq\/wp-json\/wp\/v2\/users\/1"}],"replies":[{"embeddable":true,"href":"https:\/\/www.seocunuz.com.tr\/sq\/wp-json\/wp\/v2\/comments?post=18"}],"version-history":[{"count":6,"href":"https:\/\/www.seocunuz.com.tr\/sq\/wp-json\/wp\/v2\/pages\/18\/revisions"}],"predecessor-version":[{"id":3723,"href":"https:\/\/www.seocunuz.com.tr\/sq\/wp-json\/wp\/v2\/pages\/18\/revisions\/3723"}],"wp:attachment":[{"href":"https:\/\/www.seocunuz.com.tr\/sq\/wp-json\/wp\/v2\/media?parent=18"}],"curies":[{"name":"wp","href":"https:\/\/api.w.org\/{rel}","templated":true}]}}