{"id":3624,"date":"2025-10-02T18:20:19","date_gmt":"2025-10-02T15:20:19","guid":{"rendered":"https:\/\/www.seocunuz.com.tr\/?page_id=3624"},"modified":"2025-10-04T13:24:29","modified_gmt":"2025-10-04T10:24:29","slug":"zyra-ne-mal-te-zi","status":"publish","type":"page","link":"https:\/\/www.seocunuz.com.tr\/sq\/zyra-ne-mal-te-zi\/","title":{"rendered":"Zyra e Malit t\u00eb Zi"},"content":{"rendered":"<div data-elementor-type=\"wp-page\" data-elementor-id=\"3624\" class=\"elementor elementor-3624\">\n\t\t\t\t\t\t<section class=\"elementor-section elementor-top-section elementor-element elementor-element-b20c473 elementor-section-boxed elementor-section-height-default elementor-section-height-default\" data-id=\"b20c473\" data-element_type=\"section\">\n\t\t\t\t\t\t<div class=\"elementor-container elementor-column-gap-default\">\n\t\t\t\t\t<div class=\"elementor-column elementor-col-100 elementor-top-column elementor-element elementor-element-c6b84a1\" data-id=\"c6b84a1\" data-element_type=\"column\">\n\t\t\t<div class=\"elementor-widget-wrap\">\n\t\t\t\t\t\t\t<\/div>\n\t\t<\/div>\n\t\t\t\t\t<\/div>\n\t\t<\/section>\n\t\t\t\t<section class=\"elementor-section elementor-top-section elementor-element elementor-element-6a33181 elementor-section-full_width elementor-section-height-default elementor-section-height-default\" data-id=\"6a33181\" data-element_type=\"section\">\n\t\t\t\t\t\t<div class=\"elementor-container elementor-column-gap-no\">\n\t\t\t\t\t<div class=\"elementor-column elementor-col-100 elementor-top-column elementor-element elementor-element-122e1bb\" data-id=\"122e1bb\" data-element_type=\"column\">\n\t\t\t<div class=\"elementor-widget-wrap elementor-element-populated\">\n\t\t\t\t\t\t<div class=\"elementor-element elementor-element-9e0113c elementor-widget elementor-widget-pitoon-google-maps\" data-id=\"9e0113c\" data-element_type=\"widget\" data-widget_type=\"pitoon-google-maps.default\">\n\t\t\t\t<div class=\"elementor-widget-container\">\n\t\t\t\t\t\t\t<section class=\"google-map\">\r\n\t\t<iframe src=\"https:\/\/maps.google.com\/maps?q=Time%20SEO%20Agency&#038;t=m&#038;z=17&#038;output=embed&#038;iwloc=near\" title=\"Agjencia Time SEO\" class=\"google-map__one\" aria-label=\"Agjencia Time SEO\" allowfullscreen><\/iframe>\r\n\t<\/section>\r\n\r\n\t\t\t\t<\/div>\n\t\t\t\t<\/div>\n\t\t\t\t<div class=\"elementor-element elementor-element-6fe6c1c elementor-widget elementor-widget-pitoon-contact-form\" data-id=\"6fe6c1c\" data-element_type=\"widget\" data-widget_type=\"pitoon-contact-form.default\">\n\t\t\t\t<div class=\"elementor-widget-container\">\n\t\t\t\t\t\r\n    <!--Contact Page Start-->\r\n    <section class=\"contact-page\">\r\n        <div class=\"container\">\r\n            <div class=\"row\">\r\n                <div class=\"col-xl-4 col-lg-5\">\r\n                    <div class=\"contact-page__left\">\r\n                        <div class=\"section-title text-left\">\r\n                            <div class=\"section-title__tagline-box\">\r\n                                <span class=\"section-title__tagline\">Na kontaktoni<\/span>                                <div class=\"section-title__icon-box-1\">\r\n                                    <i aria-hidden=\"true\" class=\"fa fa-angle-left\"><\/i>                                    <i aria-hidden=\"true\" class=\"fa fa-angle-left\"><\/i>                                    <i aria-hidden=\"true\" class=\"fa fa-angle-left\"><\/i>                                <\/div>\r\n                                <div class=\"section-title__icon-box-2\">\r\n                                    <i aria-hidden=\"true\" class=\"fa fa-angle-right\"><\/i>                                    <i aria-hidden=\"true\" class=\"fa fa-angle-right\"><\/i>                                    <i aria-hidden=\"true\" class=\"fa fa-angle-right\"><\/i>                                <\/div>\r\n                            <\/div>\r\n                            <h2 class=\"section-title__title\">Ne po ju presim.<\/h2>                        <\/div>\r\n                        <p class=\"contact-page__text\">K\u00ebrkesat hyr\u00ebse p\u00ebr fanella u p\u00ebrgjigjen specialist\u00ebve tan\u00eb brenda af\u00ebrsisht nj\u00eb ore.<\/p>                        <ul class=\"contact-page__points list-unstyled ml-0\">\r\n                                                            <li>\r\n                                    <div class=\"icon\">\r\n                                        <span aria-hidden=\"true\" class=\"fas fa-phone\"><\/span>                                    <\/div>\r\n                                    <div class=\"content\">\r\n                                                                                    <p>Numri yn\u00eb i telefonit<\/p>\r\n                                                                                                                            <h4><a href=\"tel:+908503092641\">Linj\u00eb telefonike falas: +90 850 309 2641<\/a><\/h4>\r\n                                                                            <\/div>\r\n                                <\/li>\r\n                                                            <li>\r\n                                    <div class=\"icon\">\r\n                                        <span aria-hidden=\"true\" class=\"fas fa-map-marker-alt\"><\/span>                                    <\/div>\r\n                                    <div class=\"content\">\r\n                                                                                    <p>WhatsApp dhe Viber<\/p>\r\n                                                                                                                            <h4><a href=\"tel:+38268274020\">+382 68 274 020<\/a><\/h4>\r\n                                                                            <\/div>\r\n                                <\/li>\r\n                                                            <li>\r\n                                    <div class=\"icon\">\r\n                                        <span aria-hidden=\"true\" class=\"fas fa-envelope\"><\/span>                                    <\/div>\r\n                                    <div class=\"content\">\r\n                                                                                    <p>Adresa jon\u00eb e email-it<\/p>\r\n                                                                                                                            <h4><a href=\"mailto:info@timeseoagency.com.tr\">info@timeseoagency.com.tr<\/a><\/h4>\r\n                                                                            <\/div>\r\n                                <\/li>\r\n                                                            <li>\r\n                                    <div class=\"icon\">\r\n                                        <span aria-hidden=\"true\" class=\"fas fa-map-marker\"><\/span>                                    <\/div>\r\n                                    <div class=\"content\">\r\n                                                                                    <p>Adresa jon\u00eb<\/p>\r\n                                                                                                                            <h4>Rruga Frasheri BB 85360<br> Ulqin - Crna Gora<\/h4>\r\n                                                                            <\/div>\r\n                                <\/li>\r\n                                                    <\/ul>\r\n                    <\/div>\r\n                <\/div>\r\n                <div class=\"col-xl-8 col-lg-7\">\r\n                    <div class=\"contact-page__right\">\r\n                        <div class=\"contact-page__form-box\">\r\n                            <div class=\"wpcf7 no-js\" id=\"wpcf7-f239-o1\" lang=\"en-US\" dir=\"ltr\" data-wpcf7-id=\"239\">\n<div class=\"screen-reader-response\"><p role=\"status\" aria-live=\"polite\" aria-atomic=\"true\"><\/p> <ul><\/ul><\/div>\n<form action=\"\/sq\/wp-json\/wp\/v2\/pages\/3624#wpcf7-f239-o1\" method=\"post\" class=\"wpcf7-form init\" aria-label=\"Contact form\" novalidate=\"novalidate\" data-status=\"init\" data-trp-original-action=\"\/sq\/wp-json\/wp\/v2\/pages\/3624#wpcf7-f239-o1\">\n<fieldset class=\"hidden-fields-container\"><input type=\"hidden\" name=\"_wpcf7\" value=\"239\" \/><input type=\"hidden\" name=\"_wpcf7_version\" value=\"6.1.1\" \/><input type=\"hidden\" name=\"_wpcf7_locale\" value=\"en_US\" \/><input type=\"hidden\" name=\"_wpcf7_unit_tag\" value=\"wpcf7-f239-o1\" \/><input type=\"hidden\" name=\"_wpcf7_container_post\" value=\"0\" \/><input type=\"hidden\" name=\"_wpcf7_posted_data_hash\" value=\"\" \/>\n<\/fieldset>\n<div class=\"row\">\n                                    <div class=\"col-xl-6\">\n                                        <div class=\"contact-page__input-box\">\n<span class=\"wpcf7-form-control-wrap\" data-name=\"text-35\"><input size=\"40\" maxlength=\"400\" class=\"wpcf7-form-control wpcf7-text wpcf7-validates-as-required\" aria-required=\"true\" aria-invalid=\"false\" placeholder=\"Emri Juaj\" value=\"\" type=\"text\" name=\"text-35\" \/><\/span>\n                                        <\/div>\n                                    <\/div>\n                                    <div class=\"col-xl-6\">\n                                        <div class=\"contact-page__input-box\">\n<span class=\"wpcf7-form-control-wrap\" data-name=\"email-569\"><input size=\"40\" maxlength=\"400\" class=\"wpcf7-form-control wpcf7-email wpcf7-validates-as-required wpcf7-text wpcf7-validates-as-email\" aria-required=\"true\" aria-invalid=\"false\" placeholder=\"Adresa e email-it\" value=\"\" type=\"email\" name=\"email-569\" \/><\/span>\n                                        <\/div>\n                                    <\/div>\n                                    <div class=\"col-xl-6\">\n                                        <div class=\"contact-page__input-box\">\n<span class=\"wpcf7-form-control-wrap\" data-name=\"text-36\"><input size=\"40\" maxlength=\"400\" class=\"wpcf7-form-control wpcf7-text wpcf7-validates-as-required\" aria-required=\"true\" aria-invalid=\"false\" placeholder=\"Telefon\" value=\"\" type=\"text\" name=\"text-36\" \/><\/span>\n                                        <\/div>\n                                    <\/div>\n                                    <div class=\"col-xl-6\">\n                                        <div class=\"contact-page__input-box\">\n                                            <div class=\"contact-page__showing-sort\">\n                                                <select class=\"selectpicker\" aria-label=\"Shembull i zgjedhjes s\u00eb parazgjedhur\">\n                                                    <option selected>Rendit sipas popullaritetit<\/option>\n                                                    <option value=\"1\">Rendit sipas popullaritetit-01<\/option>\n                                                    <option value=\"2\">Rendit sipas popullaritetit-02<\/option>\n                                                    <option value=\"3\">Rendit sipas popullaritetit-03<\/option>\n                                                <\/select>\n                                            <\/div>\n                                        <\/div>\n                                    <\/div>\n                                <\/div>\n                                <div class=\"row\">\n                                    <div class=\"col-xl-12\">\n                                        <div class=\"contact-page__input-box text-message-box\">\n<span class=\"wpcf7-form-control-wrap\" data-name=\"textarea-65\"><textarea cols=\"40\" rows=\"10\" maxlength=\"2000\" class=\"wpcf7-form-control wpcf7-textarea wpcf7-validates-as-required\" aria-required=\"true\" aria-invalid=\"false\" placeholder=\"Shkruaj nj\u00eb koment\" name=\"textarea-65\"><\/textarea><\/span>\n                                        <\/div>\n                                        <div class=\"contact-page__btn-box\">\n                                            <button type=\"submit\" class=\"thm-btn contact-page__btn\">D\u00ebrgo nj\u00eb mesazh<\/button>\n                                        <\/div>\n                                    <\/div>\n                                <\/div><div class=\"wpcf7-response-output\" aria-hidden=\"true\"><\/div>\n<input type=\"hidden\" name=\"trp-form-language\" value=\"sq\"\/><\/form>\n<\/div>                        <\/div>\r\n                    <\/div>\r\n                <\/div>\r\n            <\/div>\r\n        <\/div>\r\n    <\/section>\r\n    <!--Contact Page End-->\r\n\r\n\t\t\t\t<\/div>\n\t\t\t\t<\/div>\n\t\t\t\t\t<\/div>\n\t\t<\/div>\n\t\t\t\t\t<\/div>\n\t\t<\/section>\n\t\t\t\t<\/div>","protected":false},"excerpt":{"rendered":"<p>Bize ULA\u015eIN Sizi Bekliyoruz Gelen formalar ortalama 1 saat i\u00e7erisinde uzmanlar\u0131m\u0131z taraf\u0131ndan yan\u0131tlanmaktad\u0131r. Telefon Numaram\u0131z \u00dccretsiz Hat +90 850 309 2641 Whatsapp &amp; Viber +382 68 274 020 Email Adresimiz info@timeseoagency.com.tr Adresimiz Rruga Frasheri BB 85360 Ulcinj &#8211; Crna Gora Sort by popularSort by popular-01Sort by popular-02Sort by popular-03 Send a Message<\/p>","protected":false},"author":1,"featured_media":0,"parent":0,"menu_order":0,"comment_status":"closed","ping_status":"closed","template":"elementor_header_footer","meta":{"footnotes":""},"class_list":["post-3624","page","type-page","status-publish","hentry"],"_links":{"self":[{"href":"https:\/\/www.seocunuz.com.tr\/sq\/wp-json\/wp\/v2\/pages\/3624","targetHints":{"allow":["GET"]}}],"collection":[{"href":"https:\/\/www.seocunuz.com.tr\/sq\/wp-json\/wp\/v2\/pages"}],"about":[{"href":"https:\/\/www.seocunuz.com.tr\/sq\/wp-json\/wp\/v2\/types\/page"}],"author":[{"embeddable":true,"href":"https:\/\/www.seocunuz.com.tr\/sq\/wp-json\/wp\/v2\/users\/1"}],"replies":[{"embeddable":true,"href":"https:\/\/www.seocunuz.com.tr\/sq\/wp-json\/wp\/v2\/comments?post=3624"}],"version-history":[{"count":5,"href":"https:\/\/www.seocunuz.com.tr\/sq\/wp-json\/wp\/v2\/pages\/3624\/revisions"}],"predecessor-version":[{"id":3726,"href":"https:\/\/www.seocunuz.com.tr\/sq\/wp-json\/wp\/v2\/pages\/3624\/revisions\/3726"}],"wp:attachment":[{"href":"https:\/\/www.seocunuz.com.tr\/sq\/wp-json\/wp\/v2\/media?parent=3624"}],"curies":[{"name":"wp","href":"https:\/\/api.w.org\/{rel}","templated":true}]}}