{"id":90,"date":"2023-05-10T12:21:37","date_gmt":"2023-05-10T12:21:37","guid":{"rendered":"http:\/\/pitoonwp.pixydrops.com\/?page_id=90"},"modified":"2025-10-04T13:25:01","modified_gmt":"2025-10-04T10:25:01","slug":"aplikacion-mobil","status":"publish","type":"page","link":"https:\/\/www.seocunuz.com.tr\/sq\/aplikacion-mobil\/","title":{"rendered":"Aplikacion celular"},"content":{"rendered":"<div data-elementor-type=\"wp-page\" data-elementor-id=\"90\" class=\"elementor elementor-90\">\n\t\t\t\t\t\t<section class=\"elementor-section elementor-top-section elementor-element elementor-element-65c737d services-details elementor-section-boxed elementor-section-height-default elementor-section-height-default\" data-id=\"65c737d\" data-element_type=\"section\">\n\t\t\t\t\t\t<div class=\"elementor-container elementor-column-gap-no\">\n\t\t\t\t\t<div class=\"elementor-column elementor-col-50 elementor-top-column elementor-element elementor-element-e09a66d\" data-id=\"e09a66d\" data-element_type=\"column\">\n\t\t\t<div class=\"elementor-widget-wrap elementor-element-populated\">\n\t\t\t\t\t\t<div class=\"elementor-element elementor-element-3df7b2a elementor-widget elementor-widget-sidebar-nav\" data-id=\"3df7b2a\" data-element_type=\"widget\" data-widget_type=\"sidebar-nav.default\">\n\t\t\t\t<div class=\"elementor-widget-container\">\n\t\t\t\t\t    <div class=\"services-details__services-list\">\r\n                    <div class=\"services-details__services-title\">\r\n                <h3 class=\"\">Sh\u00ebrbimet tona<\/h3>            <\/div>\r\n                            <ul id=\"menu-service-menu\" class=\"services-details__services list-unstyled ml-0\"><li id=\"menu-item-1189\" class=\"menu-item menu-item-type-post_type menu-item-object-page menu-item-1189\"><a href=\"https:\/\/www.seocunuz.com.tr\/sq\/aplikacion-mobil\/\">Aplikacion celular<\/a><\/li>\n<li id=\"menu-item-1187\" class=\"menu-item menu-item-type-post_type menu-item-object-page menu-item-1187\"><a href=\"https:\/\/www.seocunuz.com.tr\/sq\/marketing-digjital\/\">Marketing Dixhital<\/a><\/li>\n<li id=\"menu-item-1188\" class=\"menu-item menu-item-type-post_type menu-item-object-page menu-item-1188\"><a href=\"https:\/\/www.seocunuz.com.tr\/sq\/dizajn-grafik\/\">Dizajn Grafik<\/a><\/li>\n<li id=\"menu-item-1192\" class=\"menu-item menu-item-type-post_type menu-item-object-page menu-item-1192\"><a href=\"https:\/\/www.seocunuz.com.tr\/sq\/zhvillim-website\/\">Zhvillimi i Faqes s\u00eb Internetit<\/a><\/li>\n<li id=\"menu-item-1191\" class=\"menu-item menu-item-type-post_type menu-item-object-page menu-item-1191\"><a href=\"https:\/\/www.seocunuz.com.tr\/sq\/pune-ne-rrjete-sociale\/\">Studime t\u00eb Mediave Sociale<\/a><\/li>\n<li id=\"menu-item-1190\" class=\"menu-item menu-item-type-post_type menu-item-object-page menu-item-1190\"><a href=\"https:\/\/www.seocunuz.com.tr\/sq\/seo-pune\/\">Sh\u00ebrbime SEO<\/a><\/li>\n<\/ul>            <\/div>\r\n\r\n\t\t\t\t<\/div>\n\t\t\t\t<\/div>\n\t\t\t\t<div class=\"elementor-element elementor-element-058c936 elementor-widget elementor-widget-pitoon-sidebar-banner\" data-id=\"058c936\" data-element_type=\"widget\" data-widget_type=\"pitoon-sidebar-banner.default\">\n\t\t\t\t<div class=\"elementor-widget-container\">\n\t\t\t\t\t    <div class=\"banner-one\">\r\n        <div class=\"banner-one__shape-1\">\r\n            <img decoding=\"async\" src=\"https:\/\/www.seocunuz.com.tr\/wp-content\/uploads\/2023\/05\/banner-one-shape-1.png\" alt=\"banner-nj\u00eb-form\u00eb-1\" title=\"banner-nj\u00eb-form\u00eb-1\" >        <\/div>\r\n        <div class=\"banner-one__img\">\r\n            <img decoding=\"async\" src=\"https:\/\/www.seocunuz.com.tr\/wp-content\/uploads\/2023\/05\/banner-one-img.png\" alt=\"banner-nj\u00eb-img\" title=\"banner-nj\u00eb-img\" >        <\/div>\r\n        <h3 class=\"banner-one__title\">Dixhitale <br> Marketing <br> Zgjidhje <br> Po k\u00ebrkoni?<\/h3>                    <div class=\"banner-one__btn-box\">\r\n                <a class=\"banner-one__btn thm-btn\" href=\"\/sq\/iletisim\/\"  >KOMUNIKIM<\/a>            <\/div>\r\n            <\/div>\r\n\r\n\t\t\t\t<\/div>\n\t\t\t\t<\/div>\n\t\t\t\t<div class=\"elementor-element elementor-element-b8b6f2c elementor-widget elementor-widget-pitoon-document\" data-id=\"b8b6f2c\" data-element_type=\"widget\" data-widget_type=\"pitoon-document.default\">\n\t\t\t\t<div class=\"elementor-widget-container\">\n\t\t\t\t\t            <div class=\"services-details__documents\">\r\n            <div class=\"icon\">\r\n                <span aria-hidden=\"true\" class=\"icon-pdf-file\"><\/span>            <\/div>\r\n            <div class=\"content\">\r\n                <h3>\r\n                    <a class=\"\" href=\"http:\/\/www.seocunuz.com.tr\/wp-content\/uploads\/2025\/10\/Time-SEO-Ajansi-Sunum.pdf\"  >Profili yn\u00eb<\/a>                <\/h3>\r\n                <p class=\"\">2.5 MB<\/p>            <\/div>\r\n        <\/div>\r\n    \r\n\t\t\t\t<\/div>\n\t\t\t\t<\/div>\n\t\t\t\t\t<\/div>\n\t\t<\/div>\n\t\t\t\t<div class=\"elementor-column elementor-col-50 elementor-top-column elementor-element elementor-element-60729c3\" data-id=\"60729c3\" data-element_type=\"column\">\n\t\t\t<div class=\"elementor-widget-wrap elementor-element-populated\">\n\t\t\t\t\t\t<div class=\"elementor-element elementor-element-5f030f2 services-details__img elementor-widget elementor-widget-image\" data-id=\"5f030f2\" data-element_type=\"widget\" data-widget_type=\"image.default\">\n\t\t\t\t\t\t\t\t\t\t\t\t\t\t\t<img fetchpriority=\"high\" decoding=\"async\" width=\"770\" height=\"381\" src=\"https:\/\/www.seocunuz.com.tr\/wp-content\/uploads\/2023\/05\/services-details-img-1.jpg\" class=\"attachment-full size-full wp-image-1206\" alt=\"\" srcset=\"https:\/\/www.seocunuz.com.tr\/wp-content\/uploads\/2023\/05\/services-details-img-1.jpg 770w, https:\/\/www.seocunuz.com.tr\/wp-content\/uploads\/2023\/05\/services-details-img-1-570x282.jpg 570w, https:\/\/www.seocunuz.com.tr\/wp-content\/uploads\/2023\/05\/services-details-img-1-300x148.jpg 300w, https:\/\/www.seocunuz.com.tr\/wp-content\/uploads\/2023\/05\/services-details-img-1-768x380.jpg 768w\" sizes=\"(max-width: 770px) 100vw, 770px\" \/>\t\t\t\t\t\t\t\t\t\t\t\t\t\t\t<\/div>\n\t\t\t\t<div class=\"elementor-element elementor-element-ac3041c elementor-widget elementor-widget-heading\" data-id=\"ac3041c\" data-element_type=\"widget\" data-widget_type=\"heading.default\">\n\t\t\t\t\t<h2 class=\"elementor-heading-title elementor-size-default\">Zhvillimi i Aplikacioneve Mobile<\/h2>\t\t\t\t<\/div>\n\t\t\t\t<div class=\"elementor-element elementor-element-7331030 elementor-widget elementor-widget-text-editor\" data-id=\"7331030\" data-element_type=\"widget\" data-widget_type=\"text-editor.default\">\n\t\t\t\t\t\t\t\t\t<p data-start=\"286\" data-end=\"726\">Me telefonat inteligjent\u00eb q\u00eb po b\u00ebhen pjes\u00eb integrale e jet\u00ebs son\u00eb, prania n\u00eb bot\u00ebn e celular\u00ebve \u00ebsht\u00eb b\u00ebr\u00eb nj\u00eb domosdoshm\u00ebri e madhe p\u00ebr bizneset. Nj\u00eb p\u00ebrqindje e madhe e p\u00ebrdoruesve qasen n\u00eb sh\u00ebrbime dhe produkte p\u00ebrmes pajisjeve mobile dhe marrin vendime p\u00ebrmes aplikacioneve mobile. N\u00eb k\u00ebt\u00eb pik\u00eb, nj\u00eb profesionist... <strong data-start=\"619\" data-end=\"656\">sh\u00ebrbim zhvillimi aplikacionesh celular\u00eb<\/strong>, Ky \u00ebsht\u00eb nj\u00eb nga hapat m\u00eb kritik\u00eb n\u00eb procesin e transformimit dixhital t\u00eb mark\u00ebs suaj.<\/p><p data-start=\"728\" data-end=\"1036\">N\u00eb Time SEO, ne zhvillojm\u00eb aplikacione mobile moderne, miq\u00ebsore p\u00ebr p\u00ebrdoruesit dhe t\u00eb orientuara drejt performanc\u00ebs p\u00ebr platformat iOS dhe Android. Q\u00ebllimi yn\u00eb nuk \u00ebsht\u00eb vet\u00ebm t\u00eb dizajnojm\u00eb aplikacione estetikisht t\u00eb k\u00ebndshme, por edhe t\u00eb krijojm\u00eb zgjidhje q\u00eb i shtojn\u00eb vler\u00eb mark\u00ebs suaj, nxisin konvertimet dhe i japin p\u00ebrpar\u00ebsi p\u00ebrvoj\u00ebs s\u00eb p\u00ebrdoruesit.<\/p>\t\t\t\t\t\t\t\t<\/div>\n\t\t\t\t<div class=\"elementor-element elementor-element-80ad1b3 elementor-widget elementor-widget-text-editor\" data-id=\"80ad1b3\" data-element_type=\"widget\" data-widget_type=\"text-editor.default\">\n\t\t\t\t\t\t\t\t\t<p>Procesi yn\u00eb i zhvillimit t\u00eb aplikacioneve mobile<\/p>\t\t\t\t\t\t\t\t<\/div>\n\t\t\t\t<div class=\"elementor-element elementor-element-e59479d elementor-widget elementor-widget-text-editor\" data-id=\"e59479d\" data-element_type=\"widget\" data-widget_type=\"text-editor.default\">\n\t\t\t\t\t\t\t\t\t<p data-start=\"1085\" data-end=\"1120\"><strong>1. Analiza dhe Strategjia e Nevojave<\/strong><\/p><ul data-start=\"1121\" data-end=\"1304\"><li data-start=\"1121\" data-end=\"1203\"><p data-start=\"1123\" data-end=\"1203\">Do t\u00eb p\u00ebrgatitet nj\u00eb plan zbatimi q\u00eb \u00ebsht\u00eb i p\u00ebrshtatsh\u00ebm p\u00ebr industrin\u00eb, audienc\u00ebn e synuar dhe modelin e biznesit tuaj.<\/p><\/li><li data-start=\"1204\" data-end=\"1304\"><p data-start=\"1206\" data-end=\"1304\">Strategjia e projektit p\u00ebrcaktohet duke marr\u00eb n\u00eb konsiderat\u00eb analiz\u00ebn e konkurrent\u00ebve dhe zakonet e p\u00ebrdoruesve.<\/p><\/li><\/ul><p data-start=\"1306\" data-end=\"1331\"><strong>2. Dizajn UX dhe UI<\/strong><\/p><ul data-start=\"1332\" data-end=\"1473\"><li data-start=\"1332\" data-end=\"1389\"><p data-start=\"1334\" data-end=\"1389\">Krijohen dizajne moderne dhe miq\u00ebsore p\u00ebr p\u00ebrdoruesit.<\/p><\/li><li data-start=\"1390\" data-end=\"1473\"><p data-start=\"1392\" data-end=\"1473\">Nd\u00ebrveprimet specifike p\u00ebr celularin dhe leht\u00ebsia e p\u00ebrdorimit jan\u00eb p\u00ebrpar\u00ebsi.<\/p><\/li><\/ul><p data-start=\"1475\" data-end=\"1502\"><strong>3. Zhvillimi i Softuerit<\/strong><\/p><ul data-start=\"1503\" data-end=\"1660\"><li data-start=\"1503\" data-end=\"1605\"><p data-start=\"1505\" data-end=\"1605\">Zgjidhjet native ose nd\u00ebrplatformore (Flutter, React Native, etj.) jan\u00eb zhvilluar p\u00ebr iOS dhe Android.<\/p><\/li><li data-start=\"1606\" data-end=\"1660\"><p data-start=\"1608\" data-end=\"1660\">Ofrohet nj\u00eb infrastruktur\u00eb e sigurt, e shpejt\u00eb dhe e shkall\u00ebzueshme.<\/p><\/li><\/ul><p data-start=\"1662\" data-end=\"1685\"><strong>4. Integrimet<\/strong><\/p><ul data-start=\"1686\" data-end=\"1794\"><li data-start=\"1686\" data-end=\"1794\"><p data-start=\"1688\" data-end=\"1794\">Proceset e biznesit tuaj jan\u00eb t\u00eb integruara n\u00eb aplikacion p\u00ebrmes CRM, ERP, tregtis\u00eb elektronike, sistemeve t\u00eb pagesave dhe lidhjeve API.<\/p><\/li><\/ul><p data-start=\"1796\" data-end=\"1824\"><strong>5. Testimi dhe Optimizimi<\/strong><\/p><ul data-start=\"1825\" data-end=\"1967\"><li data-start=\"1825\" data-end=\"1903\"><p data-start=\"1827\" data-end=\"1903\">Aplikacioni i n\u00ebnshtrohet testimit t\u00eb holl\u00ebsish\u00ebm n\u00eb pajisje dhe madh\u00ebsi t\u00eb ndryshme t\u00eb ekranit.<\/p><\/li><li data-start=\"1904\" data-end=\"1967\"><p data-start=\"1906\" data-end=\"1967\">Optimizimi b\u00ebhet p\u00ebr t\u00eb p\u00ebrmir\u00ebsuar p\u00ebrvoj\u00ebn e p\u00ebrdoruesit.<\/p><\/li><\/ul><p data-start=\"1969\" data-end=\"1996\"><strong>6. Botim dhe Mb\u00ebshtetje<\/strong><\/p><ul data-start=\"1997\" data-end=\"2133\"><li data-start=\"1997\" data-end=\"2059\"><p data-start=\"1999\" data-end=\"2059\">Aplikacioni do t\u00eb publikohet n\u00eb App Store dhe Google Play Store.<\/p><\/li><li data-start=\"2060\" data-end=\"2133\"><p data-start=\"2062\" data-end=\"2133\">Ofrohen sh\u00ebrbime mir\u00ebmbajtjeje, p\u00ebrdit\u00ebsimesh dhe mb\u00ebshtetjeje teknike pas publikimit.<\/p><\/li><\/ul>\t\t\t\t\t\t\t\t<\/div>\n\t\t\t\t<div class=\"elementor-element elementor-element-303afb6 elementor-widget elementor-widget-heading\" data-id=\"303afb6\" data-element_type=\"widget\" data-widget_type=\"heading.default\">\n\t\t\t\t\t<h2 class=\"elementor-heading-title elementor-size-default\">Pse t\u00eb zgjidhni Agjencin\u00eb Time SEO?<\/h2>\t\t\t\t<\/div>\n\t\t\t\t<div class=\"elementor-element elementor-element-a0666ba elementor-widget elementor-widget-pitoon-business-box\" data-id=\"a0666ba\" data-element_type=\"widget\" data-widget_type=\"pitoon-business-box.default\">\n\t\t\t\t<div class=\"elementor-widget-container\">\n\t\t\t\t\t    <ul class=\"services-details__points list-unstyled ml-0\">\r\n                    <li>\r\n                <div class=\"icon\">\r\n                    <span aria-hidden=\"true\" class=\"icon-copy-writing\"><\/span>                <\/div>\r\n                <div class=\"text\">\r\n                    <p class=\"service-details__business-title\">Vazhdimisht<br>Zhvillimi<\/p>                <\/div>\r\n            <\/li>\r\n                    <li>\r\n                <div class=\"icon\">\r\n                    <span aria-hidden=\"true\" class=\"icon-conversion-rate\"><\/span>                <\/div>\r\n                <div class=\"text\">\r\n                    <p class=\"service-details__business-title service-details__business-title\">Ekspert<br> Stafi<\/p>                <\/div>\r\n            <\/li>\r\n                    <li>\r\n                <div class=\"icon\">\r\n                    <span aria-hidden=\"true\" class=\"icon-world\"><\/span>                <\/div>\r\n                <div class=\"text\">\r\n                    <p class=\"service-details__business-title service-details__business-title service-details__business-title\">Speciale <br> P\u00ebrfaq\u00ebsues<\/p>                <\/div>\r\n            <\/li>\r\n            <\/ul>\r\n\t\t\t\t<\/div>\n\t\t\t\t<\/div>\n\t\t\t\t<div class=\"elementor-element elementor-element-67082a9 elementor-widget elementor-widget-pitoon-benefit-box\" data-id=\"67082a9\" data-element_type=\"widget\" data-widget_type=\"pitoon-benefit-box.default\">\n\t\t\t\t<div class=\"elementor-widget-container\">\n\t\t\t\t\t    <div class=\"services-details__benefit\">\r\n        <div class=\"row\">\r\n            <div class=\"col-xl-6\">\r\n                <div class=\"services-details__benefit-img\">\r\n                    <img decoding=\"async\" src=\"https:\/\/www.seocunuz.com.tr\/wp-content\/uploads\/2023\/05\/services-details-benefit-img.jpg\" alt=\"detajet-e-sh\u00ebrbimeve-e-p\u00ebrfitimit-img\" title=\"detajet-e-sh\u00ebrbimeve-e-p\u00ebrfitimit-img\" >                <\/div>\r\n            <\/div>\r\n            <div class=\"col-xl-6\">\r\n                <div class=\"services-details__benefit-content\">\r\n                    <h3 class=\"services-details__benefit-title\">P\u00ebrpar\u00ebsit\u00eb tona<\/h3><p class=\"services-details__benefit-text\">N\u00eb k\u00ebt\u00eb epok\u00eb t\u00eb p\u00ebrdorimit n\u00eb rritje t\u00eb pajisjeve mobile, mos e lini biznesin tuaj t\u00eb mbetet prapa.<\/p>                    <ul class=\"services-details__benefit-points list-unstyled ml-0\">\r\n                                                    <li>\r\n                                <div class=\"icon\">\r\n                                    <span aria-hidden=\"true\" class=\"fa fa-check\"><\/span>                                <\/div>\r\n                                <div class=\"text\">\r\n                                    <p class=\"\">Mb\u00ebshtetje e dyfisht\u00eb e platform\u00ebs<\/p>                                <\/div>\r\n                            <\/li>\r\n                                                    <li>\r\n                                <div class=\"icon\">\r\n                                    <span aria-hidden=\"true\" class=\"fa fa-check\"><\/span>                                <\/div>\r\n                                <div class=\"text\">\r\n                                    <p class=\"\">Dizajn i leht\u00eb p\u00ebr t\u2019u p\u00ebrdorur<\/p>                                <\/div>\r\n                            <\/li>\r\n                                                    <li>\r\n                                <div class=\"icon\">\r\n                                    <span aria-hidden=\"true\" class=\"fa fa-check\"><\/span>                                <\/div>\r\n                                <div class=\"text\">\r\n                                    <p class=\"\">Mb\u00ebshtetje e Q\u00ebndrueshme<\/p>                                <\/div>\r\n                            <\/li>\r\n                                                    <li>\r\n                                <div class=\"icon\">\r\n                                    <span aria-hidden=\"true\" class=\"fa fa-check\"><\/span>                                <\/div>\r\n                                <div class=\"text\">\r\n                                    <p class=\"\">P\u00ebrvoja n\u00eb Industri<\/p>                                <\/div>\r\n                            <\/li>\r\n                                            <\/ul>\r\n                <\/div>\r\n            <\/div>\r\n        <\/div>\r\n    <\/div>\r\n\t\t\t\t<\/div>\n\t\t\t\t<\/div>\n\t\t\t\t<div class=\"elementor-element elementor-element-d363f50 elementor-widget elementor-widget-pitoon-importance\" data-id=\"d363f50\" data-element_type=\"widget\" data-widget_type=\"pitoon-importance.default\">\n\t\t\t\t<div class=\"elementor-widget-container\">\n\t\t\t\t\t    <div class=\"services-details__importance\">\r\n        <div class=\"services-details__importance-shape-1\">\r\n            <img decoding=\"async\" src=\"https:\/\/www.seocunuz.com.tr\/wp-content\/uploads\/2023\/05\/services-details-importance-shape-1.png\" alt=\"detajet-e-sh\u00ebrbimeve-r\u00ebnd\u00ebsia-forma-1\" title=\"detajet-e-sh\u00ebrbimeve-r\u00ebnd\u00ebsia-forma-1\" >        <\/div>\r\n        <div class=\"services-details__importance-img\">\r\n            <img decoding=\"async\" src=\"https:\/\/www.seocunuz.com.tr\/wp-content\/uploads\/2023\/05\/services-details-importance-img.png\" alt=\"detajet-e-sh\u00ebrbimeve-e-r\u00ebnd\u00ebsis\u00eb-img\" title=\"detajet-e-sh\u00ebrbimeve-e-r\u00ebnd\u00ebsis\u00eb-img\" >        <\/div>\r\n        <div class=\"services-details__importance-title-box\">\r\n            <h3 class=\"services-details__importance-title\">P\u00ebr Zgjidhje t\u00eb P\u00ebrshtatura sipas Nevojave Tuaja <br> Ne po ju presim.<\/h3>                            <div class=\"services-details__importance-btn-box\">\r\n                    <a class=\"services-details__importance-btn\" href=\"tel:+902626061238\"  >NA KONTAKTONI<\/a>                <\/div>\r\n            \r\n        <\/div>\r\n    <\/div>\r\n\t\t\t\t<\/div>\n\t\t\t\t<\/div>\n\t\t\t\t\t<\/div>\n\t\t<\/div>\n\t\t\t\t\t<\/div>\n\t\t<\/section>\n\t\t\t\t<\/div>","protected":false},"excerpt":{"rendered":"<p>Hizmetlerimiz Mobil Uygulama Dijital Pazarlama Grafik Tasar\u0131m Website Geli\u015ftirme Sosyal Medya \u00c7al\u0131\u015fmalar\u0131 SEO \u00c7al\u0131\u015fmalar\u0131 Dijital Pazarlama \u00c7\u00f6z\u00fcmleri mi Ar\u0131yorsunuz? \u0130LET\u0130\u015e\u0130M Tan\u0131t\u0131m Dosya\u0131m\u0131z 2.5 MB Mobil Uygulama Geli\u015ftirme Ak\u0131ll\u0131 telefonlar\u0131n hayat\u0131m\u0131z\u0131n ayr\u0131lmaz bir par\u00e7as\u0131 haline gelmesiyle birlikte, i\u015fletmeler i\u00e7in mobil d\u00fcnyada yer almak b\u00fcy\u00fck bir zorunluluk haline gelmi\u015ftir. Kullan\u0131c\u0131lar\u0131n b\u00fcy\u00fck bir b\u00f6l\u00fcm\u00fc hizmet ve \u00fcr\u00fcnlere mobil [&hellip;]<\/p>","protected":false},"author":1,"featured_media":0,"parent":0,"menu_order":0,"comment_status":"closed","ping_status":"closed","template":"elementor_header_footer","meta":{"footnotes":""},"class_list":["post-90","page","type-page","status-publish","hentry"],"_links":{"self":[{"href":"https:\/\/www.seocunuz.com.tr\/sq\/wp-json\/wp\/v2\/pages\/90","targetHints":{"allow":["GET"]}}],"collection":[{"href":"https:\/\/www.seocunuz.com.tr\/sq\/wp-json\/wp\/v2\/pages"}],"about":[{"href":"https:\/\/www.seocunuz.com.tr\/sq\/wp-json\/wp\/v2\/types\/page"}],"author":[{"embeddable":true,"href":"https:\/\/www.seocunuz.com.tr\/sq\/wp-json\/wp\/v2\/users\/1"}],"replies":[{"embeddable":true,"href":"https:\/\/www.seocunuz.com.tr\/sq\/wp-json\/wp\/v2\/comments?post=90"}],"version-history":[{"count":6,"href":"https:\/\/www.seocunuz.com.tr\/sq\/wp-json\/wp\/v2\/pages\/90\/revisions"}],"predecessor-version":[{"id":3727,"href":"https:\/\/www.seocunuz.com.tr\/sq\/wp-json\/wp\/v2\/pages\/90\/revisions\/3727"}],"wp:attachment":[{"href":"https:\/\/www.seocunuz.com.tr\/sq\/wp-json\/wp\/v2\/media?parent=90"}],"curies":[{"name":"wp","href":"https:\/\/api.w.org\/{rel}","templated":true}]}}