{"id":92,"date":"2023-05-10T12:22:54","date_gmt":"2023-05-10T12:22:54","guid":{"rendered":"http:\/\/pitoonwp.pixydrops.com\/?page_id=92"},"modified":"2025-10-04T13:18:26","modified_gmt":"2025-10-04T10:18:26","slug":"marketing-digjital","status":"publish","type":"page","link":"https:\/\/www.seocunuz.com.tr\/sq\/marketing-digjital\/","title":{"rendered":"Marketing Dixhital"},"content":{"rendered":"<div data-elementor-type=\"wp-page\" data-elementor-id=\"92\" class=\"elementor elementor-92\">\n\t\t\t\t\t\t<section class=\"elementor-section elementor-top-section elementor-element elementor-element-2dc9f5e9 services-details elementor-section-boxed elementor-section-height-default elementor-section-height-default\" data-id=\"2dc9f5e9\" data-element_type=\"section\">\n\t\t\t\t\t\t<div class=\"elementor-container elementor-column-gap-no\">\n\t\t\t\t\t<div class=\"elementor-column elementor-col-50 elementor-top-column elementor-element elementor-element-5ae708e0\" data-id=\"5ae708e0\" data-element_type=\"column\">\n\t\t\t<div class=\"elementor-widget-wrap elementor-element-populated\">\n\t\t\t\t\t\t<div class=\"elementor-element elementor-element-2d291de elementor-widget elementor-widget-sidebar-nav\" data-id=\"2d291de\" data-element_type=\"widget\" data-widget_type=\"sidebar-nav.default\">\n\t\t\t\t<div class=\"elementor-widget-container\">\n\t\t\t\t\t    <div class=\"services-details__services-list\">\r\n                    <div class=\"services-details__services-title\">\r\n                <h3 class=\"\">Sh\u00ebrbimet tona<\/h3>            <\/div>\r\n                            <ul id=\"menu-service-menu\" class=\"services-details__services list-unstyled ml-0\"><li id=\"menu-item-1189\" class=\"menu-item menu-item-type-post_type menu-item-object-page menu-item-1189\"><a href=\"https:\/\/www.seocunuz.com.tr\/sq\/aplikacion-mobil\/\">Aplikacion celular<\/a><\/li>\n<li id=\"menu-item-1187\" class=\"menu-item menu-item-type-post_type menu-item-object-page menu-item-1187\"><a href=\"https:\/\/www.seocunuz.com.tr\/sq\/marketing-digjital\/\">Marketing Dixhital<\/a><\/li>\n<li id=\"menu-item-1188\" class=\"menu-item menu-item-type-post_type menu-item-object-page menu-item-1188\"><a href=\"https:\/\/www.seocunuz.com.tr\/sq\/dizajn-grafik\/\">Dizajn Grafik<\/a><\/li>\n<li id=\"menu-item-1192\" class=\"menu-item menu-item-type-post_type menu-item-object-page menu-item-1192\"><a href=\"https:\/\/www.seocunuz.com.tr\/sq\/zhvillim-website\/\">Zhvillimi i Faqes s\u00eb Internetit<\/a><\/li>\n<li id=\"menu-item-1191\" class=\"menu-item menu-item-type-post_type menu-item-object-page menu-item-1191\"><a href=\"https:\/\/www.seocunuz.com.tr\/sq\/pune-ne-rrjete-sociale\/\">Studime t\u00eb Mediave Sociale<\/a><\/li>\n<li id=\"menu-item-1190\" class=\"menu-item menu-item-type-post_type menu-item-object-page menu-item-1190\"><a href=\"https:\/\/www.seocunuz.com.tr\/sq\/seo-pune\/\">Sh\u00ebrbime SEO<\/a><\/li>\n<\/ul>            <\/div>\r\n\r\n\t\t\t\t<\/div>\n\t\t\t\t<\/div>\n\t\t\t\t<div class=\"elementor-element elementor-element-b7c77db elementor-widget elementor-widget-pitoon-sidebar-banner\" data-id=\"b7c77db\" data-element_type=\"widget\" data-widget_type=\"pitoon-sidebar-banner.default\">\n\t\t\t\t<div class=\"elementor-widget-container\">\n\t\t\t\t\t    <div class=\"banner-one\">\r\n        <div class=\"banner-one__shape-1\">\r\n            <img decoding=\"async\" src=\"https:\/\/www.seocunuz.com.tr\/wp-content\/uploads\/2023\/05\/banner-one-shape-1.png\" alt=\"banner-nj\u00eb-form\u00eb-1\" title=\"banner-nj\u00eb-form\u00eb-1\" >        <\/div>\r\n        <div class=\"banner-one__img\">\r\n            <img decoding=\"async\" src=\"https:\/\/www.seocunuz.com.tr\/wp-content\/uploads\/2023\/05\/banner-one-img.png\" alt=\"banner-nj\u00eb-img\" title=\"banner-nj\u00eb-img\" >        <\/div>\r\n        <h3 class=\"banner-one__title\">Dixhitale <br> Marketing <br> Zgjidhje <br> Po k\u00ebrkoni?<\/h3>                    <div class=\"banner-one__btn-box\">\r\n                <a class=\"banner-one__btn thm-btn\" href=\"\/sq\/iletisim\/\"  >KOMUNIKIM<\/a>            <\/div>\r\n            <\/div>\r\n\r\n\t\t\t\t<\/div>\n\t\t\t\t<\/div>\n\t\t\t\t<div class=\"elementor-element elementor-element-13f83e7 elementor-widget elementor-widget-pitoon-document\" data-id=\"13f83e7\" data-element_type=\"widget\" data-widget_type=\"pitoon-document.default\">\n\t\t\t\t<div class=\"elementor-widget-container\">\n\t\t\t\t\t            <div class=\"services-details__documents\">\r\n            <div class=\"icon\">\r\n                <span aria-hidden=\"true\" class=\"icon-pdf-file\"><\/span>            <\/div>\r\n            <div class=\"content\">\r\n                <h3>\r\n                    <a class=\"\" href=\"http:\/\/www.seocunuz.com.tr\/wp-content\/uploads\/2025\/10\/Time-SEO-Ajansi-Sunum.pdf\"  >Profili yn\u00eb<\/a>                <\/h3>\r\n                <p class=\"\">2.5 MB<\/p>            <\/div>\r\n        <\/div>\r\n    \r\n\t\t\t\t<\/div>\n\t\t\t\t<\/div>\n\t\t\t\t\t<\/div>\n\t\t<\/div>\n\t\t\t\t<div class=\"elementor-column elementor-col-50 elementor-top-column elementor-element elementor-element-1c3f1d4d\" data-id=\"1c3f1d4d\" data-element_type=\"column\">\n\t\t\t<div class=\"elementor-widget-wrap elementor-element-populated\">\n\t\t\t\t\t\t<div class=\"elementor-element elementor-element-7fa6ae87 services-details__img elementor-widget elementor-widget-image\" data-id=\"7fa6ae87\" data-element_type=\"widget\" data-widget_type=\"image.default\">\n\t\t\t\t\t\t\t\t\t\t\t\t\t\t\t<img fetchpriority=\"high\" decoding=\"async\" width=\"770\" height=\"381\" src=\"https:\/\/www.seocunuz.com.tr\/wp-content\/uploads\/2023\/05\/services-details-img-2.jpg\" class=\"attachment-full size-full wp-image-1427\" alt=\"\" srcset=\"https:\/\/www.seocunuz.com.tr\/wp-content\/uploads\/2023\/05\/services-details-img-2.jpg 770w, https:\/\/www.seocunuz.com.tr\/wp-content\/uploads\/2023\/05\/services-details-img-2-570x282.jpg 570w, https:\/\/www.seocunuz.com.tr\/wp-content\/uploads\/2023\/05\/services-details-img-2-300x148.jpg 300w, https:\/\/www.seocunuz.com.tr\/wp-content\/uploads\/2023\/05\/services-details-img-2-768x380.jpg 768w\" sizes=\"(max-width: 770px) 100vw, 770px\" \/>\t\t\t\t\t\t\t\t\t\t\t\t\t\t\t<\/div>\n\t\t\t\t<div class=\"elementor-element elementor-element-6803d468 elementor-widget elementor-widget-heading\" data-id=\"6803d468\" data-element_type=\"widget\" data-widget_type=\"heading.default\">\n\t\t\t\t\t<h2 class=\"elementor-heading-title elementor-size-default\">Marketing Dixhital<\/h2>\t\t\t\t<\/div>\n\t\t\t\t<div class=\"elementor-element elementor-element-3bcdb01 elementor-widget elementor-widget-text-editor\" data-id=\"3bcdb01\" data-element_type=\"widget\" data-widget_type=\"text-editor.default\">\n\t\t\t\t\t\t\t\t\t<p data-pm-slice=\"0 0 []\">Marketingu dixhital \u00ebsht\u00eb m\u00ebnyra m\u00eb efektive q\u00eb markat t\u00eb arrijn\u00eb audienc\u00ebn e tyre t\u00eb synuar. Ju mund t\u00eb informoni m\u00eb shum\u00eb njer\u00ebz rreth mark\u00ebs suaj dhe t\u00eb fitoni m\u00eb shum\u00eb para p\u00ebrmes reklamave. Ne i ndihmojm\u00eb bizneset n\u00eb marketingun e tyre online duke krijuar dhe menaxhuar reklama n\u00eb Google dhe platforma t\u00eb tjera.<\/p><p>Ne duam q\u00eb ju t\u00eb shihni reklamat tona dhe gjithashtu t\u00eb shihni se sa mund t\u00eb kurseni duke i ricikluar ato. Ne e b\u00ebjm\u00eb k\u00ebt\u00eb duke ju ndihmuar t\u00eb p\u00ebrdorni parat\u00eb tuaja me men\u00e7uri dhe duke u siguruar q\u00eb t\u00eb merrni rezultate t\u00eb mira.<\/p>\t\t\t\t\t\t\t\t<\/div>\n\t\t\t\t<div class=\"elementor-element elementor-element-2cd95c18 elementor-widget elementor-widget-text-editor\" data-id=\"2cd95c18\" data-element_type=\"widget\" data-widget_type=\"text-editor.default\">\n\t\t\t\t\t\t\t\t\t<p>\u00c7far\u00eb p\u00ebrfitoni nga marketingu dixhital?<\/p>\t\t\t\t\t\t\t\t<\/div>\n\t\t\t\t<div class=\"elementor-element elementor-element-2d473bd1 elementor-widget elementor-widget-text-editor\" data-id=\"2d473bd1\" data-element_type=\"widget\" data-widget_type=\"text-editor.default\">\n\t\t\t\t\t\t\t\t\t<ul><li data-start=\"888\" data-end=\"985\"><p data-start=\"890\" data-end=\"985\"><strong data-start=\"890\" data-end=\"921\">Konvertim i shpejt\u00eb me Google Ads:<\/strong> Konvertim i shpejt\u00eb dhe efektiv me modele reklamimi t\u00eb p\u00ebrshtatura p\u00ebr fush\u00ebn tuaj t\u00eb interesit.<\/p><\/li><li data-start=\"986\" data-end=\"1102\"><p data-start=\"988\" data-end=\"1102\"><strong data-start=\"988\" data-end=\"1016\">Reklamimi n\u00eb mediat sociale:<\/strong> Ne arrijm\u00eb miliona me mark\u00ebn tuaj dhe rrisim konvertimet p\u00ebrmes reklamave n\u00eb Facebook, Instagram, TikTok dhe LinkedIn.<\/p><\/li><li data-start=\"1103\" data-end=\"1224\"><p data-start=\"1105\" data-end=\"1224\"><strong data-start=\"1105\" data-end=\"1134\">Fushatat e remarketingut:<\/strong> Rritni konvertimet e shitjeve duke ritargetuar p\u00ebrdoruesit q\u00eb vizitojn\u00eb faqen tuaj.<\/p><\/li><li data-start=\"1225\" data-end=\"1340\"><p data-start=\"1227\" data-end=\"1340\"><strong data-start=\"1227\" data-end=\"1256\">Reklama me video dhe imazhe:<\/strong> Tregoni historin\u00eb e mark\u00ebs suaj me pamje t\u00eb fuqishme p\u00ebrmes YouTube dhe reklamave n\u00eb ekran.<\/p><\/li><li data-start=\"1341\" data-end=\"1448\"><p data-start=\"1343\" data-end=\"1448\"><strong data-start=\"1343\" data-end=\"1371\">Strategjia e Orientuar drejt Transformimit:<\/strong> Ne planifikojm\u00eb fushata q\u00eb gjenerojn\u00eb jo vet\u00ebm vizitor\u00eb, por edhe klient\u00eb t\u00eb v\u00ebrtet\u00eb.<\/p><\/li><\/ul>\t\t\t\t\t\t\t\t<\/div>\n\t\t\t\t<div class=\"elementor-element elementor-element-6877b05 elementor-widget elementor-widget-heading\" data-id=\"6877b05\" data-element_type=\"widget\" data-widget_type=\"heading.default\">\n\t\t\t\t\t<h2 class=\"elementor-heading-title elementor-size-default\">Pse i kushtoni koh\u00eb SEO-s?<\/h2>\t\t\t\t<\/div>\n\t\t\t\t<div class=\"elementor-element elementor-element-712dda2 elementor-widget elementor-widget-pitoon-benefit-box\" data-id=\"712dda2\" data-element_type=\"widget\" data-widget_type=\"pitoon-benefit-box.default\">\n\t\t\t\t<div class=\"elementor-widget-container\">\n\t\t\t\t\t    <div class=\"services-details__benefit\">\r\n        <div class=\"row\">\r\n            <div class=\"col-xl-6\">\r\n                <div class=\"services-details__benefit-img\">\r\n                    <img decoding=\"async\" src=\"https:\/\/www.seocunuz.com.tr\/wp-content\/uploads\/2023\/05\/services-details-benefit-img.jpg\" alt=\"detajet-e-sh\u00ebrbimeve-e-p\u00ebrfitimit-img\" title=\"detajet-e-sh\u00ebrbimeve-e-p\u00ebrfitimit-img\" >                <\/div>\r\n            <\/div>\r\n            <div class=\"col-xl-6\">\r\n                <div class=\"services-details__benefit-content\">\r\n                    <h3 class=\"services-details__benefit-title\">Avantazhet e P\u00ebrpjekjeve t\u00eb Marketingut Dixhital<\/h3><p class=\"services-details__benefit-text\">Suksesi nuk \u00ebsht\u00eb larg me Time SEO.<\/p>                    <ul class=\"services-details__benefit-points list-unstyled ml-0\">\r\n                                                    <li>\r\n                                <div class=\"icon\">\r\n                                    <span aria-hidden=\"true\" class=\"fa fa-check\"><\/span>                                <\/div>\r\n                                <div class=\"text\">\r\n                                    <p class=\"\">Norma m\u00eb t\u00eb ul\u00ebta t\u00eb CBM-s\u00eb<\/p>                                <\/div>\r\n                            <\/li>\r\n                                                    <li>\r\n                                <div class=\"icon\">\r\n                                    <span aria-hidden=\"true\" class=\"fa fa-check\"><\/span>                                <\/div>\r\n                                <div class=\"text\">\r\n                                    <p class=\"\">ROI i Lart\u00eb (Shkall\u00eb e Lart\u00eb e Konvertimit)<\/p>                                <\/div>\r\n                            <\/li>\r\n                                                    <li>\r\n                                <div class=\"icon\">\r\n                                    <span aria-hidden=\"true\" class=\"fa fa-check\"><\/span>                                <\/div>\r\n                                <div class=\"text\">\r\n                                    <p class=\"\">Sukses dhe Stabilitet i Q\u00ebndruesh\u00ebm<\/p>                                <\/div>\r\n                            <\/li>\r\n                                                    <li>\r\n                                <div class=\"icon\">\r\n                                    <span aria-hidden=\"true\" class=\"fa fa-check\"><\/span>                                <\/div>\r\n                                <div class=\"text\">\r\n                                    <p class=\"\">Imazh m\u00eb i fort\u00eb i mark\u00ebs<\/p>                                <\/div>\r\n                            <\/li>\r\n                                            <\/ul>\r\n                <\/div>\r\n            <\/div>\r\n        <\/div>\r\n    <\/div>\r\n\t\t\t\t<\/div>\n\t\t\t\t<\/div>\n\t\t\t\t<div class=\"elementor-element elementor-element-cc57124 elementor-widget elementor-widget-pitoon-importance\" data-id=\"cc57124\" data-element_type=\"widget\" data-widget_type=\"pitoon-importance.default\">\n\t\t\t\t<div class=\"elementor-widget-container\">\n\t\t\t\t\t    <div class=\"services-details__importance\">\r\n        <div class=\"services-details__importance-shape-1\">\r\n            <img decoding=\"async\" src=\"https:\/\/www.seocunuz.com.tr\/wp-content\/uploads\/2023\/05\/services-details-importance-shape-1.png\" alt=\"detajet-e-sh\u00ebrbimeve-r\u00ebnd\u00ebsia-forma-1\" title=\"detajet-e-sh\u00ebrbimeve-r\u00ebnd\u00ebsia-forma-1\" >        <\/div>\r\n        <div class=\"services-details__importance-img\">\r\n            <img decoding=\"async\" src=\"https:\/\/www.seocunuz.com.tr\/wp-content\/uploads\/2023\/05\/services-details-importance-img.png\" alt=\"detajet-e-sh\u00ebrbimeve-e-r\u00ebnd\u00ebsis\u00eb-img\" title=\"detajet-e-sh\u00ebrbimeve-e-r\u00ebnd\u00ebsis\u00eb-img\" >        <\/div>\r\n        <div class=\"services-details__importance-title-box\">\r\n            <h3 class=\"services-details__importance-title\">P\u00ebr Zgjidhje t\u00eb P\u00ebrshtatura sipas Nevojave Tuaja <br> Ne po ju presim.<\/h3>                            <div class=\"services-details__importance-btn-box\">\r\n                    <a class=\"services-details__importance-btn\" href=\"tel:+902626061238\"  >NA KONTAKTONI<\/a>                <\/div>\r\n            \r\n        <\/div>\r\n    <\/div>\r\n\t\t\t\t<\/div>\n\t\t\t\t<\/div>\n\t\t\t\t\t<\/div>\n\t\t<\/div>\n\t\t\t\t\t<\/div>\n\t\t<\/section>\n\t\t\t\t<\/div>","protected":false},"excerpt":{"rendered":"<p>Hizmetlerimiz Mobil Uygulama Dijital Pazarlama Grafik Tasar\u0131m Website Geli\u015ftirme Sosyal Medya \u00c7al\u0131\u015fmalar\u0131 SEO \u00c7al\u0131\u015fmalar\u0131 Dijital Pazarlama \u00c7\u00f6z\u00fcmleri mi Ar\u0131yorsunuz? \u0130LET\u0130\u015e\u0130M Tan\u0131t\u0131m Dosya\u0131m\u0131z 2.5 MB Dijital Pazarlama Dijital pazarlama, markalar\u0131n hedef kitlelerine ula\u015fmalar\u0131 i\u00e7in en etkili y\u00f6ntemdir. Daha fazla insan\u0131 markan\u0131z hakk\u0131nda bilgilendirebilir ve reklam yaparak daha fazla para kazanabilirsiniz. Google ve di\u011fer platformlarda reklam olu\u015fturarak [&hellip;]<\/p>","protected":false},"author":1,"featured_media":0,"parent":0,"menu_order":0,"comment_status":"closed","ping_status":"closed","template":"elementor_header_footer","meta":{"footnotes":""},"class_list":["post-92","page","type-page","status-publish","hentry"],"_links":{"self":[{"href":"https:\/\/www.seocunuz.com.tr\/sq\/wp-json\/wp\/v2\/pages\/92","targetHints":{"allow":["GET"]}}],"collection":[{"href":"https:\/\/www.seocunuz.com.tr\/sq\/wp-json\/wp\/v2\/pages"}],"about":[{"href":"https:\/\/www.seocunuz.com.tr\/sq\/wp-json\/wp\/v2\/types\/page"}],"author":[{"embeddable":true,"href":"https:\/\/www.seocunuz.com.tr\/sq\/wp-json\/wp\/v2\/users\/1"}],"replies":[{"embeddable":true,"href":"https:\/\/www.seocunuz.com.tr\/sq\/wp-json\/wp\/v2\/comments?post=92"}],"version-history":[{"count":9,"href":"https:\/\/www.seocunuz.com.tr\/sq\/wp-json\/wp\/v2\/pages\/92\/revisions"}],"predecessor-version":[{"id":3699,"href":"https:\/\/www.seocunuz.com.tr\/sq\/wp-json\/wp\/v2\/pages\/92\/revisions\/3699"}],"wp:attachment":[{"href":"https:\/\/www.seocunuz.com.tr\/sq\/wp-json\/wp\/v2\/media?parent=92"}],"curies":[{"name":"wp","href":"https:\/\/api.w.org\/{rel}","templated":true}]}}