{"id":96,"date":"2023-05-10T12:24:56","date_gmt":"2023-05-10T12:24:56","guid":{"rendered":"http:\/\/pitoonwp.pixydrops.com\/?page_id=96"},"modified":"2025-10-04T13:33:19","modified_gmt":"2025-10-04T10:33:19","slug":"zhvillim-website","status":"publish","type":"page","link":"https:\/\/www.seocunuz.com.tr\/sq\/zhvillim-website\/","title":{"rendered":"Zhvillimi i Faqes s\u00eb Internetit"},"content":{"rendered":"<div data-elementor-type=\"wp-page\" data-elementor-id=\"96\" class=\"elementor elementor-96\">\n\t\t\t\t\t\t<section class=\"elementor-section elementor-top-section elementor-element elementor-element-31d3a19b services-details elementor-section-boxed elementor-section-height-default elementor-section-height-default\" data-id=\"31d3a19b\" data-element_type=\"section\">\n\t\t\t\t\t\t<div class=\"elementor-container elementor-column-gap-no\">\n\t\t\t\t\t<div class=\"elementor-column elementor-col-50 elementor-top-column elementor-element elementor-element-189ed839\" data-id=\"189ed839\" data-element_type=\"column\">\n\t\t\t<div class=\"elementor-widget-wrap elementor-element-populated\">\n\t\t\t\t\t\t<div class=\"elementor-element elementor-element-3e6fc74 elementor-widget elementor-widget-sidebar-nav\" data-id=\"3e6fc74\" data-element_type=\"widget\" data-widget_type=\"sidebar-nav.default\">\n\t\t\t\t<div class=\"elementor-widget-container\">\n\t\t\t\t\t    <div class=\"services-details__services-list\">\r\n                    <div class=\"services-details__services-title\">\r\n                <h3 class=\"\">Sh\u00ebrbimet tona<\/h3>            <\/div>\r\n                            <ul id=\"menu-service-menu\" class=\"services-details__services list-unstyled ml-0\"><li id=\"menu-item-1189\" class=\"menu-item menu-item-type-post_type menu-item-object-page menu-item-1189\"><a href=\"https:\/\/www.seocunuz.com.tr\/sq\/aplikacion-mobil\/\">Aplikacion celular<\/a><\/li>\n<li id=\"menu-item-1187\" class=\"menu-item menu-item-type-post_type menu-item-object-page menu-item-1187\"><a href=\"https:\/\/www.seocunuz.com.tr\/sq\/marketing-digjital\/\">Marketing Dixhital<\/a><\/li>\n<li id=\"menu-item-1188\" class=\"menu-item menu-item-type-post_type menu-item-object-page menu-item-1188\"><a href=\"https:\/\/www.seocunuz.com.tr\/sq\/dizajn-grafik\/\">Dizajn Grafik<\/a><\/li>\n<li id=\"menu-item-1192\" class=\"menu-item menu-item-type-post_type menu-item-object-page menu-item-1192\"><a href=\"https:\/\/www.seocunuz.com.tr\/sq\/zhvillim-website\/\">Zhvillimi i Faqes s\u00eb Internetit<\/a><\/li>\n<li id=\"menu-item-1191\" class=\"menu-item menu-item-type-post_type menu-item-object-page menu-item-1191\"><a href=\"https:\/\/www.seocunuz.com.tr\/sq\/pune-ne-rrjete-sociale\/\">Studime t\u00eb Mediave Sociale<\/a><\/li>\n<li id=\"menu-item-1190\" class=\"menu-item menu-item-type-post_type menu-item-object-page menu-item-1190\"><a href=\"https:\/\/www.seocunuz.com.tr\/sq\/seo-pune\/\">Sh\u00ebrbime SEO<\/a><\/li>\n<\/ul>            <\/div>\r\n\r\n\t\t\t\t<\/div>\n\t\t\t\t<\/div>\n\t\t\t\t<div class=\"elementor-element elementor-element-d2e1224 elementor-widget elementor-widget-pitoon-sidebar-banner\" data-id=\"d2e1224\" data-element_type=\"widget\" data-widget_type=\"pitoon-sidebar-banner.default\">\n\t\t\t\t<div class=\"elementor-widget-container\">\n\t\t\t\t\t    <div class=\"banner-one\">\r\n        <div class=\"banner-one__shape-1\">\r\n            <img decoding=\"async\" src=\"https:\/\/www.seocunuz.com.tr\/wp-content\/uploads\/2023\/05\/banner-one-shape-1.png\" alt=\"banner-nj\u00eb-form\u00eb-1\" title=\"banner-nj\u00eb-form\u00eb-1\" >        <\/div>\r\n        <div class=\"banner-one__img\">\r\n            <img decoding=\"async\" src=\"https:\/\/www.seocunuz.com.tr\/wp-content\/uploads\/2023\/05\/banner-one-img.png\" alt=\"banner-nj\u00eb-img\" title=\"banner-nj\u00eb-img\" >        <\/div>\r\n        <h3 class=\"banner-one__title\">Dixhitale <br> Marketing <br> Zgjidhje <br> Po k\u00ebrkoni?<\/h3>                    <div class=\"banner-one__btn-box\">\r\n                <a class=\"banner-one__btn thm-btn\" href=\"\/sq\/iletisim\/\"  >KOMUNIKIM<\/a>            <\/div>\r\n            <\/div>\r\n\r\n\t\t\t\t<\/div>\n\t\t\t\t<\/div>\n\t\t\t\t<div class=\"elementor-element elementor-element-c0ce9cd elementor-widget elementor-widget-pitoon-document\" data-id=\"c0ce9cd\" data-element_type=\"widget\" data-widget_type=\"pitoon-document.default\">\n\t\t\t\t<div class=\"elementor-widget-container\">\n\t\t\t\t\t            <div class=\"services-details__documents\">\r\n            <div class=\"icon\">\r\n                <span aria-hidden=\"true\" class=\"icon-pdf-file\"><\/span>            <\/div>\r\n            <div class=\"content\">\r\n                <h3>\r\n                    <a class=\"\" href=\"http:\/\/www.seocunuz.com.tr\/wp-content\/uploads\/2025\/10\/Time-SEO-Ajansi-Sunum.pdf\"  >Profili yn\u00eb<\/a>                <\/h3>\r\n                <p class=\"\">2.5 MB<\/p>            <\/div>\r\n        <\/div>\r\n    \r\n\t\t\t\t<\/div>\n\t\t\t\t<\/div>\n\t\t\t\t\t<\/div>\n\t\t<\/div>\n\t\t\t\t<div class=\"elementor-column elementor-col-50 elementor-top-column elementor-element elementor-element-2d448f48\" data-id=\"2d448f48\" data-element_type=\"column\">\n\t\t\t<div class=\"elementor-widget-wrap elementor-element-populated\">\n\t\t\t\t\t\t<div class=\"elementor-element elementor-element-6af82a6 services-details__img elementor-widget elementor-widget-image\" data-id=\"6af82a6\" data-element_type=\"widget\" data-widget_type=\"image.default\">\n\t\t\t\t\t\t\t\t\t\t\t\t\t\t\t<img fetchpriority=\"high\" decoding=\"async\" width=\"770\" height=\"381\" src=\"https:\/\/www.seocunuz.com.tr\/wp-content\/uploads\/2023\/05\/services-details-img-4.jpg\" class=\"attachment-full size-full wp-image-1443\" alt=\"\" srcset=\"https:\/\/www.seocunuz.com.tr\/wp-content\/uploads\/2023\/05\/services-details-img-4.jpg 770w, https:\/\/www.seocunuz.com.tr\/wp-content\/uploads\/2023\/05\/services-details-img-4-570x282.jpg 570w, https:\/\/www.seocunuz.com.tr\/wp-content\/uploads\/2023\/05\/services-details-img-4-300x148.jpg 300w, https:\/\/www.seocunuz.com.tr\/wp-content\/uploads\/2023\/05\/services-details-img-4-768x380.jpg 768w\" sizes=\"(max-width: 770px) 100vw, 770px\" \/>\t\t\t\t\t\t\t\t\t\t\t\t\t\t\t<\/div>\n\t\t\t\t<div class=\"elementor-element elementor-element-5c13db11 elementor-widget elementor-widget-heading\" data-id=\"5c13db11\" data-element_type=\"widget\" data-widget_type=\"heading.default\">\n\t\t\t\t\t<h2 class=\"elementor-heading-title elementor-size-default\">Zhvillimi i Faqes s\u00eb Internetit<\/h2>\t\t\t\t<\/div>\n\t\t\t\t<div class=\"elementor-element elementor-element-628abb4d elementor-widget elementor-widget-text-editor\" data-id=\"628abb4d\" data-element_type=\"widget\" data-widget_type=\"text-editor.default\">\n\t\t\t\t\t\t\t\t\t<p>Nj\u00eb biznes ka nevoj\u00eb p\u00ebr nj\u00eb faqe interneti t\u00eb mir\u00eb p\u00ebr t\u00eb demonstruar pranin\u00eb e tij n\u00eb internet. Nj\u00eb dizajn i mir\u00eb nuk mjafton; ju gjithashtu duhet ta b\u00ebni faqen tuaj t\u00eb internetit t\u00eb shpejt\u00eb, t\u00eb leht\u00eb p\u00ebr t\u2019u p\u00ebrdorur n\u00eb pajisjet mobile dhe t\u00eb optimizuar p\u00ebr motor\u00ebt e k\u00ebrkimit. <strong>Zhvillimi i faqes s\u00eb internetit<\/strong> Ne mund t&#039;ju ndihmojm\u00eb me faqen tuaj t\u00eb internetit kur keni nevoj\u00eb p\u00ebr sh\u00ebrbimet tona. Ne duam t\u00eb krijojm\u00eb nj\u00eb faqe interneti q\u00eb p\u00ebrputhet me vizionin e mark\u00ebs suaj dhe ju ndihmon t\u00eb arrini q\u00ebllimet tuaja afatgjata.<\/p>\t\t\t\t\t\t\t\t<\/div>\n\t\t\t\t<div class=\"elementor-element elementor-element-b5256b6 elementor-widget elementor-widget-text-editor\" data-id=\"b5256b6\" data-element_type=\"widget\" data-widget_type=\"text-editor.default\">\n\t\t\t\t\t\t\t\t\t<p>\u00c7far\u00eb ofrojm\u00eb ne me Dizajnin dhe Zhvillimin e Faqeve t\u00eb Internetit?<\/p>\t\t\t\t\t\t\t\t<\/div>\n\t\t\t\t<div class=\"elementor-element elementor-element-2c32781c elementor-widget elementor-widget-text-editor\" data-id=\"2c32781c\" data-element_type=\"widget\" data-widget_type=\"text-editor.default\">\n\t\t\t\t\t\t\t\t\t<p>Ne krijojm\u00eb pamje vizuale miq\u00ebsore p\u00ebr p\u00ebrdoruesit, q\u00eb ndjekin trendet, t\u00eb cilat p\u00ebrputhen me mark\u00ebn tuaj. Dizajni i faqes son\u00eb t\u00eb internetit \u00ebsht\u00eb i p\u00ebrgjegjsh\u00ebm, q\u00eb do t\u00eb thot\u00eb se p\u00ebrshtatet mir\u00eb me pajisje t\u00eb ndryshme. Duket bukur dhe funksionon mir\u00eb n\u00eb telefona, tableta dhe kompjutera. Ne zhvillojm\u00eb softuer q\u00eb ndjek rregullat e SEO-s\u00eb teknike p\u00ebr t&#039;u renditur m\u00eb lart n\u00eb motor\u00ebt e k\u00ebrkimit. Kur i ngarkoni faqet tuaja m\u00eb shpejt, i b\u00ebni p\u00ebrdoruesit tuaj m\u00eb t\u00eb lumtur dhe renditjen tuaj n\u00eb Google m\u00eb t\u00eb mir\u00eb. Ne ju ndihmojm\u00eb t\u00eb krijoni dyqane online ku mund t&#039;i shisni produktet tuaja n\u00eb m\u00ebnyr\u00eb t\u00eb sigurt dhe t\u00eb p\u00ebrshtatshme.<br \/>Sisteme t\u00eb Integruara: CRM, infrastruktura e pagesave, marketingu me email dhe zgjidhje t\u00eb pal\u00ebve t\u00eb treta, si\u00e7 \u00ebsht\u00eb integrimi me faqen tuaj t\u00eb internetit.<\/p>\t\t\t\t\t\t\t\t<\/div>\n\t\t\t\t<div class=\"elementor-element elementor-element-f48d07 elementor-widget elementor-widget-heading\" data-id=\"f48d07\" data-element_type=\"widget\" data-widget_type=\"heading.default\">\n\t\t\t\t\t<h2 class=\"elementor-heading-title elementor-size-default\">Pse t\u00eb zgjidhni Time SEO p\u00ebr Dizajnin e Faqes s\u00eb Internetit?<\/h2>\t\t\t\t<\/div>\n\t\t\t\t<div class=\"elementor-element elementor-element-3635f613 elementor-widget elementor-widget-pitoon-business-box\" data-id=\"3635f613\" data-element_type=\"widget\" data-widget_type=\"pitoon-business-box.default\">\n\t\t\t\t<div class=\"elementor-widget-container\">\n\t\t\t\t\t    <ul class=\"services-details__points list-unstyled ml-0\">\r\n                    <li>\r\n                <div class=\"icon\">\r\n                    <span aria-hidden=\"true\" class=\"icon-copy-writing\"><\/span>                <\/div>\r\n                <div class=\"text\">\r\n                    <p class=\"service-details__business-title\">Transformimi<br> Qasje e fokusuar<\/p>                <\/div>\r\n            <\/li>\r\n                    <li>\r\n                <div class=\"icon\">\r\n                    <span aria-hidden=\"true\" class=\"icon-conversion-rate\"><\/span>                <\/div>\r\n                <div class=\"text\">\r\n                    <p class=\"service-details__business-title service-details__business-title\">Shpejt\u00ebsia<br> Siguria<\/p>                <\/div>\r\n            <\/li>\r\n                    <li>\r\n                <div class=\"icon\">\r\n                    <span aria-hidden=\"true\" class=\"icon-world\"><\/span>                <\/div>\r\n                <div class=\"text\">\r\n                    <p class=\"service-details__business-title service-details__business-title service-details__business-title\">Shum\u00ebgjuh\u00ebsh <br> Harmonia Globale<\/p>                <\/div>\r\n            <\/li>\r\n            <\/ul>\r\n\t\t\t\t<\/div>\n\t\t\t\t<\/div>\n\t\t\t\t<div class=\"elementor-element elementor-element-faff87a elementor-widget elementor-widget-pitoon-benefit-box\" data-id=\"faff87a\" data-element_type=\"widget\" data-widget_type=\"pitoon-benefit-box.default\">\n\t\t\t\t<div class=\"elementor-widget-container\">\n\t\t\t\t\t    <div class=\"services-details__benefit\">\r\n        <div class=\"row\">\r\n            <div class=\"col-xl-6\">\r\n                <div class=\"services-details__benefit-img\">\r\n                    <img decoding=\"async\" src=\"https:\/\/www.seocunuz.com.tr\/wp-content\/uploads\/2023\/05\/services-details-benefit-img.jpg\" alt=\"detajet-e-sh\u00ebrbimeve-e-p\u00ebrfitimit-img\" title=\"detajet-e-sh\u00ebrbimeve-e-p\u00ebrfitimit-img\" >                <\/div>\r\n            <\/div>\r\n            <div class=\"col-xl-6\">\r\n                <div class=\"services-details__benefit-content\">\r\n                    <h3 class=\"services-details__benefit-title\">P\u00ebrpar\u00ebsit\u00eb tona<\/h3><p class=\"services-details__benefit-text\">Agjencia Time SEO \u00ebsht\u00eb me ju p\u00ebr rezultatet m\u00eb t\u00eb mira.<\/p>                    <ul class=\"services-details__benefit-points list-unstyled ml-0\">\r\n                                                    <li>\r\n                                <div class=\"icon\">\r\n                                    <span aria-hidden=\"true\" class=\"fa fa-check\"><\/span>                                <\/div>\r\n                                <div class=\"text\">\r\n                                    <p class=\"\">Imazhi Profesional i Mark\u00ebs<\/p>                                <\/div>\r\n                            <\/li>\r\n                                                    <li>\r\n                                <div class=\"icon\">\r\n                                    <span aria-hidden=\"true\" class=\"fa fa-check\"><\/span>                                <\/div>\r\n                                <div class=\"text\">\r\n                                    <p class=\"\">Struktur\u00eb miq\u00ebsore me SEO-n\u00eb<\/p>                                <\/div>\r\n                            <\/li>\r\n                                                    <li>\r\n                                <div class=\"icon\">\r\n                                    <span aria-hidden=\"true\" class=\"fa fa-check\"><\/span>                                <\/div>\r\n                                <div class=\"text\">\r\n                                    <p class=\"\">Gjuha aktuale e programimit <\/p>                                <\/div>\r\n                            <\/li>\r\n                                                    <li>\r\n                                <div class=\"icon\">\r\n                                    <span aria-hidden=\"true\" class=\"fa fa-check\"><\/span>                                <\/div>\r\n                                <div class=\"text\">\r\n                                    <p class=\"\">Infrastruktur\u00eb e mund\u00ebsuar nga inteligjenca artificiale<\/p>                                <\/div>\r\n                            <\/li>\r\n                                            <\/ul>\r\n                <\/div>\r\n            <\/div>\r\n        <\/div>\r\n    <\/div>\r\n\t\t\t\t<\/div>\n\t\t\t\t<\/div>\n\t\t\t\t<div class=\"elementor-element elementor-element-331637fe elementor-widget elementor-widget-pitoon-importance\" data-id=\"331637fe\" data-element_type=\"widget\" data-widget_type=\"pitoon-importance.default\">\n\t\t\t\t<div class=\"elementor-widget-container\">\n\t\t\t\t\t    <div class=\"services-details__importance\">\r\n        <div class=\"services-details__importance-shape-1\">\r\n            <img decoding=\"async\" src=\"https:\/\/www.seocunuz.com.tr\/wp-content\/uploads\/2023\/05\/services-details-importance-shape-1.png\" alt=\"detajet-e-sh\u00ebrbimeve-r\u00ebnd\u00ebsia-forma-1\" title=\"detajet-e-sh\u00ebrbimeve-r\u00ebnd\u00ebsia-forma-1\" >        <\/div>\r\n        <div class=\"services-details__importance-img\">\r\n            <img decoding=\"async\" src=\"https:\/\/www.seocunuz.com.tr\/wp-content\/uploads\/2023\/05\/services-details-importance-img.png\" alt=\"detajet-e-sh\u00ebrbimeve-e-r\u00ebnd\u00ebsis\u00eb-img\" title=\"detajet-e-sh\u00ebrbimeve-e-r\u00ebnd\u00ebsis\u00eb-img\" >        <\/div>\r\n        <div class=\"services-details__importance-title-box\">\r\n            <h3 class=\"services-details__importance-title\">P\u00ebr Zgjidhje t\u00eb P\u00ebrshtatura sipas Nevojave Tuaja <br> Ne po ju presim.<\/h3>                            <div class=\"services-details__importance-btn-box\">\r\n                    <a class=\"services-details__importance-btn\" href=\"tel:+902626061238\"  >NA KONTAKTONI<\/a>                <\/div>\r\n            \r\n        <\/div>\r\n    <\/div>\r\n\t\t\t\t<\/div>\n\t\t\t\t<\/div>\n\t\t\t\t\t<\/div>\n\t\t<\/div>\n\t\t\t\t\t<\/div>\n\t\t<\/section>\n\t\t\t\t<\/div>","protected":false},"excerpt":{"rendered":"<p>Hizmetlerimiz Mobil Uygulama Dijital Pazarlama Grafik Tasar\u0131m Website Geli\u015ftirme Sosyal Medya \u00c7al\u0131\u015fmalar\u0131 SEO \u00c7al\u0131\u015fmalar\u0131 Dijital Pazarlama \u00c7\u00f6z\u00fcmleri mi Ar\u0131yorsunuz? \u0130LET\u0130\u015e\u0130M Tan\u0131t\u0131m Dosya\u0131m\u0131z 2.5 MB Website Geli\u015ftirme Bir i\u015fletmenin \u00e7evrimi\u00e7i olduklar\u0131n\u0131 g\u00f6stermek i\u00e7in iyi bir web sitesine ihtiyac\u0131 vard\u0131r. \u0130yi bir tasar\u0131m yeterli de\u011fildir; Ayr\u0131ca web sitenizi h\u0131zl\u0131, mobil cihazlarda kullan\u0131m\u0131 kolay ve arama motorlar\u0131 i\u00e7in [&hellip;]<\/p>","protected":false},"author":1,"featured_media":0,"parent":0,"menu_order":0,"comment_status":"closed","ping_status":"closed","template":"","meta":{"footnotes":""},"class_list":["post-96","page","type-page","status-publish","hentry"],"_links":{"self":[{"href":"https:\/\/www.seocunuz.com.tr\/sq\/wp-json\/wp\/v2\/pages\/96","targetHints":{"allow":["GET"]}}],"collection":[{"href":"https:\/\/www.seocunuz.com.tr\/sq\/wp-json\/wp\/v2\/pages"}],"about":[{"href":"https:\/\/www.seocunuz.com.tr\/sq\/wp-json\/wp\/v2\/types\/page"}],"author":[{"embeddable":true,"href":"https:\/\/www.seocunuz.com.tr\/sq\/wp-json\/wp\/v2\/users\/1"}],"replies":[{"embeddable":true,"href":"https:\/\/www.seocunuz.com.tr\/sq\/wp-json\/wp\/v2\/comments?post=96"}],"version-history":[{"count":6,"href":"https:\/\/www.seocunuz.com.tr\/sq\/wp-json\/wp\/v2\/pages\/96\/revisions"}],"predecessor-version":[{"id":3737,"href":"https:\/\/www.seocunuz.com.tr\/sq\/wp-json\/wp\/v2\/pages\/96\/revisions\/3737"}],"wp:attachment":[{"href":"https:\/\/www.seocunuz.com.tr\/sq\/wp-json\/wp\/v2\/media?parent=96"}],"curies":[{"name":"wp","href":"https:\/\/api.w.org\/{rel}","templated":true}]}}